{"id":41927,"date":"2026-03-30T14:24:35","date_gmt":"2026-03-30T13:24:35","guid":{"rendered":"https:\/\/bigbuy.tupique.com\/produto\/tablet-lenovo-idea-tab-11-11-octa-core-8-gb-ram-256-gb-grey\/"},"modified":"2026-05-11T19:55:48","modified_gmt":"2026-05-11T17:55:48","slug":"tablet-lenovo-idea-tab-11-11-octa-core-8-gb-ram-256-gb-grey","status":"publish","type":"product","link":"https:\/\/bigbuy.tupique.com\/en\/produto\/tablet-lenovo-idea-tab-11-11-octa-core-8-gb-ram-256-gb-grey\/","title":{"rendered":"Tablette Lenovo Idea Tab 11 11&#8243; Octa Core 8 GB RAM 256 GB Gris"},"content":{"rendered":"<p>Si vous \u00eates passionn\u00e9 d&#8217;<b>informatique et d&#8217;\u00e9lectronique<\/b>, si vous \u00eates \u00e0 la pointe de la technologie et qu&#8217;aucun d\u00e9tail ne vous \u00e9chappe, achetez <b>Tablette Lenovo Idea Tab 11 11&#8243; Octa Core 8 GB RAM 256 GB Gris<\/b> au meilleur prix.<\/p>\n<p>La <b>Lenovo ZAFM0169SE<\/b> est une <b>tablette<\/b> con\u00e7ue pour offrir un \u00e9quilibre optimal entre productivit\u00e9 et divertissement, se distinguant par sa structure en <b>m\u00e9tal gris<\/b> et une excellente robustesse gr\u00e2ce \u00e0 sa <b>r\u00e9sistance \u00e0 l\u2019eau et \u00e0 la poussi\u00e8re<\/b>, assurant une durabilit\u00e9 accrue au quotidien ou en d\u00e9placement. Dot\u00e9e d\u2019un <b>\u00e9cran de 11 pouces<\/b>, elle garantit un affichage confortable et net pour le multim\u00e9dia comme pour les t\u00e2ches scolaires ou professionnelles. Sa <b>m\u00e9moire RAM de 8 Go<\/b> permet d\u2019ex\u00e9cuter des applications exigeantes et de travailler en multit\u00e2che sans difficult\u00e9, tandis que les <b>256 Go de stockage interne<\/b> facilitent la sauvegarde de nombreux fichiers, applications, photos et vid\u00e9os de fa\u00e7on simple et s\u00e9curis\u00e9e. La <b>batterie incluse<\/b> offre l\u2019autonomie n\u00e9cessaire pour utiliser l\u2019appareil pendant de longues p\u00e9riodes sans recharge fr\u00e9quente. Elle int\u00e8gre des cam\u00e9ras de <b>5 et 8 m\u00e9gapixels<\/b> (avant et arri\u00e8re) pour r\u00e9pondre aux besoins d\u2019appels vid\u00e9o, de photos et de num\u00e9risation de documents. Ce mod\u00e8le Lenovo comprend \u00e9galement une <b>cam\u00e9ra frontale<\/b>, id\u00e9ale pour les r\u00e9unions virtuelles ou les cours en ligne, et propose des outils intuitifs dans le syst\u00e8me d\u2019exploitation pour faciliter le travail et l\u2019\u00e9tude. En r\u00e9sum\u00e9, la Lenovo ZAFM0169SE est une solution polyvalente et moderne qui r\u00e9pond aussi bien aux besoins de loisirs num\u00e9riques qu\u2019\u00e0 ceux de la productivit\u00e9 mobile.<\/p>\n<ul>\n<li>Diagonale de l&#8217;\u00e9cran (cm): 27,9 cm<\/li>\n<li>Type: Tablette<\/li>\n<li>Produit \u00e0 brancher: Oui<\/li>\n<li>Bloc d\u2019Alimentation: r\u00e9seau \u00e9lectrique<\/li>\n<li>Type de prise: Prise EU<\/li>\n<li>Technologie:\n<ul>\n<li>IPS LCD<\/li>\n<li>LED<\/li>\n<li>IPS<\/li>\n<\/ul>\n<\/li>\n<li>Connexions:\n<ul>\n<li>USB-C<\/li>\n<li>Microphone<\/li>\n<li>USB-C 2.0<\/li>\n<li>C\u00e2ble jack 3,3 mm<\/li>\n<\/ul>\n<\/li>\n<li>Cam\u00e9ra\/Appareil Photo:\n<ul>\n<li>5 Mpx<\/li>\n<li>8 mpx<\/li>\n<li>8 MP<\/li>\n<li>5 Mp<\/li>\n<li>Arri\u00e8re<\/li>\n<\/ul>\n<\/li>\n<li>Capacit\u00e9 de la batterie: 7040 mAh<\/li>\n<li>Syst\u00e8me d&#8217;exploitation: Android<\/li>\n<li>Ecran: 11&#8243;<\/li>\n<li>Processeur: Octa Core<\/li>\n<li>M\u00e9moire RAM: 8 GB RAM<\/li>\n<li>M\u00e9moire interne: 256 GB<\/li>\n<li>Couleur: Gris<\/li>\n<li>Mati\u00e8re: M\u00e9tal<\/li>\n<li>Caract\u00e9ristiques:\n<ul>\n<li>Cam\u00e9ra frontale<\/li>\n<li>R\u00e9sistant \u00e0 l&#8217;eau et \u00e0 la poussi\u00e8re<\/li>\n<li>Pile incluse<\/li>\n<li>Lecteur de Cartes<\/li>\n<li>4 Haut-parleurs<\/li>\n<li>Connexion au r\u00e9seau mobile<\/li>\n<\/ul>\n<\/li>\n<li>Rapport d&#8217;aspect: 16:10<\/li>\n<li>Connectivit\u00e9:\n<ul>\n<li>Bluetooth<\/li>\n<li>Wi-Fi<\/li>\n<li>GPS<\/li>\n<li>Galileo<\/li>\n<li>5G<\/li>\n<li>Bluetooth 5.2<\/li>\n<\/ul>\n<\/li>\n<li>Classification \u00e9nerg\u00e9tique: E<\/li>\n<li>Fr\u00e9quence: 50 &#8211; 60 Hz<\/li>\n<li>Brille: 500 cd\/m2<\/li>\n<li>Fonctions: Acc\u00e9l\u00e9rom\u00e8tre<\/li>\n<li>R\u00e9solution: WQXGA<\/li>\n<li>Tension: 100 &#8211; 240 V<\/li>\n<li>Batterie au lithium rechargeable: 7040 mAh<\/li>\n<li>Non Inclus:\n<ul>\n<li>Adaptateur AC<\/li>\n<li>Clavier<\/li>\n<\/ul>\n<\/li>\n<li>Taille maximale de la carte m\u00e9moire: 2 TB<\/li>\n<li>Cartes M\u00e9moire Compatibles: MicroSD (TransFlash)<\/li>\n<li>Certificat: Certification ENERGY STAR<\/li>\n<li>vitesse:\n<ul>\n<li>90 Hz<\/li>\n<li>2.4 GHz<\/li>\n<\/ul>\n<\/li>\n<li>Inclut: Crayon tactile<\/li>\n<li>Type de stockage: SSD<\/li>\n<li>Type de batterie: Litio Ion<\/li>\n<li>Noyaux: 8 Noyaux<\/li>\n<li>Autonomie approx.: 12 heures<\/li>\n<li>Famille de processeurs: MediaTek<\/li>\n<li>R\u00e9solution (px): 2560 x 1600 px<\/li>\n<li>Type de m\u00e9moire: LPDDR4x-SDRAM<\/li>\n<\/ul>","protected":false},"excerpt":{"rendered":"<p>Si vous \u00eates passionn\u00e9 d&#8217;informatique et d&#8217;\u00e9lectronique, si vous \u00eates \u00e0 la pointe de la technologie et qu&#8217;aucun d\u00e9tail ne vous \u00e9chappe, achetez Tablette Lenovo Idea Tab 11 11&#8243; Octa Core 8 GB RAM 256 GB Gris au meilleur prix. La Lenovo ZAFM0169SE est une tablette con\u00e7ue pour offrir un \u00e9quilibre optimal entre productivit\u00e9 et [&hellip;]<\/p>\n","protected":false},"featured_media":41920,"comment_status":"open","ping_status":"closed","template":"","meta":[],"product_brand":[661],"product_cat":[575,65,1052],"product_tag":[566,106],"class_list":{"0":"post-41927","1":"product","2":"type-product","3":"status-publish","4":"has-post-thumbnail","6":"product_brand-brandp_558","7":"product_cat-electronique-telephonie-et-tablettes","8":"product_cat-informatique-electronique","9":"product_cat-tablettes","10":"product_tag-tag_547","11":"product_tag-tag_1295","13":"first","14":"instock","15":"taxable","16":"shipping-taxable","17":"purchasable","18":"product-type-simple"},"_links":{"self":[{"href":"https:\/\/bigbuy.tupique.com\/en\/wp-json\/wp\/v2\/product\/41927","targetHints":{"allow":["GET"]}}],"collection":[{"href":"https:\/\/bigbuy.tupique.com\/en\/wp-json\/wp\/v2\/product"}],"about":[{"href":"https:\/\/bigbuy.tupique.com\/en\/wp-json\/wp\/v2\/types\/product"}],"replies":[{"embeddable":true,"href":"https:\/\/bigbuy.tupique.com\/en\/wp-json\/wp\/v2\/comments?post=41927"}],"wp:featuredmedia":[{"embeddable":true,"href":"https:\/\/bigbuy.tupique.com\/en\/wp-json\/wp\/v2\/media\/41920"}],"wp:attachment":[{"href":"https:\/\/bigbuy.tupique.com\/en\/wp-json\/wp\/v2\/media?parent=41927"}],"wp:term":[{"taxonomy":"product_brand","embeddable":true,"href":"https:\/\/bigbuy.tupique.com\/en\/wp-json\/wp\/v2\/product_brand?post=41927"},{"taxonomy":"product_cat","embeddable":true,"href":"https:\/\/bigbuy.tupique.com\/en\/wp-json\/wp\/v2\/product_cat?post=41927"},{"taxonomy":"product_tag","embeddable":true,"href":"https:\/\/bigbuy.tupique.com\/en\/wp-json\/wp\/v2\/product_tag?post=41927"}],"curies":[{"name":"wp","href":"https:\/\/api.w.org\/{rel}","templated":true}]}}