{"id":41623,"date":"2026-03-30T14:08:23","date_gmt":"2026-03-30T13:08:23","guid":{"rendered":"https:\/\/bigbuy.tupique.com\/produto\/server-hpe-p87458-425-32-gb-ram-480-gb-ssd\/"},"modified":"2026-05-11T20:00:41","modified_gmt":"2026-05-11T18:00:41","slug":"server-hpe-p87458-425-32-gb-ram-480-gb-ssd","status":"publish","type":"product","link":"https:\/\/bigbuy.tupique.com\/en\/produto\/server-hpe-p87458-425-32-gb-ram-480-gb-ssd\/","title":{"rendered":"Serveur HPE P87458-425 32 GB RAM 480 GB SSD"},"content":{"rendered":"<p>Si vous \u00eates \u00e0 la recherche de nouvelles tendances sur le march\u00e9, nous vous pr\u00e9sentons <b>Serveur HPE P87458-425 32 GB RAM 480 GB SSD<\/b> !<\/p>\n<ul>\n<li>Type: Serveur<\/li>\n<li>Produit \u00e0 brancher: Oui<\/li>\n<li>Bloc d\u2019Alimentation:\n<ul>\n<li>r\u00e9seau \u00e9lectrique<\/li>\n<li>1000 W<\/li>\n<li>1000 V<\/li>\n<\/ul>\n<\/li>\n<li>Connexions:\n<ul>\n<li>Ethernet LAN<\/li>\n<li>RJ45<\/li>\n<\/ul>\n<\/li>\n<li>M\u00e9moire RAM: 32 GB RAM<\/li>\n<li>Type de m\u00e9moire: DDR5 SDRAM<\/li>\n<li>Interface: Gigabit Ethernet<\/li>\n<li>Disque dur: 480 GB SSD<\/li>\n<li>Connectivit\u00e9: Ethernet LAN<\/li>\n<li>Fr\u00e9quence: 3,1 GHz<\/li>\n<li>Noyaux: 6 Noyaux<\/li>\n<li>Famille de processeurs:\n<ul>\n<li>Intel Xeon<\/li>\n<li>Intel<\/li>\n<\/ul>\n<\/li>\n<\/ul>","protected":false},"excerpt":{"rendered":"<p>Si vous \u00eates \u00e0 la recherche de nouvelles tendances sur le march\u00e9, nous vous pr\u00e9sentons Serveur HPE P87458-425 32 GB RAM 480 GB SSD ! Type: Serveur Produit \u00e0 brancher: Oui Bloc d\u2019Alimentation: r\u00e9seau \u00e9lectrique 1000 W 1000 V Connexions: Ethernet LAN RJ45 M\u00e9moire RAM: 32 GB RAM Type de m\u00e9moire: DDR5 SDRAM Interface: Gigabit [&hellip;]<\/p>\n","protected":false},"featured_media":41617,"comment_status":"open","ping_status":"closed","template":"","meta":[],"product_brand":[644],"product_cat":[65,958,959],"product_tag":[106],"class_list":{"0":"post-41623","1":"product","2":"type-product","3":"status-publish","4":"has-post-thumbnail","6":"product_brand-brandp_662","7":"product_cat-informatique-electronique","8":"product_cat-informatique-ordinateurs","9":"product_cat-serveurs","10":"product_tag-tag_1295","12":"first","13":"instock","14":"taxable","15":"shipping-taxable","16":"purchasable","17":"product-type-simple"},"_links":{"self":[{"href":"https:\/\/bigbuy.tupique.com\/en\/wp-json\/wp\/v2\/product\/41623","targetHints":{"allow":["GET"]}}],"collection":[{"href":"https:\/\/bigbuy.tupique.com\/en\/wp-json\/wp\/v2\/product"}],"about":[{"href":"https:\/\/bigbuy.tupique.com\/en\/wp-json\/wp\/v2\/types\/product"}],"replies":[{"embeddable":true,"href":"https:\/\/bigbuy.tupique.com\/en\/wp-json\/wp\/v2\/comments?post=41623"}],"wp:featuredmedia":[{"embeddable":true,"href":"https:\/\/bigbuy.tupique.com\/en\/wp-json\/wp\/v2\/media\/41617"}],"wp:attachment":[{"href":"https:\/\/bigbuy.tupique.com\/en\/wp-json\/wp\/v2\/media?parent=41623"}],"wp:term":[{"taxonomy":"product_brand","embeddable":true,"href":"https:\/\/bigbuy.tupique.com\/en\/wp-json\/wp\/v2\/product_brand?post=41623"},{"taxonomy":"product_cat","embeddable":true,"href":"https:\/\/bigbuy.tupique.com\/en\/wp-json\/wp\/v2\/product_cat?post=41623"},{"taxonomy":"product_tag","embeddable":true,"href":"https:\/\/bigbuy.tupique.com\/en\/wp-json\/wp\/v2\/product_tag?post=41623"}],"curies":[{"name":"wp","href":"https:\/\/api.w.org\/{rel}","templated":true}]}}