{"id":41389,"date":"2026-03-30T13:44:30","date_gmt":"2026-03-30T12:44:30","guid":{"rendered":"https:\/\/bigbuy.tupique.com\/produto\/oil-filled-radiator-sre-1228-c-black-2850-w\/"},"modified":"2026-04-16T21:20:57","modified_gmt":"2026-04-16T20:20:57","slug":"oil-filled-radiator-sre-1228-c-black-2850-w","status":"publish","type":"product","link":"https:\/\/bigbuy.tupique.com\/en\/produto\/oil-filled-radiator-sre-1228-c-black-2850-w\/","title":{"rendered":"Radiateur \u00e0 Huile SRE 1228 C Noir 2850 W"},"content":{"rendered":"<p>Si vous recherchez des \u00e9lectrom\u00e9nagers pour votre maison aux meilleurs prix, ne manquez pas <b>Radiateur \u00e0 Huile SRE 1228 C Noir 2850 W<\/b> et une large s\u00e9lection de petits \u00e9lectrom\u00e9nagers de qualit\u00e9 !<\/p>\n<ul>\n<li>Produit \u00e0 brancher: Oui<\/li>\n<li>Type de prise: Prise EU<\/li>\n<li>Couleur: Noir<\/li>\n<li>Mati\u00e8re: Acier<\/li>\n<li>puissance: 2850 W<\/li>\n<\/ul>","protected":false},"excerpt":{"rendered":"<p>Si vous recherchez des \u00e9lectrom\u00e9nagers pour votre maison aux meilleurs prix, ne manquez pas Radiateur \u00e0 Huile SRE 1228 C Noir 2850 W et une large s\u00e9lection de petits \u00e9lectrom\u00e9nagers de qualit\u00e9 ! Produit \u00e0 brancher: Oui Type de prise: Prise EU Couleur: Noir Mati\u00e8re: Acier puissance: 2850 W<\/p>","protected":false},"featured_media":41384,"comment_status":"open","ping_status":"closed","template":"","meta":[],"product_brand":[122],"product_cat":[732,239,788],"product_tag":[59,208,210],"class_list":{"0":"post-41389","1":"product","2":"type-product","3":"status-publish","4":"has-post-thumbnail","6":"product_brand-brandp_2386","7":"product_cat-climatisation-et-chauffage","8":"product_cat-maison-jardin","9":"product_cat-radiateurs-et-poeles","10":"product_tag-tag_1304","11":"product_tag-tag_587","12":"product_tag-tag_25","14":"first","15":"instock","16":"taxable","17":"shipping-taxable","18":"purchasable","19":"product-type-simple"},"_links":{"self":[{"href":"https:\/\/bigbuy.tupique.com\/en\/wp-json\/wp\/v2\/product\/41389","targetHints":{"allow":["GET"]}}],"collection":[{"href":"https:\/\/bigbuy.tupique.com\/en\/wp-json\/wp\/v2\/product"}],"about":[{"href":"https:\/\/bigbuy.tupique.com\/en\/wp-json\/wp\/v2\/types\/product"}],"replies":[{"embeddable":true,"href":"https:\/\/bigbuy.tupique.com\/en\/wp-json\/wp\/v2\/comments?post=41389"}],"wp:featuredmedia":[{"embeddable":true,"href":"https:\/\/bigbuy.tupique.com\/en\/wp-json\/wp\/v2\/media\/41384"}],"wp:attachment":[{"href":"https:\/\/bigbuy.tupique.com\/en\/wp-json\/wp\/v2\/media?parent=41389"}],"wp:term":[{"taxonomy":"product_brand","embeddable":true,"href":"https:\/\/bigbuy.tupique.com\/en\/wp-json\/wp\/v2\/product_brand?post=41389"},{"taxonomy":"product_cat","embeddable":true,"href":"https:\/\/bigbuy.tupique.com\/en\/wp-json\/wp\/v2\/product_cat?post=41389"},{"taxonomy":"product_tag","embeddable":true,"href":"https:\/\/bigbuy.tupique.com\/en\/wp-json\/wp\/v2\/product_tag?post=41389"}],"curies":[{"name":"wp","href":"https:\/\/api.w.org\/{rel}","templated":true}]}}