{"id":41332,"date":"2026-03-30T13:42:07","date_gmt":"2026-03-30T12:42:07","guid":{"rendered":"https:\/\/bigbuy.tupique.com\/produto\/lawn-mowing-robot-lawnmaster\/"},"modified":"2026-04-16T18:35:52","modified_gmt":"2026-04-16T17:35:52","slug":"lawn-mowing-robot-lawnmaster","status":"publish","type":"product","link":"https:\/\/bigbuy.tupique.com\/en\/produto\/lawn-mowing-robot-lawnmaster\/","title":{"rendered":"Robot tondeuse LawnMaster"},"content":{"rendered":"<p>Si vous \u00eates \u00e0 la recherche de nouvelles tendances sur le march\u00e9, nous vous pr\u00e9sentons <b>Robot tondeuse LawnMaster<\/b> !<\/p>\n<ul>\n<li>Dimensions approx.: 36 x 24 x 53 cm<\/li>\n<\/ul>","protected":false},"excerpt":{"rendered":"<p>Si vous \u00eates \u00e0 la recherche de nouvelles tendances sur le march\u00e9, nous vous pr\u00e9sentons Robot tondeuse LawnMaster ! Dimensions approx.: 36 x 24 x 53 cm<\/p>","protected":false},"featured_media":41327,"comment_status":"open","ping_status":"closed","template":"","meta":[],"product_brand":[1385],"product_cat":[613,239],"product_tag":[59,210],"class_list":{"0":"post-41332","1":"product","2":"type-product","3":"status-publish","4":"has-post-thumbnail","6":"product_brand-brandp_6015","7":"product_cat-bricolage-et-materiel","8":"product_cat-maison-jardin","9":"product_tag-tag_1304","10":"product_tag-tag_25","12":"first","13":"instock","14":"taxable","15":"shipping-taxable","16":"purchasable","17":"product-type-simple"},"_links":{"self":[{"href":"https:\/\/bigbuy.tupique.com\/en\/wp-json\/wp\/v2\/product\/41332","targetHints":{"allow":["GET"]}}],"collection":[{"href":"https:\/\/bigbuy.tupique.com\/en\/wp-json\/wp\/v2\/product"}],"about":[{"href":"https:\/\/bigbuy.tupique.com\/en\/wp-json\/wp\/v2\/types\/product"}],"replies":[{"embeddable":true,"href":"https:\/\/bigbuy.tupique.com\/en\/wp-json\/wp\/v2\/comments?post=41332"}],"wp:featuredmedia":[{"embeddable":true,"href":"https:\/\/bigbuy.tupique.com\/en\/wp-json\/wp\/v2\/media\/41327"}],"wp:attachment":[{"href":"https:\/\/bigbuy.tupique.com\/en\/wp-json\/wp\/v2\/media?parent=41332"}],"wp:term":[{"taxonomy":"product_brand","embeddable":true,"href":"https:\/\/bigbuy.tupique.com\/en\/wp-json\/wp\/v2\/product_brand?post=41332"},{"taxonomy":"product_cat","embeddable":true,"href":"https:\/\/bigbuy.tupique.com\/en\/wp-json\/wp\/v2\/product_cat?post=41332"},{"taxonomy":"product_tag","embeddable":true,"href":"https:\/\/bigbuy.tupique.com\/en\/wp-json\/wp\/v2\/product_tag?post=41332"}],"curies":[{"name":"wp","href":"https:\/\/api.w.org\/{rel}","templated":true}]}}