{"id":41326,"date":"2026-03-30T13:41:52","date_gmt":"2026-03-30T12:41:52","guid":{"rendered":"https:\/\/bigbuy.tupique.com\/produto\/tablet-apple-13-m3-8-gb-ram-128-gb-beige\/"},"modified":"2026-04-16T19:51:33","modified_gmt":"2026-04-16T18:51:33","slug":"tablet-apple-13-m3-8-gb-ram-128-gb-beige","status":"publish","type":"product","link":"https:\/\/bigbuy.tupique.com\/en\/produto\/tablet-apple-13-m3-8-gb-ram-128-gb-beige\/","title":{"rendered":"Tablette Apple 13&#8243; M3 8 GB RAM 128 GB Beige"},"content":{"rendered":"<p>Si vous \u00eates passionn\u00e9 d&#8217;<b>informatique et d&#8217;\u00e9lectronique<\/b>, si vous \u00eates \u00e0 la pointe de la technologie et qu&#8217;aucun d\u00e9tail ne vous \u00e9chappe, achetez <b>Tablette Apple 13&#8243; M3 8 GB RAM 128 GB Beige<\/b> au meilleur prix.<\/p>\n<p>Le <b>Apple iPad Air 2025<\/b> est une <b>tablette<\/b> haut de gamme qui allie puissance, polyvalence et une qualit\u00e9 visuelle impressionnante, disponible en deux tailles, <b>11 et 13 pouces<\/b>, toutes deux \u00e9quip\u00e9es d\u2019un spectaculaire <b>\u00e9cran Liquid Retina<\/b> offrant des images nettes, haute r\u00e9solution, large gamme de couleurs P3, technologie <b>True Tone<\/b> pour une adaptation automatique \u00e0 la lumi\u00e8re ambiante et un film antireflet am\u00e9liorant l\u2019exp\u00e9rience visuelle en toutes conditions. Int\u00e9grant la puissante <b>puce Apple M3<\/b> avec une <b>CPU 8 c\u0153urs<\/b> (4 performants et 4 \u00e9conomes), une <b>GPU 9 c\u0153urs<\/b> et un Neural Engine, cet iPad offre des performances presque deux fois sup\u00e9rieures \u00e0 son pr\u00e9d\u00e9cesseur \u00e9quip\u00e9 de la puce M1, avec un net progr\u00e8s graphique gr\u00e2ce au ray tracing et au shading acc\u00e9l\u00e9r\u00e9 par mat\u00e9riel, pour un rendu fluide et r\u00e9aliste de contenus professionnels, jeux ou applications cr\u00e9atives. Sa <b>m\u00e9moire RAM de 8 Go<\/b> assure un multit\u00e2che fluide, compl\u00e9t\u00e9 par <b>iPadOS<\/b>, qui optimise la gestion des apps avec des fonctions comme l\u2019Organisateur Visuel pour g\u00e9rer plusieurs fen\u00eatres simultan\u00e9ment et regrouper les applications par projet ou t\u00e2che. C\u00f4t\u00e9 autonomie, il offre une utilisation prolong\u00e9e toute la journ\u00e9e, garantissant productivit\u00e9 et divertissement sans interruption. En photo, l\u2019iPad Air int\u00e8gre une <b>cam\u00e9ra frontale 12 MP avec Center Stage<\/b> qui maintient l\u2019utilisateur au centre lors des appels vid\u00e9o, ainsi qu\u2019une <b>cam\u00e9ra arri\u00e8re grand-angle 12 MP<\/b> capable de filmer en <b>4K<\/b>, id\u00e9ale pour la capture et le montage avanc\u00e9 d\u2019images et vid\u00e9os directement sur l\u2019appareil ; il inclut aussi des outils d\u2019intelligence artificielle comme le Visual Look Up pour identifier les objets. Le son est soign\u00e9 gr\u00e2ce \u00e0 deux micros et des haut-parleurs st\u00e9r\u00e9o en orientation horizontale, avec un doublement des basses sur le mod\u00e8le 13 pouces pour une exp\u00e9rience audio sup\u00e9rieure. Le ch\u00e2ssis combine des mat\u00e9riaux l\u00e9gers comme l\u2019aluminium et se d\u00e9cline en couleurs \u00e9l\u00e9gantes telles que blanc, beige, gris et starlight, offrant du choix sans perdre le design distinctif d\u2019Apple. En connectivit\u00e9, il propose un wifi ultra-rapide et des mod\u00e8les <b>Wi\u2011Fi + Cellular<\/b> compatibles 5G, assurant une connexion stable et rapide partout gr\u00e2ce \u00e0 des forfaits flexibles. Cet iPad Air est une offre \u00e9quilibr\u00e9e pour les utilisateurs recherchant un appareil fiable, puissant et \u00e0 l\u2019excellente qualit\u00e9 d\u2019image, capable de r\u00e9pondre aux besoins professionnels comme \u00e0 la consommation intensive de contenus multim\u00e9dias.<\/p>\n<p>Cette tablette se positionne comme un outil polyvalent et avanc\u00e9 au sein de l\u2019\u00e9cosyst\u00e8me Apple, id\u00e9ale pour ceux qui veulent performance et fonctionnalit\u00e9 dans un format l\u00e9ger et moderne.<\/p>\n<ul>\n<li>Type:\n<ul>\n<li>Tablette<\/li>\n<li>Flash<\/li>\n<\/ul>\n<\/li>\n<li>Type de prise: Prise EU<\/li>\n<li>Produit \u00e0 brancher: Oui<\/li>\n<li>Couleur:\n<ul>\n<li>Blanc<\/li>\n<li>Gris<\/li>\n<li>starlight<\/li>\n<li>Beige<\/li>\n<\/ul>\n<\/li>\n<li>Connectivit\u00e9:\n<ul>\n<li>Wi-Fi<\/li>\n<li>Bluetooth<\/li>\n<li>GPS<\/li>\n<li>Wi-Fi 6 GHz<\/li>\n<li>Bluetooth 5.3<\/li>\n<\/ul>\n<\/li>\n<li>Formats: AAC<\/li>\n<li>Syst\u00e8me d&#8217;exploitation:\n<ul>\n<li>iPadOS<\/li>\n<li>iOS<\/li>\n<\/ul>\n<\/li>\n<li>Caract\u00e9ristiques:\n<ul>\n<li>Capteur de lumi\u00e8re ambiante<\/li>\n<li>Cam\u00e9ra frontale<\/li>\n<li>Microphone int\u00e9gr\u00e9<\/li>\n<li>Autofocus<\/li>\n<li>2 Haut-parleurs<\/li>\n<li>4 Haut-parleurs<\/li>\n<li>Lecteur d&#8217;empreintes<\/li>\n<li>Boussole \u00e9lectronique<\/li>\n<li>\u00c9cran avec coins arrondis<\/li>\n<\/ul>\n<\/li>\n<li>Bloc d\u2019Alimentation:\n<ul>\n<li>r\u00e9seau \u00e9lectrique<\/li>\n<li>USB<\/li>\n<\/ul>\n<\/li>\n<li>Cam\u00e9ra\/Appareil Photo:\n<ul>\n<li>12 MP<\/li>\n<li>Arri\u00e8re<\/li>\n<\/ul>\n<\/li>\n<li>R\u00e9solution:\n<ul>\n<li>12 MP<\/li>\n<li>2732 x 2048 px<\/li>\n<\/ul>\n<\/li>\n<li>Classification \u00e9nerg\u00e9tique: G<\/li>\n<li>Technologie:\n<ul>\n<li>IPS<\/li>\n<li>LED<\/li>\n<li>Mime<\/li>\n<\/ul>\n<\/li>\n<li>Mati\u00e8re: Aluminium<\/li>\n<li>Connexions:\n<ul>\n<li>USB-C<\/li>\n<li>USB-C 3.2 Gen 2 (3.1 Gen 2)<\/li>\n<\/ul>\n<\/li>\n<li>Fonctions:\n<ul>\n<li>Barom\u00e8tre<\/li>\n<li>Acc\u00e9l\u00e9rom\u00e8tre<\/li>\n<li>G\u00e9olocalisation<\/li>\n<\/ul>\n<\/li>\n<li>Ouverture: F\/1,8<\/li>\n<li>M\u00e9moire RAM: 8 GB RAM<\/li>\n<li>Ecran: 13&#8243;<\/li>\n<li>Non Inclus:\n<ul>\n<li>Adaptateur AC<\/li>\n<li>Connexion au r\u00e9seau mobile<\/li>\n<\/ul>\n<\/li>\n<li>Certificat: Certification ENERGY STAR<\/li>\n<li>Compatible: iPadOS<\/li>\n<li>M\u00e9moire interne: 128 GB<\/li>\n<li>Type de stockage: SSD<\/li>\n<li>Type de batterie: Litio Ion<\/li>\n<li>Noyaux:\n<ul>\n<li>8 Noyaux<\/li>\n<li>16 Noyaux<\/li>\n<\/ul>\n<\/li>\n<li>R\u00e9solution (px):\n<ul>\n<li>3840 x 2160 px<\/li>\n<li>2160 px<\/li>\n<\/ul>\n<\/li>\n<li>Diagonale de l&#8217;\u00e9cran (cm): 33 cm<\/li>\n<li>Autonomie approx.: 10 heures<\/li>\n<li>Processeur: M3<\/li>\n<li>Dispositif intelligent: Apple Intelligence<\/li>\n<\/ul>","protected":false},"excerpt":{"rendered":"<p>Si vous \u00eates passionn\u00e9 d&#8217;informatique et d&#8217;\u00e9lectronique, si vous \u00eates \u00e0 la pointe de la technologie et qu&#8217;aucun d\u00e9tail ne vous \u00e9chappe, achetez Tablette Apple 13&#8243; M3 8 GB RAM 128 GB Beige au meilleur prix. Le Apple iPad Air 2025 est une tablette haut de gamme qui allie puissance, polyvalence et une qualit\u00e9 visuelle [&hellip;]<\/p>\n","protected":false},"featured_media":41305,"comment_status":"open","ping_status":"closed","template":"","meta":[],"product_brand":[979],"product_cat":[575,65,1052],"product_tag":[59,566,106],"class_list":{"0":"post-41326","1":"product","2":"type-product","3":"status-publish","4":"has-post-thumbnail","6":"product_brand-brandp_533","7":"product_cat-electronique-telephonie-et-tablettes","8":"product_cat-informatique-electronique","9":"product_cat-tablettes","10":"product_tag-tag_1304","11":"product_tag-tag_547","12":"product_tag-tag_1295","14":"first","15":"instock","16":"taxable","17":"shipping-taxable","18":"purchasable","19":"product-type-simple"},"_links":{"self":[{"href":"https:\/\/bigbuy.tupique.com\/en\/wp-json\/wp\/v2\/product\/41326","targetHints":{"allow":["GET"]}}],"collection":[{"href":"https:\/\/bigbuy.tupique.com\/en\/wp-json\/wp\/v2\/product"}],"about":[{"href":"https:\/\/bigbuy.tupique.com\/en\/wp-json\/wp\/v2\/types\/product"}],"replies":[{"embeddable":true,"href":"https:\/\/bigbuy.tupique.com\/en\/wp-json\/wp\/v2\/comments?post=41326"}],"wp:featuredmedia":[{"embeddable":true,"href":"https:\/\/bigbuy.tupique.com\/en\/wp-json\/wp\/v2\/media\/41305"}],"wp:attachment":[{"href":"https:\/\/bigbuy.tupique.com\/en\/wp-json\/wp\/v2\/media?parent=41326"}],"wp:term":[{"taxonomy":"product_brand","embeddable":true,"href":"https:\/\/bigbuy.tupique.com\/en\/wp-json\/wp\/v2\/product_brand?post=41326"},{"taxonomy":"product_cat","embeddable":true,"href":"https:\/\/bigbuy.tupique.com\/en\/wp-json\/wp\/v2\/product_cat?post=41326"},{"taxonomy":"product_tag","embeddable":true,"href":"https:\/\/bigbuy.tupique.com\/en\/wp-json\/wp\/v2\/product_tag?post=41326"}],"curies":[{"name":"wp","href":"https:\/\/api.w.org\/{rel}","templated":true}]}}