{"id":41160,"date":"2026-03-30T13:26:54","date_gmt":"2026-03-30T12:26:54","guid":{"rendered":"https:\/\/bigbuy.tupique.com\/produto\/motherboard-msi-amd-am5-amd-amd-b650-2\/"},"modified":"2026-05-11T20:01:50","modified_gmt":"2026-05-11T18:01:50","slug":"motherboard-msi-amd-am5-amd-amd-b650-2","status":"publish","type":"product","link":"https:\/\/bigbuy.tupique.com\/en\/produto\/motherboard-msi-amd-am5-amd-amd-b650-2\/","title":{"rendered":"Carte M\u00e8re MSI AMD AM5 AMD AMD B650"},"content":{"rendered":"<p>Si vous \u00eates \u00e0 la recherche de nouvelles tendances sur le march\u00e9, nous vous pr\u00e9sentons <b>Carte M\u00e8re MSI AMD AM5 AMD AMD B650<\/b> !<\/p>\n<ul>\n<li>Type:\n<ul>\n<li>Carte M\u00e8re<\/li>\n<li>UEFI<\/li>\n<\/ul>\n<\/li>\n<li>Connexions:\n<ul>\n<li>HDMI<\/li>\n<li>USB 2.0<\/li>\n<li>S\/PDIF<\/li>\n<li>USB 3.2<\/li>\n<li>HDMI 2.1<\/li>\n<li>DisplayPort 1.4<\/li>\n<li>USB-C 3.2<\/li>\n<li>USB 3.2 x 3<\/li>\n<li>USB 2.0 x 2<\/li>\n<li>Sortie audio<\/li>\n<li>TPM<\/li>\n<li>PCI Express (x1) x 1<\/li>\n<li>PCI Express (x16) x 1<\/li>\n<li>HDMI x 1<\/li>\n<li>2 x USB 2.0<\/li>\n<li>Ethernet LAN<\/li>\n<li>SATA x 4<\/li>\n<li>M.2 x 2<\/li>\n<li>HDMI 2.1 x 1<\/li>\n<li>USB-C 3.2 x 1<\/li>\n<li>DisplayPort x 1<\/li>\n<li>USB 3.2 x 1<\/li>\n<li>RJ45 x 1<\/li>\n<\/ul>\n<\/li>\n<li>Type de m\u00e9moire:\n<ul>\n<li>DDR5 SDRAM<\/li>\n<li>DDR5<\/li>\n<\/ul>\n<\/li>\n<li>Cha\u00eenes:\n<ul>\n<li>7.1<\/li>\n<li>2 Cha\u00eenes<\/li>\n<\/ul>\n<\/li>\n<li>Compatible:\n<ul>\n<li>Windows 10<\/li>\n<li>Windows 11<\/li>\n<li>raid 0<\/li>\n<li>Raid 10<\/li>\n<li>Raid 5<\/li>\n<li>Bandes LED<\/li>\n<li>HDD\/SSD<\/li>\n<li>PC<\/li>\n<\/ul>\n<\/li>\n<li>Chipset:\n<ul>\n<li>Intel Wi-Fi 6<\/li>\n<li>AMD AM5<\/li>\n<li>AMD<\/li>\n<li>AMD B650<\/li>\n<\/ul>\n<\/li>\n<li>Facteur de forme:\n<ul>\n<li>mATX<\/li>\n<li>MicroATX<\/li>\n<\/ul>\n<\/li>\n<li>vitesse:\n<ul>\n<li>6000 MHz<\/li>\n<li>4800 MHz<\/li>\n<li>5200 MHz<\/li>\n<li>5600 MHz<\/li>\n<li>6400 MHz<\/li>\n<li>6200 MHz<\/li>\n<li>6800 MHz<\/li>\n<li>6600 MHZ<\/li>\n<li>5000 MHZ<\/li>\n<li>5400 mhz<\/li>\n<li>5800 mhz<\/li>\n<\/ul>\n<\/li>\n<li>Connectivit\u00e9:\n<ul>\n<li>2,5 Gigabit Ethernet<\/li>\n<li>Wi-Fi 5 GHz<\/li>\n<li>Wi-Fi 4<\/li>\n<li>Wi-Fi 6E ghz<\/li>\n<li>Bluetooth<\/li>\n<li>Wi-Fi<\/li>\n<li>Wi-Fi 6 GHz<\/li>\n<li>Bluetooth 5.3<\/li>\n<\/ul>\n<\/li>\n<li>M\u00e9moire RAM maximale: 128 GB<\/li>\n<li>Bluetooth: Oui<\/li>\n<li>Couleur:\n<ul>\n<li>Blanc<\/li>\n<li>Noir<\/li>\n<\/ul>\n<\/li>\n<li>Interface: Gigabit Ethernet<\/li>\n<li>M\u00e9moire: 256 MB<\/li>\n<li>Nombre d&#8217;emplacements m\u00e9moire: 4<\/li>\n<li>Haut-parleurs: 7.1<\/li>\n<li>Inclut: SATA<\/li>\n<li>Son: Realtek ALC897<\/li>\n<li>M\u00e9moire interne: 128 GB<\/li>\n<li>Socket: AMD AM5<\/li>\n<li>Famille de processeurs: AMD<\/li>\n<\/ul>","protected":false},"excerpt":{"rendered":"<p>Si vous \u00eates \u00e0 la recherche de nouvelles tendances sur le march\u00e9, nous vous pr\u00e9sentons Carte M\u00e8re MSI AMD AM5 AMD AMD B650 ! Type: Carte M\u00e8re UEFI Connexions: HDMI USB 2.0 S\/PDIF USB 3.2 HDMI 2.1 DisplayPort 1.4 USB-C 3.2 USB 3.2 x 3 USB 2.0 x 2 Sortie audio TPM PCI Express (x1) [&hellip;]<\/p>\n","protected":false},"featured_media":41133,"comment_status":"open","ping_status":"closed","template":"","meta":[],"product_brand":[975],"product_cat":[736,65,584],"product_tag":[59,106],"class_list":{"0":"post-41160","1":"product","2":"type-product","3":"status-publish","4":"has-post-thumbnail","6":"product_brand-brandp_565","7":"product_cat-cartes-meres","8":"product_cat-informatique-electronique","9":"product_cat-informatique-reseaux-et-composants","10":"product_tag-tag_1304","11":"product_tag-tag_1295","13":"first","14":"instock","15":"taxable","16":"shipping-taxable","17":"purchasable","18":"product-type-simple"},"_links":{"self":[{"href":"https:\/\/bigbuy.tupique.com\/en\/wp-json\/wp\/v2\/product\/41160","targetHints":{"allow":["GET"]}}],"collection":[{"href":"https:\/\/bigbuy.tupique.com\/en\/wp-json\/wp\/v2\/product"}],"about":[{"href":"https:\/\/bigbuy.tupique.com\/en\/wp-json\/wp\/v2\/types\/product"}],"replies":[{"embeddable":true,"href":"https:\/\/bigbuy.tupique.com\/en\/wp-json\/wp\/v2\/comments?post=41160"}],"wp:featuredmedia":[{"embeddable":true,"href":"https:\/\/bigbuy.tupique.com\/en\/wp-json\/wp\/v2\/media\/41133"}],"wp:attachment":[{"href":"https:\/\/bigbuy.tupique.com\/en\/wp-json\/wp\/v2\/media?parent=41160"}],"wp:term":[{"taxonomy":"product_brand","embeddable":true,"href":"https:\/\/bigbuy.tupique.com\/en\/wp-json\/wp\/v2\/product_brand?post=41160"},{"taxonomy":"product_cat","embeddable":true,"href":"https:\/\/bigbuy.tupique.com\/en\/wp-json\/wp\/v2\/product_cat?post=41160"},{"taxonomy":"product_tag","embeddable":true,"href":"https:\/\/bigbuy.tupique.com\/en\/wp-json\/wp\/v2\/product_tag?post=41160"}],"curies":[{"name":"wp","href":"https:\/\/api.w.org\/{rel}","templated":true}]}}