{"id":41070,"date":"2026-03-30T13:23:19","date_gmt":"2026-03-30T12:23:19","guid":{"rendered":"https:\/\/bigbuy.tupique.com\/produto\/radiator-qlima\/"},"modified":"2026-04-16T20:16:41","modified_gmt":"2026-04-16T19:16:41","slug":"radiator-qlima","status":"publish","type":"product","link":"https:\/\/bigbuy.tupique.com\/en\/produto\/radiator-qlima\/","title":{"rendered":"Radiateur QLima"},"content":{"rendered":"<p>Si vous \u00eates \u00e0 la recherche de nouvelles tendances sur le march\u00e9, nous vous pr\u00e9sentons <b>Radiateur QLima<\/b> !<\/p>\n<ul>\n<li>Produit \u00e0 brancher: Oui<\/li>\n<li>Type de prise: Prise EU<\/li>\n<li>Bloc d\u2019Alimentation: r\u00e9seau \u00e9lectrique<\/li>\n<li>Couleur:\n<ul>\n<li>Blanc<\/li>\n<li>Noir<\/li>\n<\/ul>\n<\/li>\n<li>Dimensions approx.: 35 cm<\/li>\n<\/ul>","protected":false},"excerpt":{"rendered":"<p><span class=\"unit-info\">1142.5319 &euro; \/ 1 m<\/span><\/p>","protected":false},"featured_media":41060,"comment_status":"open","ping_status":"closed","template":"","meta":[],"product_brand":[977],"product_cat":[732,239,788],"product_tag":[59,208,210],"class_list":{"0":"post-41070","1":"product","2":"type-product","3":"status-publish","4":"has-post-thumbnail","6":"product_brand-brandp_8516","7":"product_cat-climatisation-et-chauffage","8":"product_cat-maison-jardin","9":"product_cat-radiateurs-et-poeles","10":"product_tag-tag_1304","11":"product_tag-tag_587","12":"product_tag-tag_25","14":"first","15":"instock","16":"taxable","17":"shipping-taxable","18":"purchasable","19":"product-type-simple"},"_links":{"self":[{"href":"https:\/\/bigbuy.tupique.com\/en\/wp-json\/wp\/v2\/product\/41070","targetHints":{"allow":["GET"]}}],"collection":[{"href":"https:\/\/bigbuy.tupique.com\/en\/wp-json\/wp\/v2\/product"}],"about":[{"href":"https:\/\/bigbuy.tupique.com\/en\/wp-json\/wp\/v2\/types\/product"}],"replies":[{"embeddable":true,"href":"https:\/\/bigbuy.tupique.com\/en\/wp-json\/wp\/v2\/comments?post=41070"}],"wp:featuredmedia":[{"embeddable":true,"href":"https:\/\/bigbuy.tupique.com\/en\/wp-json\/wp\/v2\/media\/41060"}],"wp:attachment":[{"href":"https:\/\/bigbuy.tupique.com\/en\/wp-json\/wp\/v2\/media?parent=41070"}],"wp:term":[{"taxonomy":"product_brand","embeddable":true,"href":"https:\/\/bigbuy.tupique.com\/en\/wp-json\/wp\/v2\/product_brand?post=41070"},{"taxonomy":"product_cat","embeddable":true,"href":"https:\/\/bigbuy.tupique.com\/en\/wp-json\/wp\/v2\/product_cat?post=41070"},{"taxonomy":"product_tag","embeddable":true,"href":"https:\/\/bigbuy.tupique.com\/en\/wp-json\/wp\/v2\/product_tag?post=41070"}],"curies":[{"name":"wp","href":"https:\/\/api.w.org\/{rel}","templated":true}]}}