{"id":41009,"date":"2026-03-30T13:17:46","date_gmt":"2026-03-30T12:17:46","guid":{"rendered":"https:\/\/bigbuy.tupique.com\/produto\/smartwatch-apple-apple-watch-se-3-gps-40mm-black-157-40-mm\/"},"modified":"2026-05-11T19:55:46","modified_gmt":"2026-05-11T17:55:46","slug":"smartwatch-apple-apple-watch-se-3-gps-40mm-black-157-40-mm","status":"publish","type":"product","link":"https:\/\/bigbuy.tupique.com\/en\/produto\/smartwatch-apple-apple-watch-se-3-gps-40mm-black-157-40-mm\/","title":{"rendered":"Montre intelligente Apple Apple Watch SE 3 GPS 40mm Noir 1,57&#8243; 40 mm"},"content":{"rendered":"<p>Si vous \u00eates \u00e0 la recherche de nouvelles tendances sur le march\u00e9, nous vous pr\u00e9sentons <b>Montre intelligente Apple Apple Watch SE 3 GPS 40mm Noir 1,57&#8243; 40 mm<\/b> !<\/p>\n<p>La <b>Apple Watch SE3<\/b> d\u2019Apple est un <b>smartwatch<\/b> con\u00e7u pour offrir des fonctionnalit\u00e9s avanc\u00e9es et un confort dans un format l\u00e9ger et moderne. Il pr\u00e9sente une <b>bo\u00eetier en aluminium couleur noir minuit<\/b> qui allie r\u00e9sistance et finition \u00e9l\u00e9gante, id\u00e9al pour un usage quotidien. Avec un <b>\u00e9cran tactile<\/b> clair et r\u00e9actif de 40 mm, il permet une interaction simple et directe avec les applications et notifications. Ce mod\u00e8le int\u00e8gre la <b>connectivit\u00e9 Bluetooth, Wi-Fi et GPS<\/b>, facilitant la synchronisation avec l\u2019iPhone et la localisation pr\u00e9cise sans avoir besoin d\u2019emporter le t\u00e9l\u00e9phone, utile pour les activit\u00e9s sportives ou la navigation urbaine. Son <b>acc\u00e9l\u00e9rom\u00e8tre<\/b> et son <b>capteur de lumi\u00e8re ambiante<\/b> garantissent des mesures d\u2019activit\u00e9 physique fiables et un \u00e9clairage automatique adapt\u00e9 \u00e0 tout environnement, am\u00e9liorant la lisibilit\u00e9 en int\u00e9rieur comme en ext\u00e9rieur. Il dispose \u00e9galement de haut-parleurs int\u00e9gr\u00e9s permettant la diffusion de sons et alertes sans d\u00e9pendre d\u2019autres appareils. Le <b>bracelet sportif noir<\/b> taille M\/L assure un ajustement confortable toute la journ\u00e9e, \u00e9tant respirant et flexible pour un usage prolong\u00e9. Dans l\u2019ensemble, l\u2019Apple Watch SE3 offre un \u00e9quilibre entre design, connectivit\u00e9 et fonctions orient\u00e9es sant\u00e9 et sport, se distinguant par sa polyvalence et sa qualit\u00e9 de fabrication. Cette montre intelligente repr\u00e9sente une option solide pour ceux qui souhaitent int\u00e9grer une technologie avanc\u00e9e dans leur routine quotidienne sans renoncer au confort ni au style.<\/p>\n<ul>\n<li>Type de montre: Montre intelligente<\/li>\n<li>Produit \u00e0 brancher: Oui<\/li>\n<li>Bloc d\u2019Alimentation: r\u00e9seau \u00e9lectrique<\/li>\n<li>Couleur: Noir<\/li>\n<li>M\u00e9moire interne: 64 GB<\/li>\n<li>Processeur: Dual Core<\/li>\n<li>Ecran: 1,57&#8243;<\/li>\n<li>Mati\u00e8re: Aluminium<\/li>\n<li>Caract\u00e9ristiques:\n<ul>\n<li>Acc\u00e9l\u00e9rom\u00e8tre<\/li>\n<li>Haut-parleurs int\u00e9gr\u00e9s<\/li>\n<li>Ecran tactile<\/li>\n<li>Capteur de lumi\u00e8re ambiante<\/li>\n<li>Gyroscope<\/li>\n<li>Altim\u00e8tre<\/li>\n<li>Microphone int\u00e9gr\u00e9<\/li>\n<li>Capteur optique<\/li>\n<li>Distance parcourue<\/li>\n<li>Moniteur de Sommeil<\/li>\n<li>Charge magn\u00e9tique<\/li>\n<li>Multisport<\/li>\n<li>\u00c9cran avec coins arrondis<\/li>\n<\/ul>\n<\/li>\n<li>Fonctions:\n<ul>\n<li>\u00c9cran couleur<\/li>\n<li>Moniteur de Sommeil<\/li>\n<li>Moniteur de fr\u00e9quence cardiaque<\/li>\n<\/ul>\n<\/li>\n<li>Type de batterie:\n<ul>\n<li>Int\u00e9gr\u00e9e<\/li>\n<li>Litio Ion<\/li>\n<\/ul>\n<\/li>\n<li>Connectivit\u00e9:\n<ul>\n<li>Bluetooth<\/li>\n<li>Wi-Fi<\/li>\n<li>GPS<\/li>\n<li>NFC<\/li>\n<li>Galileo<\/li>\n<li>Bluetooth Low Energy<\/li>\n<li>Bluetooth 5.3<\/li>\n<\/ul>\n<\/li>\n<li>Compatible: Siri<\/li>\n<li>Caisse: 40 mm<\/li>\n<li>Forme: Rectangulaire<\/li>\n<li>Cam\u00e9ra\/Appareil Photo: Non<\/li>\n<li>Chargeur sans fil: Oui<\/li>\n<li>Brille: 1000 cd\/m\u00b2<\/li>\n<li>Radio FM: Non<\/li>\n<li>R\u00e9sistant \u00e0 l&#8217;eau: 50 m<\/li>\n<li>Technologie: OLED<\/li>\n<li>Connexion USB: Non<\/li>\n<li>Sangle: Amovible<\/li>\n<li>Non Inclus: Connexion au r\u00e9seau mobile<\/li>\n<li>R\u00e9solution: 324 x 394 px<\/li>\n<li>M\u00e9moire Flash: 64 MB<\/li>\n<li>Noyaux: 4 Noyaux<\/li>\n<\/ul>","protected":false},"excerpt":{"rendered":"<p>Si vous \u00eates \u00e0 la recherche de nouvelles tendances sur le march\u00e9, nous vous pr\u00e9sentons Montre intelligente Apple Apple Watch SE 3 GPS 40mm Noir 1,57&#8243; 40 mm ! La Apple Watch SE3 d\u2019Apple est un smartwatch con\u00e7u pour offrir des fonctionnalit\u00e9s avanc\u00e9es et un confort dans un format l\u00e9ger et moderne. Il pr\u00e9sente une [&hellip;]<\/p>\n","protected":false},"featured_media":40998,"comment_status":"open","ping_status":"closed","template":"","meta":[],"product_brand":[979],"product_cat":[575,65,748],"product_tag":[103,566,106],"class_list":{"0":"post-41009","1":"product","2":"type-product","3":"status-publish","4":"has-post-thumbnail","6":"product_brand-brandp_533","7":"product_cat-electronique-telephonie-et-tablettes","8":"product_cat-informatique-electronique","9":"product_cat-smartwatches","10":"product_tag-tag_1261","11":"product_tag-tag_547","12":"product_tag-tag_1295","14":"first","15":"instock","16":"taxable","17":"shipping-taxable","18":"purchasable","19":"product-type-simple"},"_links":{"self":[{"href":"https:\/\/bigbuy.tupique.com\/en\/wp-json\/wp\/v2\/product\/41009","targetHints":{"allow":["GET"]}}],"collection":[{"href":"https:\/\/bigbuy.tupique.com\/en\/wp-json\/wp\/v2\/product"}],"about":[{"href":"https:\/\/bigbuy.tupique.com\/en\/wp-json\/wp\/v2\/types\/product"}],"replies":[{"embeddable":true,"href":"https:\/\/bigbuy.tupique.com\/en\/wp-json\/wp\/v2\/comments?post=41009"}],"wp:featuredmedia":[{"embeddable":true,"href":"https:\/\/bigbuy.tupique.com\/en\/wp-json\/wp\/v2\/media\/40998"}],"wp:attachment":[{"href":"https:\/\/bigbuy.tupique.com\/en\/wp-json\/wp\/v2\/media?parent=41009"}],"wp:term":[{"taxonomy":"product_brand","embeddable":true,"href":"https:\/\/bigbuy.tupique.com\/en\/wp-json\/wp\/v2\/product_brand?post=41009"},{"taxonomy":"product_cat","embeddable":true,"href":"https:\/\/bigbuy.tupique.com\/en\/wp-json\/wp\/v2\/product_cat?post=41009"},{"taxonomy":"product_tag","embeddable":true,"href":"https:\/\/bigbuy.tupique.com\/en\/wp-json\/wp\/v2\/product_tag?post=41009"}],"curies":[{"name":"wp","href":"https:\/\/api.w.org\/{rel}","templated":true}]}}