{"id":40885,"date":"2026-03-30T13:12:43","date_gmt":"2026-03-30T12:12:43","guid":{"rendered":"https:\/\/bigbuy.tupique.com\/produto\/smartwatch-apple-watch-ultra-3-gps-cellular-grey-49-mm\/"},"modified":"2026-04-15T06:24:21","modified_gmt":"2026-04-15T05:24:21","slug":"smartwatch-apple-watch-ultra-3-gps-cellular-grey-49-mm","status":"publish","type":"product","link":"https:\/\/bigbuy.tupique.com\/en\/produto\/smartwatch-apple-watch-ultra-3-gps-cellular-grey-49-mm\/","title":{"rendered":"Montre intelligente Apple Watch Ultra 3 GPS + Cellular Gris 49 mm"},"content":{"rendered":"<p>Si vous \u00eates passionn\u00e9 d&#8217;<b>informatique et d&#8217;\u00e9lectronique<\/b>, si vous \u00eates \u00e0 la pointe de la technologie et qu&#8217;aucun d\u00e9tail ne vous \u00e9chappe, achetez <b>Montre intelligente Apple Watch Ultra 3 GPS + Cellular Gris 49 mm<\/b> au meilleur prix.<\/p>\n<p>L\u2019<b>Apple Watch Ultra 3<\/b> est une <b>smartwatch<\/b> haut de gamme con\u00e7ue pour ceux qui recherchent pr\u00e9cision, r\u00e9sistance et polyvalence dans un appareil au poignet. Fabriqu\u00e9e en <b>titane<\/b>, elle se distingue par sa l\u00e9g\u00e8ret\u00e9 et sa robustesse, garantissant une durabilit\u00e9 m\u00eame dans des conditions exigeantes tout en conservant une esth\u00e9tique \u00e9l\u00e9gante avec des finitions bleu, gris et titane. Avec un <b>format de 38 mm<\/b>, elle s\u2019adapte confortablement \u00e0 diff\u00e9rents types de poignets, offrant une exp\u00e9rience ergonomique id\u00e9ale pour les sportifs et les utilisateurs actifs. Sa connectivit\u00e9 <b>Bluetooth<\/b> permet une synchronisation fluide avec l\u2019iPhone et d\u2019autres appareils Apple, facilitant la gestion des notifications, appels et applications directement depuis le poignet. Elle int\u00e8gre des fonctions avanc\u00e9es telles qu\u2019un <b>acc\u00e9l\u00e9rom\u00e8tre<\/b> pour un suivi pr\u00e9cis de l\u2019activit\u00e9 physique, ainsi que des <b>haut-parleurs int\u00e9gr\u00e9s<\/b> permettant de recevoir des appels et d\u2019\u00e9couter de l\u2019audio sans \u00e9couteurs. De plus, elle offre une r\u00e9sistance \u00e0 l\u2019usure gr\u00e2ce \u00e0 ses mat\u00e9riaux et dispose de fonctionnalit\u00e9s adapt\u00e9es aussi bien aux environnements urbains qu\u2019aux activit\u00e9s en plein air. Avec ce mod\u00e8le, Apple poursuit son engagement pour l\u2019int\u00e9gration technologique et le design centr\u00e9 sur l\u2019utilisateur qui caract\u00e9risent son \u00e9cosyst\u00e8me.<\/p>\n<ul>\n<li>Type de montre: Montre intelligente<\/li>\n<li>Produit \u00e0 brancher: Oui<\/li>\n<li>Taille:\n<ul>\n<li>M<\/li>\n<li>38 mm<\/li>\n<\/ul>\n<\/li>\n<li>Couleur:\n<ul>\n<li>Gris<\/li>\n<li>Bleu<\/li>\n<li>Titane<\/li>\n<\/ul>\n<\/li>\n<li>Largeur: 44 mm<\/li>\n<li>Compatible:\n<ul>\n<li>iOS<\/li>\n<li>Siri<\/li>\n<\/ul>\n<\/li>\n<li>Couleur du bracelet: Gris<\/li>\n<li>Type de prise: Prise EU<\/li>\n<li>Bloc d\u2019Alimentation: r\u00e9seau \u00e9lectrique<\/li>\n<li>Type: OLED<\/li>\n<li>M\u00e9moire interne: 64 GB<\/li>\n<li>Processeur: Dual Core<\/li>\n<li>Caract\u00e9ristiques:\n<ul>\n<li>Acc\u00e9l\u00e9rom\u00e8tre<\/li>\n<li>Haut-parleurs int\u00e9gr\u00e9s<\/li>\n<li>Ecran tactile<\/li>\n<li>Capteur de lumi\u00e8re ambiante<\/li>\n<li>Gyroscope<\/li>\n<li>Altim\u00e8tre<\/li>\n<li>Alarme<\/li>\n<li>Microphone int\u00e9gr\u00e9<\/li>\n<li>Distance parcourue<\/li>\n<li>Moniteur de Sommeil<\/li>\n<li>Connexion au r\u00e9seau mobile<\/li>\n<li>Charge magn\u00e9tique<\/li>\n<li>Multisport<\/li>\n<li>Capteur de niveau d&#8217;oxyg\u00e8ne dans le sang<\/li>\n<li>\u00c9cran avec coins arrondis<\/li>\n<\/ul>\n<\/li>\n<li>Fonctions:\n<ul>\n<li>\u00c9cran couleur<\/li>\n<li>Moniteur de Sommeil<\/li>\n<li>Moniteur de fr\u00e9quence cardiaque<\/li>\n<\/ul>\n<\/li>\n<li>Type de batterie:\n<ul>\n<li>Int\u00e9gr\u00e9e<\/li>\n<li>Litio Ion<\/li>\n<\/ul>\n<\/li>\n<li>Connectivit\u00e9:\n<ul>\n<li>Bluetooth<\/li>\n<li>Wi-Fi<\/li>\n<li>GPS<\/li>\n<li>NFC<\/li>\n<li>Glonass<\/li>\n<li>BeiDou<\/li>\n<li>Galileo<\/li>\n<li>5G<\/li>\n<li>Bluetooth Low Energy<\/li>\n<li>LTE<\/li>\n<li>Bluetooth 5.3<\/li>\n<\/ul>\n<\/li>\n<li>Caisse: 49 mm<\/li>\n<li>Forme: Rectangulaire<\/li>\n<li>Cam\u00e9ra\/Appareil Photo: Non<\/li>\n<li>Chargeur sans fil: Oui<\/li>\n<li>Radio FM: Non<\/li>\n<li>Technologie: OLED<\/li>\n<li>Poids: 405 g<\/li>\n<li>Connexion USB: Non<\/li>\n<li>Sangle: Amovible<\/li>\n<li>R\u00e9sistant \u00e0 l&#8217;eau: 10 atm<\/li>\n<li>M\u00e9moire Flash: 64 MB<\/li>\n<li>Noyaux: 2 Noyaux<\/li>\n<\/ul>","protected":false},"excerpt":{"rendered":"<p><span class=\"unit-info\">26789.2105 &euro; \/ 1 m<\/span><\/p>","protected":false},"featured_media":40868,"comment_status":"open","ping_status":"closed","template":"","meta":[],"product_brand":[979],"product_cat":[575,65,748],"product_tag":[103,566,106],"class_list":{"0":"post-40885","1":"product","2":"type-product","3":"status-publish","4":"has-post-thumbnail","6":"product_brand-brandp_533","7":"product_cat-electronique-telephonie-et-tablettes","8":"product_cat-informatique-electronique","9":"product_cat-smartwatches","10":"product_tag-tag_1261","11":"product_tag-tag_547","12":"product_tag-tag_1295","14":"first","15":"instock","16":"taxable","17":"shipping-taxable","18":"purchasable","19":"product-type-simple"},"_links":{"self":[{"href":"https:\/\/bigbuy.tupique.com\/en\/wp-json\/wp\/v2\/product\/40885","targetHints":{"allow":["GET"]}}],"collection":[{"href":"https:\/\/bigbuy.tupique.com\/en\/wp-json\/wp\/v2\/product"}],"about":[{"href":"https:\/\/bigbuy.tupique.com\/en\/wp-json\/wp\/v2\/types\/product"}],"replies":[{"embeddable":true,"href":"https:\/\/bigbuy.tupique.com\/en\/wp-json\/wp\/v2\/comments?post=40885"}],"wp:featuredmedia":[{"embeddable":true,"href":"https:\/\/bigbuy.tupique.com\/en\/wp-json\/wp\/v2\/media\/40868"}],"wp:attachment":[{"href":"https:\/\/bigbuy.tupique.com\/en\/wp-json\/wp\/v2\/media?parent=40885"}],"wp:term":[{"taxonomy":"product_brand","embeddable":true,"href":"https:\/\/bigbuy.tupique.com\/en\/wp-json\/wp\/v2\/product_brand?post=40885"},{"taxonomy":"product_cat","embeddable":true,"href":"https:\/\/bigbuy.tupique.com\/en\/wp-json\/wp\/v2\/product_cat?post=40885"},{"taxonomy":"product_tag","embeddable":true,"href":"https:\/\/bigbuy.tupique.com\/en\/wp-json\/wp\/v2\/product_tag?post=40885"}],"curies":[{"name":"wp","href":"https:\/\/api.w.org\/{rel}","templated":true}]}}