{"id":40785,"date":"2026-03-30T12:57:14","date_gmt":"2026-03-30T11:57:14","guid":{"rendered":"https:\/\/bigbuy.tupique.com\/produto\/hard-drive-lexar-lnm990x004t-rnnng-4-tb-ssd\/"},"modified":"2026-05-11T20:00:38","modified_gmt":"2026-05-11T18:00:38","slug":"hard-drive-lexar-lnm990x004t-rnnng-4-tb-ssd","status":"publish","type":"product","link":"https:\/\/bigbuy.tupique.com\/en\/produto\/hard-drive-lexar-lnm990x004t-rnnng-4-tb-ssd\/","title":{"rendered":"Disque dur Lexar LNM990X004T-RNNNG 4 TB SSD"},"content":{"rendered":"<p>Si vous \u00eates passionn\u00e9 d&#8217;<b>informatique et d&#8217;\u00e9lectronique<\/b>, si vous \u00eates \u00e0 la pointe de la technologie et qu&#8217;aucun d\u00e9tail ne vous \u00e9chappe, achetez <b>Disque dur Lexar LNM990X004T-RNNNG 4 TB SSD<\/b> au meilleur prix.<\/p>\n<p>Le <b>Lexar NM990<\/b> est un <b>disque dur SSD<\/b> haute performance con\u00e7u pour les utilisateurs exigeants qui recherchent une grande capacit\u00e9 et rapidit\u00e9 dans leurs syst\u00e8mes. Ce mod\u00e8le M.2 offre une <b>capacit\u00e9 de 4 To SSD<\/b>, id\u00e9ale pour le stockage massif de fichiers lourds, jeux, applications professionnelles ou projets multim\u00e9dias. Il est \u00e9quip\u00e9 d\u2019une interface <b>PCI Express 4.0<\/b>, garantissant une communication rapide et efficace avec la carte m\u00e8re, capable d\u2019atteindre des vitesses de lecture jusqu\u2019\u00e0 <b>14 000 Mo\/s<\/b> et d\u2019\u00e9criture de <b>11 000 Mo\/s<\/b>. Son format compact de <b>80 mm<\/b> le rend compatible avec les ordinateurs de bureau, portables et consoles de derni\u00e8re g\u00e9n\u00e9ration disposant de slots M.2, offrant un \u00e9quilibre entre taille et performance. De plus, le SSD est con\u00e7u pour fonctionner dans une plage de temp\u00e9ratures de 0\u00ba \u00e0 70\u00ba Celsius, assurant stabilit\u00e9 et durabilit\u00e9 lors d\u2019une utilisation intensive. Gr\u00e2ce \u00e0 la technologie NVMe, cet appareil am\u00e9liore non seulement les temps de chargement et de transfert des donn\u00e9es, mais r\u00e9duit aussi la latence, offrant une exp\u00e9rience fluide pour les t\u00e2ches exigeantes comme le gaming, le montage vid\u00e9o ou le multit\u00e2che avanc\u00e9. En r\u00e9sum\u00e9, le Lexar NM990 combine une grande capacit\u00e9 avec des vitesses de pointe dans sa cat\u00e9gorie, se positionnant comme une option solide pour ceux qui souhaitent am\u00e9liorer significativement les performances de stockage de leurs \u00e9quipements.<\/p>\n<ul>\n<li>Connexions:\n<ul>\n<li>M.2<\/li>\n<li>PCI Express 4.0<\/li>\n<li>PCI Express 5.0<\/li>\n<\/ul>\n<\/li>\n<li>Disque dur: 4 TB SSD<\/li>\n<li>Compatible: SSD NVMe<\/li>\n<li>Plage de temp\u00e9ratures de travail: 0\u00ba \/ 70\u00ba<\/li>\n<\/ul>","protected":false},"excerpt":{"rendered":"<p>Si vous \u00eates passionn\u00e9 d&#8217;informatique et d&#8217;\u00e9lectronique, si vous \u00eates \u00e0 la pointe de la technologie et qu&#8217;aucun d\u00e9tail ne vous \u00e9chappe, achetez Disque dur Lexar LNM990X004T-RNNNG 4 TB SSD au meilleur prix. Le Lexar NM990 est un disque dur SSD haute performance con\u00e7u pour les utilisateurs exigeants qui recherchent une grande capacit\u00e9 et rapidit\u00e9 [&hellip;]<\/p>\n","protected":false},"featured_media":40774,"comment_status":"open","ping_status":"closed","template":"","meta":[],"product_brand":[1166],"product_cat":[588,65,584],"product_tag":[106],"class_list":{"0":"post-40785","1":"product","2":"type-product","3":"status-publish","4":"has-post-thumbnail","6":"product_brand-brandp_2133","7":"product_cat-disques-durs","8":"product_cat-informatique-electronique","9":"product_cat-informatique-reseaux-et-composants","10":"product_tag-tag_1295","12":"first","13":"instock","14":"taxable","15":"shipping-taxable","16":"purchasable","17":"product-type-simple"},"_links":{"self":[{"href":"https:\/\/bigbuy.tupique.com\/en\/wp-json\/wp\/v2\/product\/40785","targetHints":{"allow":["GET"]}}],"collection":[{"href":"https:\/\/bigbuy.tupique.com\/en\/wp-json\/wp\/v2\/product"}],"about":[{"href":"https:\/\/bigbuy.tupique.com\/en\/wp-json\/wp\/v2\/types\/product"}],"replies":[{"embeddable":true,"href":"https:\/\/bigbuy.tupique.com\/en\/wp-json\/wp\/v2\/comments?post=40785"}],"wp:featuredmedia":[{"embeddable":true,"href":"https:\/\/bigbuy.tupique.com\/en\/wp-json\/wp\/v2\/media\/40774"}],"wp:attachment":[{"href":"https:\/\/bigbuy.tupique.com\/en\/wp-json\/wp\/v2\/media?parent=40785"}],"wp:term":[{"taxonomy":"product_brand","embeddable":true,"href":"https:\/\/bigbuy.tupique.com\/en\/wp-json\/wp\/v2\/product_brand?post=40785"},{"taxonomy":"product_cat","embeddable":true,"href":"https:\/\/bigbuy.tupique.com\/en\/wp-json\/wp\/v2\/product_cat?post=40785"},{"taxonomy":"product_tag","embeddable":true,"href":"https:\/\/bigbuy.tupique.com\/en\/wp-json\/wp\/v2\/product_tag?post=40785"}],"curies":[{"name":"wp","href":"https:\/\/api.w.org\/{rel}","templated":true}]}}