{"id":40587,"date":"2026-03-30T12:43:19","date_gmt":"2026-03-30T11:43:19","guid":{"rendered":"https:\/\/bigbuy.tupique.com\/produto\/alarm-system-axis-02784-001\/"},"modified":"2026-04-15T13:56:12","modified_gmt":"2026-04-15T12:56:12","slug":"alarm-system-axis-02784-001","status":"publish","type":"product","link":"https:\/\/bigbuy.tupique.com\/en\/produto\/alarm-system-axis-02784-001\/","title":{"rendered":"Syst\u00e8me d\u00b4alarme Axis 02784-001"},"content":{"rendered":"<p>Si vous \u00eates \u00e0 la recherche de nouvelles tendances sur le march\u00e9, nous vous pr\u00e9sentons <b>Syst\u00e8me d\u00b4alarme Axis 02784-001<\/b> !<\/p>\n<ul>\n<li>Type: Syst\u00e8me d\u00b4alarme<\/li>\n<\/ul>","protected":false},"excerpt":{"rendered":"<p>Si vous \u00eates \u00e0 la recherche de nouvelles tendances sur le march\u00e9, nous vous pr\u00e9sentons Syst\u00e8me d\u00b4alarme Axis 02784-001 ! Type: Syst\u00e8me d\u00b4alarme<\/p>","protected":false},"featured_media":40583,"comment_status":"open","ping_status":"closed","template":"","meta":[],"product_brand":[645],"product_cat":[239,579,768],"product_tag":[567,210],"class_list":{"0":"post-40587","1":"product","2":"type-product","3":"status-publish","4":"has-post-thumbnail","6":"product_brand-brandp_4776","7":"product_cat-maison-jardin","8":"product_cat-securite-a-la-maison","9":"product_cat-systemes-de-securite","10":"product_tag-tag_556","11":"product_tag-tag_25","13":"first","14":"instock","15":"taxable","16":"shipping-taxable","17":"purchasable","18":"product-type-simple"},"_links":{"self":[{"href":"https:\/\/bigbuy.tupique.com\/en\/wp-json\/wp\/v2\/product\/40587","targetHints":{"allow":["GET"]}}],"collection":[{"href":"https:\/\/bigbuy.tupique.com\/en\/wp-json\/wp\/v2\/product"}],"about":[{"href":"https:\/\/bigbuy.tupique.com\/en\/wp-json\/wp\/v2\/types\/product"}],"replies":[{"embeddable":true,"href":"https:\/\/bigbuy.tupique.com\/en\/wp-json\/wp\/v2\/comments?post=40587"}],"wp:featuredmedia":[{"embeddable":true,"href":"https:\/\/bigbuy.tupique.com\/en\/wp-json\/wp\/v2\/media\/40583"}],"wp:attachment":[{"href":"https:\/\/bigbuy.tupique.com\/en\/wp-json\/wp\/v2\/media?parent=40587"}],"wp:term":[{"taxonomy":"product_brand","embeddable":true,"href":"https:\/\/bigbuy.tupique.com\/en\/wp-json\/wp\/v2\/product_brand?post=40587"},{"taxonomy":"product_cat","embeddable":true,"href":"https:\/\/bigbuy.tupique.com\/en\/wp-json\/wp\/v2\/product_cat?post=40587"},{"taxonomy":"product_tag","embeddable":true,"href":"https:\/\/bigbuy.tupique.com\/en\/wp-json\/wp\/v2\/product_tag?post=40587"}],"curies":[{"name":"wp","href":"https:\/\/api.w.org\/{rel}","templated":true}]}}