{"id":40575,"date":"2026-03-30T12:42:54","date_gmt":"2026-03-30T11:42:54","guid":{"rendered":"https:\/\/bigbuy.tupique.com\/produto\/smartphone-google-ga10312-gb-63-octa-core-16-gb-ram-128-gb-white\/"},"modified":"2026-04-16T06:00:04","modified_gmt":"2026-04-16T05:00:04","slug":"smartphone-google-ga10312-gb-63-octa-core-16-gb-ram-128-gb-white","status":"publish","type":"product","link":"https:\/\/bigbuy.tupique.com\/en\/produto\/smartphone-google-ga10312-gb-63-octa-core-16-gb-ram-128-gb-white\/","title":{"rendered":"Smartphone Google GA10312-GB 6,3&#8243; Octa Core 16 GB RAM 128 GB Blanc"},"content":{"rendered":"<p>Si vous \u00eates passionn\u00e9 d&#8217;<b>informatique et d&#8217;\u00e9lectronique<\/b>, si vous \u00eates \u00e0 la pointe de la technologie et qu&#8217;aucun d\u00e9tail ne vous \u00e9chappe, achetez <b>Smartphone Google GA10312-GB 6,3&#8243; Octa Core 16 GB RAM 128 GB Blanc<\/b> au meilleur prix.<\/p>\n<p>Le <b>Pixel 10 Pro 5G<\/b> de Google est un <b>smartphone<\/b> avanc\u00e9 qui se distingue par sa puissance, son innovation et son design raffin\u00e9, reflet de la derni\u00e8re g\u00e9n\u00e9ration d\u2019appareils de la marque. Propos\u00e9 en finitions \u00e9l\u00e9gantes <b>blanc<\/b> et <b>beige<\/b>, il dispose de <b>16 Go de RAM<\/b> pour un fonctionnement fluide m\u00eame en multit\u00e2che intensif, tandis que ses <b>128 Go de stockage interne<\/b> offrent un espace suffisant pour applications, photos et documents. L\u2019<b>\u00e9cran de 6,3 pouces<\/b> assure une visualisation claire et large, optimis\u00e9e pour les contenus multim\u00e9dias et la navigation quotidienne. Parmi ses caract\u00e9ristiques techniques figurent le <b>GPS<\/b>, le <b>barom\u00e8tre<\/b>, le <b>capteur de lumi\u00e8re ambiante<\/b> et la compatibilit\u00e9 <b>HDR<\/b>, offrant une utilisation polyvalente aussi bien pour les d\u00e9placements que pour les loisirs et la productivit\u00e9. Google dote \u00e9galement le Pixel 10 Pro 5G d\u2019une construction solide et r\u00e9sistante aux \u00e9l\u00e9ments, fid\u00e8le \u00e0 son engagement pour la durabilit\u00e9, garantissant robustesse au quotidien. L\u2019int\u00e9gration de capteurs avanc\u00e9s contribue \u00e0 une exp\u00e9rience utilisateur personnalis\u00e9e et efficace dans diff\u00e9rents environnements lumineux. Sa connectivit\u00e9 5G assure des vitesses de t\u00e9l\u00e9chargement et de navigation maximales, faisant de ce mod\u00e8le un choix tourn\u00e9 vers l\u2019avenir. Le Pixel 10 Pro 5G combine ainsi des sp\u00e9cifications techniques haut de gamme avec l\u2019\u00e9cosyst\u00e8me Google, destin\u00e9 \u00e0 ceux qui recherchent fiabilit\u00e9, fluidit\u00e9 et performances sup\u00e9rieures dans un smartphone moderne.<\/p>\n<ul>\n<li>Type: Smartphone<\/li>\n<li>Produit \u00e0 brancher: Oui<\/li>\n<li>Diagonale de l&#8217;\u00e9cran (cm): 16 cm<\/li>\n<li>Type de prise: Prise EU<\/li>\n<li>Bloc d\u2019Alimentation: r\u00e9seau \u00e9lectrique<\/li>\n<li>Ecran: 6,3&#8243;<\/li>\n<li>Syst\u00e8me d&#8217;exploitation: Android<\/li>\n<li>puissance: 30 W<\/li>\n<li>Connectivit\u00e9:\n<ul>\n<li>NFC<\/li>\n<li>Bluetooth<\/li>\n<li>BeiDou<\/li>\n<li>5G<\/li>\n<li>LTE<\/li>\n<li>WI-FI 7<\/li>\n<\/ul>\n<\/li>\n<li>Cam\u00e9ra\/Appareil Photo:\n<ul>\n<li>50 Mp<\/li>\n<li>Frontal<\/li>\n<li>Triple<\/li>\n<\/ul>\n<\/li>\n<li>Connexions:\n<ul>\n<li>USB-C<\/li>\n<li>Dual SIM<\/li>\n<\/ul>\n<\/li>\n<li>Processeur: Octa Core<\/li>\n<li>M\u00e9moire RAM: 16 GB RAM<\/li>\n<li>M\u00e9moire interne: 128 GB<\/li>\n<li>Couleur:\n<ul>\n<li>Blanc<\/li>\n<li>Beige<\/li>\n<\/ul>\n<\/li>\n<li>Caract\u00e9ristiques:\n<ul>\n<li>GPS<\/li>\n<li>Barom\u00e8tre<\/li>\n<li>Capteur de lumi\u00e8re ambiante<\/li>\n<li>HDR<\/li>\n<li>Autofocus<\/li>\n<li>Syst\u00e8me de reconnaissance faciale<\/li>\n<li>Stabilisateur d&#8217;image<\/li>\n<li>Lecteur d&#8217;empreintes<\/li>\n<li>Capteur de proximit\u00e9<\/li>\n<li>Gorilla Glass<\/li>\n<li>\u00c9cran plat<\/li>\n<\/ul>\n<\/li>\n<li>Classification \u00e9nerg\u00e9tique: A<\/li>\n<li>Capteurs:\n<ul>\n<li>Acc\u00e9l\u00e9rom\u00e8tre<\/li>\n<li>Gyroscope<\/li>\n<li>Magn\u00e9tique<\/li>\n<\/ul>\n<\/li>\n<li>Fonctions: ECO<\/li>\n<li>Technologie:\n<ul>\n<li>Mime<\/li>\n<li>Glonass<\/li>\n<li>OLED<\/li>\n<\/ul>\n<\/li>\n<li>Fr\u00e9quence: 120 Hz<\/li>\n<li>Angle: 123\u00ba<\/li>\n<li>Rapport d&#8217;aspect: 20:9<\/li>\n<li>R\u00e9solution (px): 1080 px<\/li>\n<\/ul>","protected":false},"excerpt":{"rendered":"<p>Si vous \u00eates passionn\u00e9 d&#8217;informatique et d&#8217;\u00e9lectronique, si vous \u00eates \u00e0 la pointe de la technologie et qu&#8217;aucun d\u00e9tail ne vous \u00e9chappe, achetez Smartphone Google GA10312-GB 6,3&#8243; Octa Core 16 GB RAM 128 GB Blanc au meilleur prix. Le Pixel 10 Pro 5G de Google est un smartphone avanc\u00e9 qui se distingue par sa puissance, [&hellip;]<\/p>\n","protected":false},"featured_media":40563,"comment_status":"open","ping_status":"closed","template":"","meta":[],"product_brand":[1149],"product_cat":[575,65,960],"product_tag":[213,566,106],"class_list":{"0":"post-40575","1":"product","2":"type-product","3":"status-publish","4":"has-post-thumbnail","6":"product_brand-brandp_2817","7":"product_cat-electronique-telephonie-et-tablettes","8":"product_cat-informatique-electronique","9":"product_cat-telephones-portables","10":"product_tag-tag_933","11":"product_tag-tag_547","12":"product_tag-tag_1295","14":"first","15":"instock","16":"taxable","17":"shipping-taxable","18":"purchasable","19":"product-type-simple"},"_links":{"self":[{"href":"https:\/\/bigbuy.tupique.com\/en\/wp-json\/wp\/v2\/product\/40575","targetHints":{"allow":["GET"]}}],"collection":[{"href":"https:\/\/bigbuy.tupique.com\/en\/wp-json\/wp\/v2\/product"}],"about":[{"href":"https:\/\/bigbuy.tupique.com\/en\/wp-json\/wp\/v2\/types\/product"}],"replies":[{"embeddable":true,"href":"https:\/\/bigbuy.tupique.com\/en\/wp-json\/wp\/v2\/comments?post=40575"}],"wp:featuredmedia":[{"embeddable":true,"href":"https:\/\/bigbuy.tupique.com\/en\/wp-json\/wp\/v2\/media\/40563"}],"wp:attachment":[{"href":"https:\/\/bigbuy.tupique.com\/en\/wp-json\/wp\/v2\/media?parent=40575"}],"wp:term":[{"taxonomy":"product_brand","embeddable":true,"href":"https:\/\/bigbuy.tupique.com\/en\/wp-json\/wp\/v2\/product_brand?post=40575"},{"taxonomy":"product_cat","embeddable":true,"href":"https:\/\/bigbuy.tupique.com\/en\/wp-json\/wp\/v2\/product_cat?post=40575"},{"taxonomy":"product_tag","embeddable":true,"href":"https:\/\/bigbuy.tupique.com\/en\/wp-json\/wp\/v2\/product_tag?post=40575"}],"curies":[{"name":"wp","href":"https:\/\/api.w.org\/{rel}","templated":true}]}}