{"id":40410,"date":"2026-03-30T12:32:06","date_gmt":"2026-03-30T11:32:06","guid":{"rendered":"https:\/\/bigbuy.tupique.com\/produto\/gas-hob-amica-pga6101apcb-retro-6700-w\/"},"modified":"2026-04-16T15:10:52","modified_gmt":"2026-04-16T14:10:52","slug":"gas-hob-amica-pga6101apcb-retro-6700-w","status":"publish","type":"product","link":"https:\/\/bigbuy.tupique.com\/en\/produto\/gas-hob-amica-pga6101apcb-retro-6700-w\/","title":{"rendered":"Plaque au gaz Amica PGA6101ApCb RETRO 6700 W"},"content":{"rendered":"<p>Si vous \u00eates \u00e0 la recherche de nouvelles tendances sur le march\u00e9, nous vous pr\u00e9sentons <b>Plaque au gaz Amica PGA6101ApCb RETRO 6700 W<\/b> !<\/p>\n<ul>\n<li>Type:\n<ul>\n<li>Plaque \u00e0 Induction<\/li>\n<li>Plaque au gaz<\/li>\n<\/ul>\n<\/li>\n<li>Produit \u00e0 brancher: Oui<\/li>\n<li>Caract\u00e9ristiques: Finition mate<\/li>\n<li>Type de prise: Prise EU<\/li>\n<li>Bloc d\u2019Alimentation:\n<ul>\n<li>r\u00e9seau \u00e9lectrique<\/li>\n<li>Gaz<\/li>\n<\/ul>\n<\/li>\n<li>Couleur:\n<ul>\n<li>Noir<\/li>\n<li>noir<\/li>\n<\/ul>\n<\/li>\n<li>Largeur:\n<ul>\n<li>70 cm<\/li>\n<li>59 cm<\/li>\n<li>56 cm<\/li>\n<\/ul>\n<\/li>\n<li>Mod\u00e8le: Amica<\/li>\n<li>Type d&#8217;installation: Encastrable<\/li>\n<li>puissance:\n<ul>\n<li>7400 W<\/li>\n<li>6700 W<\/li>\n<\/ul>\n<\/li>\n<li>Profondeur:\n<ul>\n<li>60 cm<\/li>\n<li>52 cm<\/li>\n<\/ul>\n<\/li>\n<li>Zones de cuisson: 4<\/li>\n<li>Dimensions approx.: 49 cm<\/li>\n<li>Mati\u00e8re:\n<ul>\n<li>Acier inoxydable<\/li>\n<li>Verre et c\u00e9ramique<\/li>\n<\/ul>\n<\/li>\n<li>Finition: Mat<\/li>\n<li>Inclut: Manuel d\u2019utilisation<\/li>\n<li>Contr\u00f4le: Plaque Tournante<\/li>\n<li>\u00c9lev\u00e9: 9 cm<\/li>\n<li>Connectivit\u00e9: No<\/li>\n<\/ul>\n<p>Informations importantes: En ce qui concerne le raccordement au gaz, il convient de respecter les r\u00e9glementations nationales en vigueur..<\/p>","protected":false},"excerpt":{"rendered":"<p>Si vous \u00eates \u00e0 la recherche de nouvelles tendances sur le march\u00e9, nous vous pr\u00e9sentons Plaque au gaz Amica PGA6101ApCb RETRO 6700 W ! Type: Plaque \u00e0 Induction Plaque au gaz Produit \u00e0 brancher: Oui Caract\u00e9ristiques: Finition mate Type de prise: Prise EU Bloc d\u2019Alimentation: r\u00e9seau \u00e9lectrique Gaz Couleur: Noir noir Largeur: 70 cm 59 [&hellip;]<\/p>\n","protected":false},"featured_media":40405,"comment_status":"open","ping_status":"closed","template":"","meta":[],"product_brand":[1381],"product_cat":[60,77,78],"product_tag":[55,59,56],"class_list":{"0":"post-40410","1":"product","2":"type-product","3":"status-publish","4":"has-post-thumbnail","6":"product_brand-brandp_7271","7":"product_cat-cuisine-gourmet","8":"product_cat-petit-electromenager","9":"product_cat-plaques-de-cuisson","10":"product_tag-tag_926","11":"product_tag-tag_1304","12":"product_tag-tag_930","14":"first","15":"instock","16":"taxable","17":"shipping-taxable","18":"purchasable","19":"product-type-simple"},"_links":{"self":[{"href":"https:\/\/bigbuy.tupique.com\/en\/wp-json\/wp\/v2\/product\/40410","targetHints":{"allow":["GET"]}}],"collection":[{"href":"https:\/\/bigbuy.tupique.com\/en\/wp-json\/wp\/v2\/product"}],"about":[{"href":"https:\/\/bigbuy.tupique.com\/en\/wp-json\/wp\/v2\/types\/product"}],"replies":[{"embeddable":true,"href":"https:\/\/bigbuy.tupique.com\/en\/wp-json\/wp\/v2\/comments?post=40410"}],"wp:featuredmedia":[{"embeddable":true,"href":"https:\/\/bigbuy.tupique.com\/en\/wp-json\/wp\/v2\/media\/40405"}],"wp:attachment":[{"href":"https:\/\/bigbuy.tupique.com\/en\/wp-json\/wp\/v2\/media?parent=40410"}],"wp:term":[{"taxonomy":"product_brand","embeddable":true,"href":"https:\/\/bigbuy.tupique.com\/en\/wp-json\/wp\/v2\/product_brand?post=40410"},{"taxonomy":"product_cat","embeddable":true,"href":"https:\/\/bigbuy.tupique.com\/en\/wp-json\/wp\/v2\/product_cat?post=40410"},{"taxonomy":"product_tag","embeddable":true,"href":"https:\/\/bigbuy.tupique.com\/en\/wp-json\/wp\/v2\/product_tag?post=40410"}],"curies":[{"name":"wp","href":"https:\/\/api.w.org\/{rel}","templated":true}]}}