{"id":40375,"date":"2026-03-30T12:30:52","date_gmt":"2026-03-30T11:30:52","guid":{"rendered":"https:\/\/bigbuy.tupique.com\/produto\/mens-watch-zeppelin-7668-3\/"},"modified":"2026-04-15T05:48:45","modified_gmt":"2026-04-15T04:48:45","slug":"mens-watch-zeppelin-7668-3","status":"publish","type":"product","link":"https:\/\/bigbuy.tupique.com\/en\/produto\/mens-watch-zeppelin-7668-3\/","title":{"rendered":"Montre Homme Zeppelin 7668-3"},"content":{"rendered":"<p>Si vous \u00eates \u00e0 la recherche de nouvelles tendances sur le march\u00e9, nous vous pr\u00e9sentons <b>Montre Homme Zeppelin 7668-3<\/b> !<\/p>\n<ul>\n<li>Genre: Homme<\/li>\n<li>Liens suppl\u00e9mentaires: Non<\/li>\n<li>Type de montre: Montre-bracelet<\/li>\n<li>Mat\u00e9riau du bracelet: Cuir<\/li>\n<li>Materiau du bo\u00eetier: Acier inoxydable<\/li>\n<li>Couleur du bracelet: Bleu<\/li>\n<li>Type de fermeture: Boucle<\/li>\n<li>Type de garantie: Du fabriquant<\/li>\n<li>Couleur du cadran: Bleu<\/li>\n<\/ul>","protected":false},"excerpt":{"rendered":"<p>Si vous \u00eates \u00e0 la recherche de nouvelles tendances sur le march\u00e9, nous vous pr\u00e9sentons Montre Homme Zeppelin 7668-3 ! Genre: Homme Liens suppl\u00e9mentaires: Non Type de montre: Montre-bracelet Mat\u00e9riau du bracelet: Cuir Materiau du bo\u00eetier: Acier inoxydable Couleur du bracelet: Bleu Type de fermeture: Boucle Type de garantie: Du fabriquant Couleur du cadran: Bleu<\/p>","protected":false},"featured_media":40364,"comment_status":"open","ping_status":"closed","template":"","meta":[],"product_brand":[1092],"product_cat":[544,574,545],"product_tag":[103,543],"class_list":{"0":"post-40375","1":"product","2":"type-product","3":"status-publish","4":"has-post-thumbnail","6":"product_brand-brandp_9619","7":"product_cat-mode-accessoires","8":"product_cat-montres-homme","9":"product_cat-montres-bracelets","10":"product_tag-tag_1261","11":"product_tag-tag_61","13":"first","14":"instock","15":"taxable","16":"shipping-taxable","17":"purchasable","18":"product-type-simple"},"_links":{"self":[{"href":"https:\/\/bigbuy.tupique.com\/en\/wp-json\/wp\/v2\/product\/40375","targetHints":{"allow":["GET"]}}],"collection":[{"href":"https:\/\/bigbuy.tupique.com\/en\/wp-json\/wp\/v2\/product"}],"about":[{"href":"https:\/\/bigbuy.tupique.com\/en\/wp-json\/wp\/v2\/types\/product"}],"replies":[{"embeddable":true,"href":"https:\/\/bigbuy.tupique.com\/en\/wp-json\/wp\/v2\/comments?post=40375"}],"wp:featuredmedia":[{"embeddable":true,"href":"https:\/\/bigbuy.tupique.com\/en\/wp-json\/wp\/v2\/media\/40364"}],"wp:attachment":[{"href":"https:\/\/bigbuy.tupique.com\/en\/wp-json\/wp\/v2\/media?parent=40375"}],"wp:term":[{"taxonomy":"product_brand","embeddable":true,"href":"https:\/\/bigbuy.tupique.com\/en\/wp-json\/wp\/v2\/product_brand?post=40375"},{"taxonomy":"product_cat","embeddable":true,"href":"https:\/\/bigbuy.tupique.com\/en\/wp-json\/wp\/v2\/product_cat?post=40375"},{"taxonomy":"product_tag","embeddable":true,"href":"https:\/\/bigbuy.tupique.com\/en\/wp-json\/wp\/v2\/product_tag?post=40375"}],"curies":[{"name":"wp","href":"https:\/\/api.w.org\/{rel}","templated":true}]}}