{"id":40029,"date":"2026-03-30T12:13:46","date_gmt":"2026-03-30T11:13:46","guid":{"rendered":"https:\/\/bigbuy.tupique.com\/produto\/usb-adaptor-startech-notecons02-vga-mdp\/"},"modified":"2026-04-16T10:11:16","modified_gmt":"2026-04-16T09:11:16","slug":"usb-adaptor-startech-notecons02-vga-mdp","status":"publish","type":"product","link":"https:\/\/bigbuy.tupique.com\/en\/produto\/usb-adaptor-startech-notecons02-vga-mdp\/","title":{"rendered":"Adaptateur USB Startech NOTECONS02-VGA-MDP"},"content":{"rendered":"<p>Si vous \u00eates \u00e0 la recherche de nouvelles tendances sur le march\u00e9, nous vous pr\u00e9sentons <b>Adaptateur USB Startech NOTECONS02-VGA-MDP<\/b> !<\/p>\n<ul>\n<li>Couleur: Noir<\/li>\n<li>Caract\u00e9ristiques:\n<ul>\n<li>Connexion USB<\/li>\n<li>Guide d&#8217;installation inclus<\/li>\n<li>T\u00e9moin de fonctionnement LED<\/li>\n<\/ul>\n<\/li>\n<li>Connexions:\n<ul>\n<li>VGA<\/li>\n<li>DisplayPort<\/li>\n<li>DisplayPort 1.2<\/li>\n<\/ul>\n<\/li>\n<li>Mati\u00e8re: Plastique<\/li>\n<li>R\u00e9solution (px): 1920 x 1200 px<\/li>\n<li>\u00c9lev\u00e9: 55 cm<\/li>\n<li>Compatible: Linux<\/li>\n<li>Bloc d\u2019Alimentation: C\u00e2ble USB<\/li>\n<li>\u00c9cran integr\u00e9: Non<\/li>\n<li>Temp\u00e9rature approximative: -40\u00ba \/ 70\u00ba<\/li>\n<\/ul>","protected":false},"excerpt":{"rendered":"<p>Si vous \u00eates \u00e0 la recherche de nouvelles tendances sur le march\u00e9, nous vous pr\u00e9sentons Adaptateur USB Startech NOTECONS02-VGA-MDP ! Couleur: Noir Caract\u00e9ristiques: Connexion USB Guide d&#8217;installation inclus T\u00e9moin de fonctionnement LED Connexions: VGA DisplayPort DisplayPort 1.2 Mati\u00e8re: Plastique R\u00e9solution (px): 1920 x 1200 px \u00c9lev\u00e9: 55 cm Compatible: Linux Bloc d\u2019Alimentation: C\u00e2ble USB \u00c9cran [&hellip;]<\/p>\n","protected":false},"featured_media":40026,"comment_status":"open","ping_status":"closed","template":"","meta":[],"product_brand":[634],"product_cat":[1373,598,65],"product_tag":[210,106],"class_list":{"0":"post-40029","1":"product","2":"type-product","3":"status-publish","4":"has-post-thumbnail","6":"product_brand-brandp_4771","7":"product_cat-cables-usb","8":"product_cat-informatique-cables-et-adaptateurs","9":"product_cat-informatique-electronique","10":"product_tag-tag_25","11":"product_tag-tag_1295","13":"first","14":"instock","15":"taxable","16":"shipping-taxable","17":"purchasable","18":"product-type-simple"},"_links":{"self":[{"href":"https:\/\/bigbuy.tupique.com\/en\/wp-json\/wp\/v2\/product\/40029","targetHints":{"allow":["GET"]}}],"collection":[{"href":"https:\/\/bigbuy.tupique.com\/en\/wp-json\/wp\/v2\/product"}],"about":[{"href":"https:\/\/bigbuy.tupique.com\/en\/wp-json\/wp\/v2\/types\/product"}],"replies":[{"embeddable":true,"href":"https:\/\/bigbuy.tupique.com\/en\/wp-json\/wp\/v2\/comments?post=40029"}],"wp:featuredmedia":[{"embeddable":true,"href":"https:\/\/bigbuy.tupique.com\/en\/wp-json\/wp\/v2\/media\/40026"}],"wp:attachment":[{"href":"https:\/\/bigbuy.tupique.com\/en\/wp-json\/wp\/v2\/media?parent=40029"}],"wp:term":[{"taxonomy":"product_brand","embeddable":true,"href":"https:\/\/bigbuy.tupique.com\/en\/wp-json\/wp\/v2\/product_brand?post=40029"},{"taxonomy":"product_cat","embeddable":true,"href":"https:\/\/bigbuy.tupique.com\/en\/wp-json\/wp\/v2\/product_cat?post=40029"},{"taxonomy":"product_tag","embeddable":true,"href":"https:\/\/bigbuy.tupique.com\/en\/wp-json\/wp\/v2\/product_tag?post=40029"}],"curies":[{"name":"wp","href":"https:\/\/api.w.org\/{rel}","templated":true}]}}