{"id":39947,"date":"2026-03-30T12:00:17","date_gmt":"2026-03-30T11:00:17","guid":{"rendered":"https:\/\/bigbuy.tupique.com\/produto\/robot-vacuum-cleaner-eureka-2\/"},"modified":"2026-04-16T17:31:25","modified_gmt":"2026-04-16T16:31:25","slug":"robot-vacuum-cleaner-eureka-2","status":"publish","type":"product","link":"https:\/\/bigbuy.tupique.com\/en\/produto\/robot-vacuum-cleaner-eureka-2\/","title":{"rendered":"Aspirateur robot Eureka"},"content":{"rendered":"<p>Si vous aimez prendre soin de chaque d\u00e9tail de votre maison et d&#8217;\u00eatre \u00e0 la derni\u00e8re mode en mati\u00e8re de produits qui vous rendront la vie plus facile, achetez <b>Aspirateur robot Eureka<\/b> au meilleur prix.<\/p>\n<p>Le <b>robot aspirateur Eureka<\/b> est un appareil con\u00e7u pour offrir un nettoyage efficace et pratique \u00e0 la maison, combinant des fonctions avanc\u00e9es avec une esth\u00e9tique moderne en <b>blanc<\/b> et un design <b>rond<\/b> qui facilite ses d\u00e9placements sur diff\u00e9rents types de surfaces et dans les recoins. Il dispose d\u2019une <b>autonomie d\u2019environ 100 minutes<\/b>, permettant de couvrir de larges zones en une seule session de nettoyage, et d\u2019un <b>temps de charge d\u2019environ 6 heures<\/b>, garantissant un bon \u00e9quilibre entre dur\u00e9e d\u2019utilisation et recharge. Sa connectivit\u00e9 <b>Wi-Fi<\/b> lui permet de s\u2019int\u00e9grer facilement aux syst\u00e8mes domotiques, offrant un contr\u00f4le \u00e0 distance via applications mobiles ou assistants vocaux, ajoutant confort et flexibilit\u00e9 \u00e0 son usage quotidien. De plus, il est con\u00e7u pour \u00eatre <b>facile \u00e0 nettoyer<\/b>, un aspect essentiel pour maintenir des performances optimales et \u00e9viter les accumulations pouvant nuire \u00e0 son fonctionnement. Avec des dimensions d\u2019environ <b>35 cm<\/b>, sa taille est adapt\u00e9e pour s\u2019int\u00e9grer sans difficult\u00e9 dans la plupart des espaces sans compromettre la maniabilit\u00e9. Ce robot aspirateur Eureka se pr\u00e9sente comme une solution pratique alliant autonomie, connectivit\u00e9 et facilit\u00e9 d\u2019entretien, pens\u00e9e pour optimiser le nettoyage quotidien avec un design simple et fonctionnel.<\/p>\n<ul>\n<li>Produit \u00e0 brancher: Oui<\/li>\n<li>Couleur: Blanc<\/li>\n<li>Largeur: 35 cm<\/li>\n<li>Caract\u00e9ristiques:\n<ul>\n<li>Facile \u00e0 nettoyer<\/li>\n<li>D\u00e9tecte les obstacles<\/li>\n<\/ul>\n<\/li>\n<li>Connectivit\u00e9: Wi-Fi<\/li>\n<li>Forme: Rond<\/li>\n<li>Temps de charge approx.: 6 heures<\/li>\n<li>Batterie rechargeable: 5200 mAh<\/li>\n<li>Type de batterie: Litio Ion<\/li>\n<li>Autonomie approx.: 100 minutes<\/li>\n<\/ul>","protected":false},"excerpt":{"rendered":"<p><span class=\"unit-info\">128.6633 &euro; \/ 1 l<\/span><\/p>","protected":false},"featured_media":39939,"comment_status":"open","ping_status":"closed","template":"","meta":[],"product_brand":[1177],"product_cat":[762,239,240],"product_tag":[59,56],"class_list":{"0":"post-39947","1":"product","2":"type-product","3":"status-publish","4":"has-post-thumbnail","6":"product_brand-brandp_10372","7":"product_cat-aspirateurs-et-robots","8":"product_cat-maison-jardin","9":"product_cat-nettoyage-aspirateur-et-repassage","10":"product_tag-tag_1304","11":"product_tag-tag_930","13":"first","14":"instock","15":"taxable","16":"shipping-taxable","17":"purchasable","18":"product-type-simple"},"_links":{"self":[{"href":"https:\/\/bigbuy.tupique.com\/en\/wp-json\/wp\/v2\/product\/39947","targetHints":{"allow":["GET"]}}],"collection":[{"href":"https:\/\/bigbuy.tupique.com\/en\/wp-json\/wp\/v2\/product"}],"about":[{"href":"https:\/\/bigbuy.tupique.com\/en\/wp-json\/wp\/v2\/types\/product"}],"replies":[{"embeddable":true,"href":"https:\/\/bigbuy.tupique.com\/en\/wp-json\/wp\/v2\/comments?post=39947"}],"wp:featuredmedia":[{"embeddable":true,"href":"https:\/\/bigbuy.tupique.com\/en\/wp-json\/wp\/v2\/media\/39939"}],"wp:attachment":[{"href":"https:\/\/bigbuy.tupique.com\/en\/wp-json\/wp\/v2\/media?parent=39947"}],"wp:term":[{"taxonomy":"product_brand","embeddable":true,"href":"https:\/\/bigbuy.tupique.com\/en\/wp-json\/wp\/v2\/product_brand?post=39947"},{"taxonomy":"product_cat","embeddable":true,"href":"https:\/\/bigbuy.tupique.com\/en\/wp-json\/wp\/v2\/product_cat?post=39947"},{"taxonomy":"product_tag","embeddable":true,"href":"https:\/\/bigbuy.tupique.com\/en\/wp-json\/wp\/v2\/product_tag?post=39947"}],"curies":[{"name":"wp","href":"https:\/\/api.w.org\/{rel}","templated":true}]}}