{"id":39938,"date":"2026-03-30T11:59:52","date_gmt":"2026-03-30T10:59:52","guid":{"rendered":"https:\/\/bigbuy.tupique.com\/produto\/robot-vacuum-cleaner-eureka\/"},"modified":"2026-04-16T17:31:26","modified_gmt":"2026-04-16T16:31:26","slug":"robot-vacuum-cleaner-eureka","status":"publish","type":"product","link":"https:\/\/bigbuy.tupique.com\/en\/produto\/robot-vacuum-cleaner-eureka\/","title":{"rendered":"Aspirateur robot Eureka"},"content":{"rendered":"<p>Si vous aimez prendre soin de chaque d\u00e9tail de votre maison et d&#8217;\u00eatre \u00e0 la derni\u00e8re mode en mati\u00e8re de produits qui vous rendront la vie plus facile, achetez <b>Aspirateur robot Eureka<\/b> au meilleur prix.<\/p>\n<p>Le <b>robot aspirateur<\/b> Eureka pr\u00e9sente un design fonctionnel et moderne, caract\u00e9ris\u00e9 par sa <b>forme ronde<\/b> et un diam\u00e8tre de <b>35 cm<\/b> qui facilite un nettoyage efficace dans les zones difficiles d\u2019acc\u00e8s, permettant de man\u0153uvrer ais\u00e9ment autour des meubles et des coins. Cet appareil se distingue par sa <b>capacit\u00e9 de r\u00e9servoir de 2 litres<\/b>, id\u00e9ale pour accumuler une quantit\u00e9 importante de poussi\u00e8re et de salet\u00e9, r\u00e9duisant ainsi la fr\u00e9quence de vidage et optimisant le temps de nettoyage. Il dispose d\u2019une <b>autonomie d\u2019environ 3 heures<\/b>, permettant de r\u00e9aliser des nettoyages complets dans des logements de taille moyenne sans interruption. Sa <b>couleur blanche<\/b> lui conf\u00e8re un aspect propre et discret, s\u2019int\u00e9grant facilement dans divers environnements domestiques. Concernant le niveau sonore, le robot fonctionne autour de <b>65-68 dB<\/b>, ce qui indique un fonctionnement relativement silencieux minimisant les nuisances pendant son usage, pouvant \u00eatre utilis\u00e9 \u00e0 diff\u00e9rents moments de la journ\u00e9e sans causer d\u2019interf\u00e9rences notables. Cet ensemble de caract\u00e9ristiques en fait une option pratique et accessible pour ceux qui souhaitent automatiser les t\u00e2ches de nettoyage quotidiennes, alliant performance efficace, confort et simplicit\u00e9 d\u2019utilisation. En r\u00e9sum\u00e9, le robot aspirateur Eureka permet d\u2019optimiser l\u2019entretien du domicile avec un bon \u00e9quilibre entre capacit\u00e9, autonomie et fonctionnement silencieux.<\/p>\n<ul>\n<li>Produit \u00e0 brancher: Oui<\/li>\n<li>Bloc d\u2019Alimentation:\n<ul>\n<li>r\u00e9seau \u00e9lectrique<\/li>\n<li>Batterie<\/li>\n<\/ul>\n<\/li>\n<li>Couleur: Blanc<\/li>\n<li>Poids: 8 kg<\/li>\n<li>Contr\u00f4le: App<\/li>\n<li>Volume sonore: 65 dB<\/li>\n<li>Indice de r\u00e9parabilit\u00e9: 8.5<\/li>\n<li>Capacit\u00e9: 2 L<\/li>\n<li>Dimensions approx.:\n<ul>\n<li>35 cm<\/li>\n<li>9,7 cm<\/li>\n<\/ul>\n<\/li>\n<li>Largeur: 35 cm<\/li>\n<li>Forme: Rond<\/li>\n<li>Autonomie approx.: 3 heures<\/li>\n<li>Niveau sonore:\n<ul>\n<li>68 dB<\/li>\n<li>65 dB<\/li>\n<\/ul>\n<\/li>\n<li>Batterie rechargeable: 5200 mAh<\/li>\n<li>Vitesse: 3 vitesses<\/li>\n<\/ul>","protected":false},"excerpt":{"rendered":"<p><span class=\"unit-info\">321.9950 &euro; \/ 1 l<\/span><\/p>","protected":false},"featured_media":39930,"comment_status":"open","ping_status":"closed","template":"","meta":[],"product_brand":[1177],"product_cat":[762,239,240],"product_tag":[59,56],"class_list":{"0":"post-39938","1":"product","2":"type-product","3":"status-publish","4":"has-post-thumbnail","6":"product_brand-brandp_10372","7":"product_cat-aspirateurs-et-robots","8":"product_cat-maison-jardin","9":"product_cat-nettoyage-aspirateur-et-repassage","10":"product_tag-tag_1304","11":"product_tag-tag_930","13":"first","14":"instock","15":"taxable","16":"shipping-taxable","17":"purchasable","18":"product-type-simple"},"_links":{"self":[{"href":"https:\/\/bigbuy.tupique.com\/en\/wp-json\/wp\/v2\/product\/39938","targetHints":{"allow":["GET"]}}],"collection":[{"href":"https:\/\/bigbuy.tupique.com\/en\/wp-json\/wp\/v2\/product"}],"about":[{"href":"https:\/\/bigbuy.tupique.com\/en\/wp-json\/wp\/v2\/types\/product"}],"replies":[{"embeddable":true,"href":"https:\/\/bigbuy.tupique.com\/en\/wp-json\/wp\/v2\/comments?post=39938"}],"wp:featuredmedia":[{"embeddable":true,"href":"https:\/\/bigbuy.tupique.com\/en\/wp-json\/wp\/v2\/media\/39930"}],"wp:attachment":[{"href":"https:\/\/bigbuy.tupique.com\/en\/wp-json\/wp\/v2\/media?parent=39938"}],"wp:term":[{"taxonomy":"product_brand","embeddable":true,"href":"https:\/\/bigbuy.tupique.com\/en\/wp-json\/wp\/v2\/product_brand?post=39938"},{"taxonomy":"product_cat","embeddable":true,"href":"https:\/\/bigbuy.tupique.com\/en\/wp-json\/wp\/v2\/product_cat?post=39938"},{"taxonomy":"product_tag","embeddable":true,"href":"https:\/\/bigbuy.tupique.com\/en\/wp-json\/wp\/v2\/product_tag?post=39938"}],"curies":[{"name":"wp","href":"https:\/\/api.w.org\/{rel}","templated":true}]}}