{"id":39929,"date":"2026-03-30T11:59:34","date_gmt":"2026-03-30T10:59:34","guid":{"rendered":"https:\/\/bigbuy.tupique.com\/produto\/shaver-braun\/"},"modified":"2026-04-16T16:22:41","modified_gmt":"2026-04-16T15:22:41","slug":"shaver-braun","status":"publish","type":"product","link":"https:\/\/bigbuy.tupique.com\/en\/produto\/shaver-braun\/","title":{"rendered":"Rasoir \u00e9lectrique Braun"},"content":{"rendered":"<p>Rasoir \u00e9lectrique Braun est un produit exclusif de qualit\u00e9 pour le soin du corps. Si vous recherchez les meilleurs produits d\u2019hygi\u00e8ne personnelle, les produits Braun 100 % originaux sont exactement ce dont vous avez besoin.<\/p>\n<p>La <b>tondeuse Braun<\/b> en couleur <b>noir<\/b> est un outil pratique et efficace con\u00e7u pour offrir un rasage confortable et pr\u00e9cis. Son design int\u00e8gre un <b>contr\u00f4le par boutons<\/b> qui facilite la gestion intuitive de ses fonctions, s\u2019adaptant aux pr\u00e9f\u00e9rences de l\u2019utilisateur. L\u2019une de ses caract\u00e9ristiques principales est qu\u2019elle est enti\u00e8rement <b>lavable<\/b>, permettant un nettoyage simple et rapide sous l\u2019eau, garantissant ainsi une meilleure hygi\u00e8ne et entretien de l\u2019appareil. De plus, elle dispose d\u2019un <b>indicateur de batterie<\/b> int\u00e9gr\u00e9, qui informe en permanence de l\u2019\u00e9tat de charge pour \u00e9viter toute interruption inattendue pendant le rasage. Elle fonctionne avec une <b>alimentation par batterie<\/b>, offrant une libert\u00e9 de mouvement sans c\u00e2ble, id\u00e9ale pour une utilisation partout. Ce mod\u00e8le inclut \u00e9galement un <b>\u00e9tui<\/b> facilitant son transport et son rangement prot\u00e9g\u00e9. Originaire d\u2019<b>Allemagne<\/b>, cette tondeuse allie qualit\u00e9 et fonctionnalit\u00e9, adapt\u00e9e \u00e0 ceux qui recherchent un outil pratique et durable pour le soin personnel quotidien. En r\u00e9sum\u00e9, cette tondeuse Braun est une option fiable int\u00e9grant les caract\u00e9ristiques essentielles pour un rasage efficace et confortable.<\/p>\n<ul>\n<li>Produit \u00e0 brancher: Oui<\/li>\n<li>Bloc d\u2019Alimentation:\n<ul>\n<li>r\u00e9seau \u00e9lectrique<\/li>\n<li>Batterie<\/li>\n<\/ul>\n<\/li>\n<li>Couleur:\n<ul>\n<li>Noir<\/li>\n<li>noir<\/li>\n<\/ul>\n<\/li>\n<li>Type de batterie:\n<ul>\n<li>Li-Ion<\/li>\n<li>Int\u00e9gr\u00e9e<\/li>\n<li>Rechargeable<\/li>\n<li>Litio Ion<\/li>\n<\/ul>\n<\/li>\n<li>Dimensions approx.:\n<ul>\n<li>24 x 13 x 8 cm<\/li>\n<li>26 x 15 x 24 cm<\/li>\n<\/ul>\n<\/li>\n<li>Caract\u00e9ristiques:\n<ul>\n<li>Lavable<\/li>\n<li>Indicateur de batterie<\/li>\n<li>Commande par boutons<\/li>\n<li>Chargement rapide et fiable<\/li>\n<\/ul>\n<\/li>\n<li>Inclut:\n<ul>\n<li>C\u00e2ble Alimentation<\/li>\n<li>Coffret<\/li>\n<li>Brosse<\/li>\n<\/ul>\n<\/li>\n<li>Temps de charge approx.: 1 heure<\/li>\n<li>Tension: 100 &#8211; 240 V<\/li>\n<li>Tondeuse: Oui<\/li>\n<\/ul>","protected":false},"excerpt":{"rendered":"<p>Rasoir \u00e9lectrique Braun est un produit exclusif de qualit\u00e9 pour le soin du corps. Si vous recherchez les meilleurs produits d\u2019hygi\u00e8ne personnelle, les produits Braun 100 % originaux sont exactement ce dont vous avez besoin. La tondeuse Braun en couleur noir est un outil pratique et efficace con\u00e7u pour offrir un rasage confortable et pr\u00e9cis. [&hellip;]<\/p>\n","protected":false},"featured_media":39920,"comment_status":"open","ping_status":"closed","template":"","meta":[],"product_brand":[854],"product_cat":[1060,1059,752],"product_tag":[722,59,56],"class_list":{"0":"post-39929","1":"product","2":"type-product","3":"status-publish","4":"has-post-thumbnail","6":"product_brand-brandp_906","7":"product_cat-epilation-et-rasage","8":"product_cat-esthetique-et-traitements-corporels","9":"product_cat-sante-beaute","10":"product_tag-tag_923","11":"product_tag-tag_1304","12":"product_tag-tag_930","14":"first","15":"instock","16":"taxable","17":"shipping-taxable","18":"purchasable","19":"product-type-simple"},"_links":{"self":[{"href":"https:\/\/bigbuy.tupique.com\/en\/wp-json\/wp\/v2\/product\/39929","targetHints":{"allow":["GET"]}}],"collection":[{"href":"https:\/\/bigbuy.tupique.com\/en\/wp-json\/wp\/v2\/product"}],"about":[{"href":"https:\/\/bigbuy.tupique.com\/en\/wp-json\/wp\/v2\/types\/product"}],"replies":[{"embeddable":true,"href":"https:\/\/bigbuy.tupique.com\/en\/wp-json\/wp\/v2\/comments?post=39929"}],"wp:featuredmedia":[{"embeddable":true,"href":"https:\/\/bigbuy.tupique.com\/en\/wp-json\/wp\/v2\/media\/39920"}],"wp:attachment":[{"href":"https:\/\/bigbuy.tupique.com\/en\/wp-json\/wp\/v2\/media?parent=39929"}],"wp:term":[{"taxonomy":"product_brand","embeddable":true,"href":"https:\/\/bigbuy.tupique.com\/en\/wp-json\/wp\/v2\/product_brand?post=39929"},{"taxonomy":"product_cat","embeddable":true,"href":"https:\/\/bigbuy.tupique.com\/en\/wp-json\/wp\/v2\/product_cat?post=39929"},{"taxonomy":"product_tag","embeddable":true,"href":"https:\/\/bigbuy.tupique.com\/en\/wp-json\/wp\/v2\/product_tag?post=39929"}],"curies":[{"name":"wp","href":"https:\/\/api.w.org\/{rel}","templated":true}]}}