{"id":39843,"date":"2026-03-30T11:56:48","date_gmt":"2026-03-30T10:56:48","guid":{"rendered":"https:\/\/bigbuy.tupique.com\/produto\/smartphone-apple-63-256-gb-blue\/"},"modified":"2026-04-16T18:35:53","modified_gmt":"2026-04-16T17:35:53","slug":"smartphone-apple-63-256-gb-blue","status":"publish","type":"product","link":"https:\/\/bigbuy.tupique.com\/en\/produto\/smartphone-apple-63-256-gb-blue\/","title":{"rendered":"Smartphone Apple 6,3&#8243; 256 GB Bleu"},"content":{"rendered":"<p>Si vous \u00eates passionn\u00e9 d&#8217;<b>informatique et d&#8217;\u00e9lectronique<\/b>, si vous \u00eates \u00e0 la pointe de la technologie et qu&#8217;aucun d\u00e9tail ne vous \u00e9chappe, achetez <b>Smartphone Apple 6,3&#8243; 256 GB Bleu<\/b> au meilleur prix.<\/p>\n<p>Le <b>smartphone<\/b> d\u2019Apple en couleur <b>bleu<\/b> offre une exp\u00e9rience \u00e9quilibr\u00e9e et fonctionnelle pour les utilisateurs recherchant un appareil avec un grand espace de stockage et des fonctionnalit\u00e9s pratiques. Son <b>\u00e9cran de 6,3 pouces<\/b> offre une taille suffisante pour visualiser le contenu confortablement et clairement, favorisant aussi bien la consommation multim\u00e9dia que la navigation et l\u2019usage quotidien. Il dispose d\u2019une capacit\u00e9 de stockage de <b>256\u00a0GB<\/b>, permettant de sauvegarder applications, photos, vid\u00e9os et documents sans souci d\u2019espace disponible. Parmi ses fonctions principales figurent l\u2019int\u00e9gration d\u2019un syst\u00e8me avanc\u00e9 de <b>GPS<\/b>, facilitant la localisation et la navigation pr\u00e9cise pour les utilisateurs actifs ou n\u00e9cessitant des services de g\u00e9olocalisation, ainsi que des capteurs compl\u00e9mentaires comme un <b>barom\u00e8tre<\/b> pour mesurer la pression atmosph\u00e9rique et un <b>capteur de lumi\u00e8re ambiante<\/b>, qui ajuste automatiquement la luminosit\u00e9 de l\u2019\u00e9cran pour optimiser la visibilit\u00e9 et r\u00e9duire la consommation d\u2019\u00e9nergie. De plus, le t\u00e9l\u00e9phone int\u00e8gre des capacit\u00e9s de <b>visiophonie<\/b> et supporte des technologies telles que le <b>HDR<\/b>, am\u00e9liorant la qualit\u00e9 visuelle en affichant une plage dynamique plus large dans les images et vid\u00e9os. Cet appareil refl\u00e8te la proposition d\u2019Apple d\u2019offrir un smartphone combinant un design attrayant avec des caract\u00e9ristiques techniques \u00e9quilibr\u00e9es, orient\u00e9es vers un usage polyvalent et fonctionnel, adapt\u00e9 aux utilisateurs qui valorisent \u00e0 la fois la capacit\u00e9 de stockage et les outils de connectivit\u00e9 et multim\u00e9dia int\u00e9gr\u00e9s.<\/p>\n<ul>\n<li>Diagonale de l&#8217;\u00e9cran (cm): 16 cm<\/li>\n<li>Produit \u00e0 brancher: Oui<\/li>\n<li>Type: Smartphone<\/li>\n<li>Bloc d\u2019Alimentation: r\u00e9seau \u00e9lectrique<\/li>\n<li>Classification IP: IP68<\/li>\n<li>Technologie:\n<ul>\n<li>Power Delivery<\/li>\n<li>OLED<\/li>\n<li>Mime<\/li>\n<li>Glonass<\/li>\n<\/ul>\n<\/li>\n<li>Capacit\u00e9 de la batterie: 3600 mAh<\/li>\n<li>Classification \u00e9nerg\u00e9tique: A<\/li>\n<li>R\u00e9solution:\n<ul>\n<li>4K Ultra HD<\/li>\n<li>460 PPP<\/li>\n<\/ul>\n<\/li>\n<li>Connectivit\u00e9:\n<ul>\n<li>Bluetooth<\/li>\n<li>HSPA+<\/li>\n<li>850\/900\/1800\/1900 GSM<\/li>\n<li>Wi-Fi<\/li>\n<li>NFC<\/li>\n<li>BeiDou<\/li>\n<li>5G<\/li>\n<li>Positionnement de Wi-Fi<\/li>\n<li>WI-FI 7<\/li>\n<\/ul>\n<\/li>\n<li>Zoom Optique:\n<ul>\n<li>4x<\/li>\n<li>2x<\/li>\n<\/ul>\n<\/li>\n<li>Zoom Num\u00e9rique: 10x<\/li>\n<li>Indice de r\u00e9parabilit\u00e9: 2.8<\/li>\n<li>Couleur: Bleu<\/li>\n<li>Caract\u00e9ristiques:\n<ul>\n<li>GPS<\/li>\n<li>Barom\u00e8tre<\/li>\n<li>Capteur de lumi\u00e8re ambiante<\/li>\n<li>Appel vid\u00e9o<\/li>\n<li>HDR<\/li>\n<li>Autofocus<\/li>\n<li>Activation vocale<\/li>\n<li>Guide d&#8217;installation inclus<\/li>\n<li>Chargement rapide et fiable<\/li>\n<li>Chargeur sans fil<\/li>\n<li>Syst\u00e8me de reconnaissance faciale<\/li>\n<li>Stabilisateur d&#8217;image<\/li>\n<li>Capteur de proximit\u00e9<\/li>\n<li>\u00c9cran avec coins arrondis<\/li>\n<li>\u00c9cran plat<\/li>\n<\/ul>\n<\/li>\n<li>Connexions:\n<ul>\n<li>USB<\/li>\n<li>USB-C<\/li>\n<li>USB 2.0<\/li>\n<li>Dual SIM<\/li>\n<\/ul>\n<\/li>\n<li>Syst\u00e8me d&#8217;exploitation: iOS<\/li>\n<li>Capteurs:\n<ul>\n<li>Acc\u00e9l\u00e9rom\u00e8tre<\/li>\n<li>Gyroscope<\/li>\n<li>Magn\u00e9tique<\/li>\n<\/ul>\n<\/li>\n<li>Ecran: 6,3&#8243;<\/li>\n<li>Inclut: Haut-parleur<\/li>\n<li>3D: Non<\/li>\n<li>Cam\u00e9ra\/Appareil Photo:\n<ul>\n<li>Dual<\/li>\n<li>Frontal<\/li>\n<li>48 MP<\/li>\n<\/ul>\n<\/li>\n<li>Fonctions:\n<ul>\n<li>ECO<\/li>\n<li>G\u00e9olocalisation<\/li>\n<li>Vibration<\/li>\n<\/ul>\n<\/li>\n<li>Brille: 1000 cd\/m\u00b2<\/li>\n<li>Non Inclus: Adaptateur AC<\/li>\n<li>Fr\u00e9quence: 120 Hz<\/li>\n<li>Angle: 120\u00ba<\/li>\n<li>Flash: Non<\/li>\n<li>Type de batterie: Litio Ion<\/li>\n<li>M\u00e9moire interne: 256 GB<\/li>\n<li>Noyaux: 6 Noyaux<\/li>\n<li>R\u00e9solution (px):\n<ul>\n<li>3840 x 2160 px<\/li>\n<li>2160 px<\/li>\n<\/ul>\n<\/li>\n<li>Processeur: A19<\/li>\n<li>Dispositif intelligent: Apple Intelligence<\/li>\n<\/ul>","protected":false},"excerpt":{"rendered":"<p>Si vous \u00eates passionn\u00e9 d&#8217;informatique et d&#8217;\u00e9lectronique, si vous \u00eates \u00e0 la pointe de la technologie et qu&#8217;aucun d\u00e9tail ne vous \u00e9chappe, achetez Smartphone Apple 6,3&#8243; 256 GB Bleu au meilleur prix. Le smartphone d\u2019Apple en couleur bleu offre une exp\u00e9rience \u00e9quilibr\u00e9e et fonctionnelle pour les utilisateurs recherchant un appareil avec un grand espace de [&hellip;]<\/p>\n","protected":false},"featured_media":39834,"comment_status":"open","ping_status":"closed","template":"","meta":[],"product_brand":[979],"product_cat":[575,65,960],"product_tag":[213,59,566,106],"class_list":{"0":"post-39843","1":"product","2":"type-product","3":"status-publish","4":"has-post-thumbnail","6":"product_brand-brandp_533","7":"product_cat-electronique-telephonie-et-tablettes","8":"product_cat-informatique-electronique","9":"product_cat-telephones-portables","10":"product_tag-tag_933","11":"product_tag-tag_1304","12":"product_tag-tag_547","13":"product_tag-tag_1295","15":"first","16":"instock","17":"taxable","18":"shipping-taxable","19":"purchasable","20":"product-type-simple"},"_links":{"self":[{"href":"https:\/\/bigbuy.tupique.com\/en\/wp-json\/wp\/v2\/product\/39843","targetHints":{"allow":["GET"]}}],"collection":[{"href":"https:\/\/bigbuy.tupique.com\/en\/wp-json\/wp\/v2\/product"}],"about":[{"href":"https:\/\/bigbuy.tupique.com\/en\/wp-json\/wp\/v2\/types\/product"}],"replies":[{"embeddable":true,"href":"https:\/\/bigbuy.tupique.com\/en\/wp-json\/wp\/v2\/comments?post=39843"}],"wp:featuredmedia":[{"embeddable":true,"href":"https:\/\/bigbuy.tupique.com\/en\/wp-json\/wp\/v2\/media\/39834"}],"wp:attachment":[{"href":"https:\/\/bigbuy.tupique.com\/en\/wp-json\/wp\/v2\/media?parent=39843"}],"wp:term":[{"taxonomy":"product_brand","embeddable":true,"href":"https:\/\/bigbuy.tupique.com\/en\/wp-json\/wp\/v2\/product_brand?post=39843"},{"taxonomy":"product_cat","embeddable":true,"href":"https:\/\/bigbuy.tupique.com\/en\/wp-json\/wp\/v2\/product_cat?post=39843"},{"taxonomy":"product_tag","embeddable":true,"href":"https:\/\/bigbuy.tupique.com\/en\/wp-json\/wp\/v2\/product_tag?post=39843"}],"curies":[{"name":"wp","href":"https:\/\/api.w.org\/{rel}","templated":true}]}}