{"id":39451,"date":"2026-03-30T11:23:54","date_gmt":"2026-03-30T10:23:54","guid":{"rendered":"https:\/\/bigbuy.tupique.com\/produto\/switch-d-link-dgs-1530-20-e\/"},"modified":"2026-05-11T20:00:36","modified_gmt":"2026-05-11T18:00:36","slug":"switch-d-link-dgs-1530-20-e","status":"publish","type":"product","link":"https:\/\/bigbuy.tupique.com\/en\/produto\/switch-d-link-dgs-1530-20-e\/","title":{"rendered":"Switch D-Link DGS-1530-20\/E"},"content":{"rendered":"<p>Si vous \u00eates passionn\u00e9 d&#8217;<b>informatique et d&#8217;\u00e9lectronique<\/b>, si vous \u00eates \u00e0 la pointe de la technologie et qu&#8217;aucun d\u00e9tail ne vous \u00e9chappe, achetez <b>Switch D-Link DGS-1530-20\/E<\/b> au meilleur prix.<\/p>\n<p>Le <b>D-Link DGS-1530-20\/E<\/b> est un <b>switch<\/b> manageable de niveau 2 con\u00e7u pour des environnements professionnels n\u00e9cessitant un r\u00e9seau fiable et performant. Cet appareil, de couleur <b>noire<\/b>, dispose de <b>8 ports RJ-45 Gigabit Ethernet (10\/100\/1000 Mbps)<\/b> garantissant des connexions rapides et stables pour plusieurs appareils en r\u00e9seau, ainsi qu\u2019un <b>port USB 2.0<\/b> pour des fonctions avanc\u00e9es de gestion et de mise \u00e0 jour du firmware. Son <b>port console RJ-45<\/b> facilite la configuration et l\u2019administration directe de l\u2019\u00e9quipement, tandis que sa capacit\u00e9 de commutation de <b>112 Gbit\/s<\/b> assure une gestion efficace du trafic, r\u00e9duisant la latence et optimisant les performances r\u00e9seau. Ce mod\u00e8le prend en charge des normes largement reconnues telles que IEEE 802.3, IEEE 802.3ab, IEEE 802.3ae, IEEE 802.3u et IEEE 802.3x, garantissant compatibilit\u00e9 et stabilit\u00e9 dans diverses infrastructures. La table d\u2019adresses MAC peut stocker jusqu\u2019\u00e0 <b>16 000 entr\u00e9es<\/b>, facilitant la gestion de nombreux appareils connect\u00e9s simultan\u00e9ment. Le DGS-1530-20\/E est con\u00e7u pour une installation en rack, s\u2019adaptant aux environnements o\u00f9 l\u2019organisation et l\u2019optimisation de l\u2019espace sont essentielles. Il fonctionne avec une plage de tension large de <b>100 \u00e0 240 V<\/b>, assurant son fonctionnement dans diff\u00e9rentes conditions \u00e9lectriques. Cette solution offre une communication en mode full duplex, maximisant la bande passante et \u00e9vitant les collisions lors de la transmission des donn\u00e9es, un \u00e9l\u00e9ment cl\u00e9 pour maintenir l\u2019efficacit\u00e9 dans les r\u00e9seaux d\u2019entreprise de taille moyenne \u00e0 grande. En r\u00e9sum\u00e9, le DGS-1530-20\/E est un \u00e9quipement robuste et polyvalent r\u00e9pondant aux exigences des r\u00e9seaux modernes, combinant un design compact avec des fonctionnalit\u00e9s avanc\u00e9es de commutation et de gestion. Son int\u00e9gration facilite un environnement r\u00e9seau s\u00e9curis\u00e9 et contr\u00f4l\u00e9, id\u00e9al pour optimiser les performances et la gestion des infrastructures informatiques.<\/p>\n<ul>\n<li>Type de prise: Prise EU<\/li>\n<li>Produit \u00e0 brancher: Oui<\/li>\n<li>Type:\n<ul>\n<li>Switch<\/li>\n<li>Empilable<\/li>\n<\/ul>\n<\/li>\n<li>Bloc d\u2019Alimentation: r\u00e9seau \u00e9lectrique<\/li>\n<li>Couleur: Noir<\/li>\n<li>Connexions:\n<ul>\n<li>USB 2.0<\/li>\n<li>RJ45<\/li>\n<li>Ethernet LAN<\/li>\n<li>rj45 x 8<\/li>\n<\/ul>\n<\/li>\n<li>Tension:\n<ul>\n<li>100-240 V<\/li>\n<li>100 &#8211; 240 V<\/li>\n<\/ul>\n<\/li>\n<li>Fr\u00e9quence: 50-60 Hz<\/li>\n<li>Support: Multisupport<\/li>\n<li>N\u00b0 de rainures: 2<\/li>\n<li>Caract\u00e9ristiques:\n<ul>\n<li>T\u00e9moin de fonctionnement LED<\/li>\n<li>Protection des donn\u00e9es\/mot de passe<\/li>\n<\/ul>\n<\/li>\n<li>Fr\u00e9quence d&#8217;entr\u00e9e AC: 50-60 Hz<\/li>\n<li>vitesse: 10\/100\/1000 Mbps<\/li>\n<li>Temp\u00e9rature approximative: &#8211; 20\u00baC \/ 70\u00b0C<\/li>\n<li>S\u00e9curit\u00e9: IGMP<\/li>\n<\/ul>","protected":false},"excerpt":{"rendered":"<p>Si vous \u00eates passionn\u00e9 d&#8217;informatique et d&#8217;\u00e9lectronique, si vous \u00eates \u00e0 la pointe de la technologie et qu&#8217;aucun d\u00e9tail ne vous \u00e9chappe, achetez Switch D-Link DGS-1530-20\/E au meilleur prix. Le D-Link DGS-1530-20\/E est un switch manageable de niveau 2 con\u00e7u pour des environnements professionnels n\u00e9cessitant un r\u00e9seau fiable et performant. Cet appareil, de couleur noire, [&hellip;]<\/p>\n","protected":false},"featured_media":39449,"comment_status":"open","ping_status":"closed","template":"","meta":[],"product_brand":[640],"product_cat":[65,584,585],"product_tag":[106],"class_list":{"0":"post-39451","1":"product","2":"type-product","3":"status-publish","4":"has-post-thumbnail","6":"product_brand-brandp_543","7":"product_cat-informatique-electronique","8":"product_cat-informatique-reseaux-et-composants","9":"product_cat-switch","10":"product_tag-tag_1295","12":"first","13":"instock","14":"taxable","15":"shipping-taxable","16":"purchasable","17":"product-type-simple"},"_links":{"self":[{"href":"https:\/\/bigbuy.tupique.com\/en\/wp-json\/wp\/v2\/product\/39451","targetHints":{"allow":["GET"]}}],"collection":[{"href":"https:\/\/bigbuy.tupique.com\/en\/wp-json\/wp\/v2\/product"}],"about":[{"href":"https:\/\/bigbuy.tupique.com\/en\/wp-json\/wp\/v2\/types\/product"}],"replies":[{"embeddable":true,"href":"https:\/\/bigbuy.tupique.com\/en\/wp-json\/wp\/v2\/comments?post=39451"}],"wp:featuredmedia":[{"embeddable":true,"href":"https:\/\/bigbuy.tupique.com\/en\/wp-json\/wp\/v2\/media\/39449"}],"wp:attachment":[{"href":"https:\/\/bigbuy.tupique.com\/en\/wp-json\/wp\/v2\/media?parent=39451"}],"wp:term":[{"taxonomy":"product_brand","embeddable":true,"href":"https:\/\/bigbuy.tupique.com\/en\/wp-json\/wp\/v2\/product_brand?post=39451"},{"taxonomy":"product_cat","embeddable":true,"href":"https:\/\/bigbuy.tupique.com\/en\/wp-json\/wp\/v2\/product_cat?post=39451"},{"taxonomy":"product_tag","embeddable":true,"href":"https:\/\/bigbuy.tupique.com\/en\/wp-json\/wp\/v2\/product_tag?post=39451"}],"curies":[{"name":"wp","href":"https:\/\/api.w.org\/{rel}","templated":true}]}}