{"id":39448,"date":"2026-03-30T11:23:48","date_gmt":"2026-03-30T10:23:48","guid":{"rendered":"https:\/\/bigbuy.tupique.com\/produto\/switch-d-link-dgs-1530-52-e\/"},"modified":"2026-04-15T05:48:14","modified_gmt":"2026-04-15T04:48:14","slug":"switch-d-link-dgs-1530-52-e","status":"publish","type":"product","link":"https:\/\/bigbuy.tupique.com\/en\/produto\/switch-d-link-dgs-1530-52-e\/","title":{"rendered":"Switch D-Link DGS-1530-52\/E"},"content":{"rendered":"<p>Si vous \u00eates passionn\u00e9 d&#8217;<b>informatique et d&#8217;\u00e9lectronique<\/b>, si vous \u00eates \u00e0 la pointe de la technologie et qu&#8217;aucun d\u00e9tail ne vous \u00e9chappe, achetez <b>Switch D-Link DGS-1530-52\/E<\/b> au meilleur prix.<\/p>\n<p>Le <b>DGS-1530-52\/E<\/b> de <b>D-Link<\/b> est un <b>switch manageable<\/b> de couche 2 con\u00e7u pour les environnements professionnels n\u00e9cessitant une grande capacit\u00e9 et flexibilit\u00e9 dans la gestion des r\u00e9seaux. Ce mod\u00e8le dispose de <b>48 ports Gigabit Ethernet RJ-45<\/b> supportant des vitesses jusqu\u2019\u00e0 10\/100\/1000 Mbps, offrant une connectivit\u00e9 rapide et stable pour plusieurs appareils simultan\u00e9ment. Il int\u00e8gre \u00e9galement un <b>port USB 2.0<\/b> et un <b>port console RJ-45<\/b> facilitant l\u2019administration avanc\u00e9e et l\u2019int\u00e9gration avec d\u2019autres syst\u00e8mes. Sa capacit\u00e9 de commutation de <b>176 Gbit\/s<\/b> et une table d\u2019adresses MAC jusqu\u2019\u00e0 <b>16 000 entr\u00e9es<\/b> assurent une gestion efficace du trafic et la segmentation des r\u00e9seaux, \u00e9vitant les collisions et am\u00e9liorant les performances globales. Ce switch prend en charge des fonctions r\u00e9seau avanc\u00e9es conformes aux normes IEEE 802.3, 802.3u, 802.3ab, 802.3ae et 802.3x, incluant le contr\u00f4le de flux et les connexions Full Duplex bidirectionnelles, optimisant la fiabilit\u00e9 et la vitesse des communications. L\u2019appareil pr\u00e9sente un design robuste de couleur <b>noir<\/b> et est compatible avec le montage en rack, facilitant son int\u00e9gration dans les centres de donn\u00e9es ou armoires de communication professionnelles. Il fonctionne sous une plage de tension large de <b>100-240 V<\/b>, garantissant sa polyvalence dans diff\u00e9rents lieux. Le DGS-1530-52\/E est une solution r\u00e9seau professionnelle offrant fiabilit\u00e9, haute capacit\u00e9 et gestion flexible pour les infrastructures d\u2019entreprise exigeant un contr\u00f4le rigoureux et des performances constantes.<\/p>\n<ul>\n<li>Type de prise: Prise EU<\/li>\n<li>Produit \u00e0 brancher: Oui<\/li>\n<li>Type:\n<ul>\n<li>Switch<\/li>\n<li>Empilable<\/li>\n<\/ul>\n<\/li>\n<li>Bloc d\u2019Alimentation: r\u00e9seau \u00e9lectrique<\/li>\n<li>Couleur: Noir<\/li>\n<li>Connexions:\n<ul>\n<li>USB 2.0<\/li>\n<li>RJ45<\/li>\n<li>RJ45 x 48<\/li>\n<li>Ethernet LAN<\/li>\n<\/ul>\n<\/li>\n<li>Tension:\n<ul>\n<li>100-240 V<\/li>\n<li>100 &#8211; 240 V<\/li>\n<\/ul>\n<\/li>\n<li>Ventillateur: 2<\/li>\n<li>Fr\u00e9quence: 50-60 Hz<\/li>\n<li>Support: Multisupport<\/li>\n<li>N\u00b0 de rainures: 4<\/li>\n<li>Caract\u00e9ristiques:\n<ul>\n<li>T\u00e9moin de fonctionnement LED<\/li>\n<li>Protection des donn\u00e9es\/mot de passe<\/li>\n<\/ul>\n<\/li>\n<li>Fr\u00e9quence d&#8217;entr\u00e9e AC: 50-60 Hz<\/li>\n<li>vitesse: 10\/100\/1000 Mbps<\/li>\n<li>Largeur: 44 cm<\/li>\n<li>S\u00e9curit\u00e9: IGMP<\/li>\n<li>Long: 21 cm<\/li>\n<\/ul>","protected":false},"excerpt":{"rendered":"<p>Si vous \u00eates passionn\u00e9 d&#8217;informatique et d&#8217;\u00e9lectronique, si vous \u00eates \u00e0 la pointe de la technologie et qu&#8217;aucun d\u00e9tail ne vous \u00e9chappe, achetez Switch D-Link DGS-1530-52\/E au meilleur prix. Le DGS-1530-52\/E de D-Link est un switch manageable de couche 2 con\u00e7u pour les environnements professionnels n\u00e9cessitant une grande capacit\u00e9 et flexibilit\u00e9 dans la gestion des [&hellip;]<\/p>\n","protected":false},"featured_media":39446,"comment_status":"open","ping_status":"closed","template":"","meta":[],"product_brand":[640],"product_cat":[65,584,585],"product_tag":[106],"class_list":{"0":"post-39448","1":"product","2":"type-product","3":"status-publish","4":"has-post-thumbnail","6":"product_brand-brandp_543","7":"product_cat-informatique-electronique","8":"product_cat-informatique-reseaux-et-composants","9":"product_cat-switch","10":"product_tag-tag_1295","12":"first","13":"instock","14":"taxable","15":"shipping-taxable","16":"purchasable","17":"product-type-simple"},"_links":{"self":[{"href":"https:\/\/bigbuy.tupique.com\/en\/wp-json\/wp\/v2\/product\/39448","targetHints":{"allow":["GET"]}}],"collection":[{"href":"https:\/\/bigbuy.tupique.com\/en\/wp-json\/wp\/v2\/product"}],"about":[{"href":"https:\/\/bigbuy.tupique.com\/en\/wp-json\/wp\/v2\/types\/product"}],"replies":[{"embeddable":true,"href":"https:\/\/bigbuy.tupique.com\/en\/wp-json\/wp\/v2\/comments?post=39448"}],"wp:featuredmedia":[{"embeddable":true,"href":"https:\/\/bigbuy.tupique.com\/en\/wp-json\/wp\/v2\/media\/39446"}],"wp:attachment":[{"href":"https:\/\/bigbuy.tupique.com\/en\/wp-json\/wp\/v2\/media?parent=39448"}],"wp:term":[{"taxonomy":"product_brand","embeddable":true,"href":"https:\/\/bigbuy.tupique.com\/en\/wp-json\/wp\/v2\/product_brand?post=39448"},{"taxonomy":"product_cat","embeddable":true,"href":"https:\/\/bigbuy.tupique.com\/en\/wp-json\/wp\/v2\/product_cat?post=39448"},{"taxonomy":"product_tag","embeddable":true,"href":"https:\/\/bigbuy.tupique.com\/en\/wp-json\/wp\/v2\/product_tag?post=39448"}],"curies":[{"name":"wp","href":"https:\/\/api.w.org\/{rel}","templated":true}]}}