{"id":39429,"date":"2026-03-30T11:23:02","date_gmt":"2026-03-30T10:23:02","guid":{"rendered":"https:\/\/bigbuy.tupique.com\/produto\/smartwatch-apple-black-46-mm\/"},"modified":"2026-05-11T20:02:05","modified_gmt":"2026-05-11T18:02:05","slug":"smartwatch-apple-black-46-mm","status":"publish","type":"product","link":"https:\/\/bigbuy.tupique.com\/en\/produto\/smartwatch-apple-black-46-mm\/","title":{"rendered":"Montre intelligente Apple Noir 46 mm"},"content":{"rendered":"<p>Si vous \u00eates passionn\u00e9 d&#8217;<b>informatique et d&#8217;\u00e9lectronique<\/b>, si vous \u00eates \u00e0 la pointe de la technologie et qu&#8217;aucun d\u00e9tail ne vous \u00e9chappe, achetez <b>Montre intelligente Apple Noir 46 mm<\/b> au meilleur prix.<\/p>\n<p>La <b>smartwatch<\/b> d\u2019Apple en couleur <b>noir<\/b> allie design moderne et fonctionnalit\u00e9s avanc\u00e9es, id\u00e9ale pour ceux qui recherchent un appareil polyvalent et confortable au quotidien. Con\u00e7ue avec un <b>bracelet en caoutchouc<\/b> offrant durabilit\u00e9 et souplesse, ainsi qu\u2019une <b>structure en aluminium<\/b> l\u00e9g\u00e8re et r\u00e9sistante, cette montre connect\u00e9e propose un \u00e9quilibre parfait entre qualit\u00e9 et style. Son <b>\u00e9cran tactile<\/b> permet une navigation intuitive et une r\u00e9ponse rapide, facilitant l\u2019acc\u00e8s aux diff\u00e9rentes applications et fonctions. \u00c9quip\u00e9 d\u2019un <b>acc\u00e9l\u00e9rom\u00e8tre<\/b>, cet appareil enregistre pr\u00e9cis\u00e9ment les mouvements lors d\u2019activit\u00e9s physiques, contribuant \u00e0 un suivi efficace du sport et de la sant\u00e9. Il int\u00e8gre \u00e9galement des <b>haut-parleurs int\u00e9gr\u00e9s<\/b> pour diffuser sons et notifications sans casque, am\u00e9liorant l\u2019exp\u00e9rience multim\u00e9dia et l\u2019interaction avec la montre. C\u00f4t\u00e9 connectivit\u00e9, il dispose du <b>Bluetooth<\/b> et du <b>Wi-Fi<\/b>, facilitant la synchronisation avec d\u2019autres appareils et l\u2019acc\u00e8s \u00e0 Internet pour recevoir mises \u00e0 jour et notifications en temps r\u00e9el. L\u2019association de mat\u00e9riaux robustes et d\u2019une technologie pr\u00e9cise fait de cette smartwatch un outil fiable pour un usage quotidien comme pour l\u2019entra\u00eenement et les usages technologiques avanc\u00e9s. Ce dispositif repr\u00e9sente une solution technologique \u00e9quilibr\u00e9e pour les utilisateurs qui valorisent qualit\u00e9, fonctionnalit\u00e9 et design dans une montre intelligente Apple.<\/p>\n<ul>\n<li>Type de montre: Montre intelligente<\/li>\n<li>Produit \u00e0 brancher: Oui<\/li>\n<li>Bloc d\u2019Alimentation: r\u00e9seau \u00e9lectrique<\/li>\n<li>Couleur: Noir<\/li>\n<li>Taille:\n<ul>\n<li>30 mm<\/li>\n<li>240 mm<\/li>\n<li>39 mm<\/li>\n<li>46 mm<\/li>\n<li>77 mm<\/li>\n<li>M<\/li>\n<li>M\/L<\/li>\n<\/ul>\n<\/li>\n<li>Connectivit\u00e9:\n<ul>\n<li>Bluetooth<\/li>\n<li>Wi-Fi 4 (802.11n)<\/li>\n<li>Wi-Fi<\/li>\n<li>GPS<\/li>\n<li>NFC<\/li>\n<li>Glonass<\/li>\n<li>BeiDou<\/li>\n<li>Galileo<\/li>\n<li>Bluetooth Low Energy<\/li>\n<li>Bluetooth 5.3<\/li>\n<\/ul>\n<\/li>\n<li>Caisse:\n<ul>\n<li>45 mm<\/li>\n<li>46 mm<\/li>\n<\/ul>\n<\/li>\n<li>Poids approx.:\n<ul>\n<li>38 g<\/li>\n<li>300 g<\/li>\n<\/ul>\n<\/li>\n<li>Compatible:\n<ul>\n<li>iOS<\/li>\n<li>Siri<\/li>\n<\/ul>\n<\/li>\n<li>R\u00e9sistant \u00e0 l&#8217;eau: 50 m<\/li>\n<li>Mati\u00e8re:\n<ul>\n<li>Caoutchouc<\/li>\n<li>Aluminium<\/li>\n<\/ul>\n<\/li>\n<li>Caract\u00e9ristiques:\n<ul>\n<li>Acc\u00e9l\u00e9rom\u00e8tre<\/li>\n<li>Haut-parleurs int\u00e9gr\u00e9s<\/li>\n<li>Ecran tactile<\/li>\n<li>Capteur de lumi\u00e8re ambiante<\/li>\n<li>Gyroscope<\/li>\n<li>Altim\u00e8tre<\/li>\n<li>Microphone int\u00e9gr\u00e9<\/li>\n<li>Distance parcourue<\/li>\n<li>Moniteur de Sommeil<\/li>\n<li>Charge magn\u00e9tique<\/li>\n<li>Multisport<\/li>\n<li>Capteur de niveau d&#8217;oxyg\u00e8ne dans le sang<\/li>\n<li>\u00c9cran avec coins arrondis<\/li>\n<\/ul>\n<\/li>\n<li>Fonctions:\n<ul>\n<li>\u00c9cran couleur<\/li>\n<li>Moniteur de Sommeil<\/li>\n<li>Moniteur de fr\u00e9quence cardiaque<\/li>\n<\/ul>\n<\/li>\n<li>Type de batterie:\n<ul>\n<li>Int\u00e9gr\u00e9e<\/li>\n<li>Litio Ion<\/li>\n<\/ul>\n<\/li>\n<li>M\u00e9moire interne: 64 GB<\/li>\n<li>Forme: Rectangulaire<\/li>\n<li>Cam\u00e9ra\/Appareil Photo: Non<\/li>\n<li>Chargeur sans fil: Oui<\/li>\n<li>Radio FM: Non<\/li>\n<li>Technologie: OLED<\/li>\n<li>Connexion USB: Non<\/li>\n<li>Sangle: Amovible<\/li>\n<li>Non Inclus: Connexion au r\u00e9seau mobile<\/li>\n<li>M\u00e9moire Flash: 64 MB<\/li>\n<li>Noyaux: 2 Noyaux<\/li>\n<\/ul>","protected":false},"excerpt":{"rendered":"<p><span class=\"unit-info\">8934.9351 &euro; \/ 1 m<\/span><\/p>","protected":false},"featured_media":39414,"comment_status":"open","ping_status":"closed","template":"","meta":[],"product_brand":[979],"product_cat":[575,65,748],"product_tag":[103,59,566,106],"class_list":{"0":"post-39429","1":"product","2":"type-product","3":"status-publish","4":"has-post-thumbnail","6":"product_brand-brandp_533","7":"product_cat-electronique-telephonie-et-tablettes","8":"product_cat-informatique-electronique","9":"product_cat-smartwatches","10":"product_tag-tag_1261","11":"product_tag-tag_1304","12":"product_tag-tag_547","13":"product_tag-tag_1295","15":"first","16":"instock","17":"taxable","18":"shipping-taxable","19":"purchasable","20":"product-type-simple"},"_links":{"self":[{"href":"https:\/\/bigbuy.tupique.com\/en\/wp-json\/wp\/v2\/product\/39429","targetHints":{"allow":["GET"]}}],"collection":[{"href":"https:\/\/bigbuy.tupique.com\/en\/wp-json\/wp\/v2\/product"}],"about":[{"href":"https:\/\/bigbuy.tupique.com\/en\/wp-json\/wp\/v2\/types\/product"}],"replies":[{"embeddable":true,"href":"https:\/\/bigbuy.tupique.com\/en\/wp-json\/wp\/v2\/comments?post=39429"}],"wp:featuredmedia":[{"embeddable":true,"href":"https:\/\/bigbuy.tupique.com\/en\/wp-json\/wp\/v2\/media\/39414"}],"wp:attachment":[{"href":"https:\/\/bigbuy.tupique.com\/en\/wp-json\/wp\/v2\/media?parent=39429"}],"wp:term":[{"taxonomy":"product_brand","embeddable":true,"href":"https:\/\/bigbuy.tupique.com\/en\/wp-json\/wp\/v2\/product_brand?post=39429"},{"taxonomy":"product_cat","embeddable":true,"href":"https:\/\/bigbuy.tupique.com\/en\/wp-json\/wp\/v2\/product_cat?post=39429"},{"taxonomy":"product_tag","embeddable":true,"href":"https:\/\/bigbuy.tupique.com\/en\/wp-json\/wp\/v2\/product_tag?post=39429"}],"curies":[{"name":"wp","href":"https:\/\/api.w.org\/{rel}","templated":true}]}}