{"id":39368,"date":"2026-03-30T11:20:23","date_gmt":"2026-03-30T10:20:23","guid":{"rendered":"https:\/\/bigbuy.tupique.com\/produto\/smartphone-samsung-sm-s918b\/"},"modified":"2026-04-15T05:48:11","modified_gmt":"2026-04-15T04:48:11","slug":"smartphone-samsung-sm-s918b","status":"publish","type":"product","link":"https:\/\/bigbuy.tupique.com\/en\/produto\/smartphone-samsung-sm-s918b\/","title":{"rendered":"Smartphone Samsung SM-S918B"},"content":{"rendered":"<p>Si vous \u00eates passionn\u00e9 d&#8217;<b>informatique et d&#8217;\u00e9lectronique<\/b>, si vous \u00eates \u00e0 la pointe de la technologie et qu&#8217;aucun d\u00e9tail ne vous \u00e9chappe, achetez <b>Smartphone Samsung SM-S918B<\/b> au meilleur prix.<\/p>\n<ul>\n<li>R\u00e9solution (px):\n<ul>\n<li>3088 X 1440 PX<\/li>\n<li>4320 X 7680 PX<\/li>\n<\/ul>\n<\/li>\n<li>Capacit\u00e9 de la batterie: 5000 mAh<\/li>\n<li>Fr\u00e9quence: 120 Hz<\/li>\n<li>Technologie:\n<ul>\n<li>OLED<\/li>\n<li>Corning Gorilla Glass<\/li>\n<li>OTG<\/li>\n<li>52.1 Dynamic AMOLED 2X<\/li>\n<li>LED<\/li>\n<li>Mime<\/li>\n<li>Glonass<\/li>\n<\/ul>\n<\/li>\n<li>Caract\u00e9ristiques:\n<ul>\n<li>Capteurs<\/li>\n<li>Lecteur d&#8217;empreintes<\/li>\n<li>\u00c9cran plat<\/li>\n<li>Chargement rapide<\/li>\n<li>Interface USB<\/li>\n<li>Android<\/li>\n<li>Ecran<\/li>\n<li>HDR<\/li>\n<li>Vibration<\/li>\n<li>NFC<\/li>\n<li>R\u00e9sistant \u00e0 l&#8217;eau<\/li>\n<li>R\u00e9sistant \u00e0 la poussi\u00e8re<\/li>\n<li>GPS<\/li>\n<li>Capteur de lumi\u00e8re ambiante<\/li>\n<li>MMS<\/li>\n<li>Appel vid\u00e9o<\/li>\n<li>Autofocus<\/li>\n<li>Activation vocale<\/li>\n<li>Chargement rapide et fiable<\/li>\n<li>SMS<\/li>\n<li>Syst\u00e8me de reconnaissance faciale<\/li>\n<li>Capteur de proximit\u00e9<\/li>\n<li>Gorilla Glass<\/li>\n<li>\u00c9cran avec coins arrondis<\/li>\n<\/ul>\n<\/li>\n<li>Non Inclus: Adaptateur AC<\/li>\n<li>Type de flash: LED<\/li>\n<li>Acc\u00e9l\u00e9rom\u00e8tre: Oui<\/li>\n<li>Glonass: Oui<\/li>\n<li>Processeur:\n<ul>\n<li>Qualcomm Snapdragon<\/li>\n<li>Qualcomm Snapdragon 8 Gen 2<\/li>\n<li>Octa Core<\/li>\n<\/ul>\n<\/li>\n<li>Haut-parleur: Oui<\/li>\n<li>Chargeur sans fil: Oui<\/li>\n<li>Connexions:\n<ul>\n<li>nano SIM<\/li>\n<li>USB-C<\/li>\n<li>Dual SIM<\/li>\n<li>USB 3.2<\/li>\n<li>USB<\/li>\n<li>USB OTG<\/li>\n<\/ul>\n<\/li>\n<li>Mati\u00e8re:\n<ul>\n<li>verre<\/li>\n<li>Aluminium<\/li>\n<\/ul>\n<\/li>\n<li>Poids approx.: 233 G<\/li>\n<li>Brille:\n<ul>\n<li>1750 CD \/ M\u00b2<\/li>\n<li>1200 CD \/ M\u00b2<\/li>\n<\/ul>\n<\/li>\n<li>Syst\u00e8me d&#8217;exploitation:\n<ul>\n<li>Android 13<\/li>\n<li>Android<\/li>\n<\/ul>\n<\/li>\n<li>Connectivit\u00e9:\n<ul>\n<li>Bluetooth 5.3<\/li>\n<li>Wi-Fi 6 GHz<\/li>\n<li>Wi-Fi 5 GHz<\/li>\n<li>5G<\/li>\n<li>4G<\/li>\n<li>Wi-Fi<\/li>\n<li>Bluetooth<\/li>\n<li>GPS<\/li>\n<li>NFC<\/li>\n<li>Bluetooth 5.0<\/li>\n<li>BeiDou<\/li>\n<li>Galileo<\/li>\n<\/ul>\n<\/li>\n<li>Noyaux:\n<ul>\n<li>8 Noyaux<\/li>\n<li>8<\/li>\n<\/ul>\n<\/li>\n<li>Couleur:\n<ul>\n<li>Beige<\/li>\n<li>Cr\u00e8me<\/li>\n<li>Blanc<\/li>\n<li>Noir<\/li>\n<\/ul>\n<\/li>\n<li>Zoom Optique: 10x<\/li>\n<li>Zoom Num\u00e9rique: 100x<\/li>\n<li>Facteur de forme: Bar<\/li>\n<li>Ecran: 6,8&#8243;<\/li>\n<li>GPS: Oui<\/li>\n<li>M\u00e9moire RAM: 8 GB RAM<\/li>\n<li>Classification IP: IP68<\/li>\n<li>Diagonale de l&#8217;\u00e9cran (cm): 17,3 cm<\/li>\n<li>Produit \u00e0 brancher: Oui<\/li>\n<li>Type de prise: Prise EU<\/li>\n<li>Fonctions:\n<ul>\n<li>Vibration<\/li>\n<li>ECO<\/li>\n<\/ul>\n<\/li>\n<li>M\u00e9moire interne: 256 GB<\/li>\n<li>Type: Smartphone<\/li>\n<li>Bloc d\u2019Alimentation: r\u00e9seau \u00e9lectrique<\/li>\n<li>Indice de r\u00e9parabilit\u00e9: 8.2<\/li>\n<li>Capteurs: Acc\u00e9l\u00e9rom\u00e8tre<\/li>\n<li>Inclut: Haut-parleur<\/li>\n<li>Cam\u00e9ra\/Appareil Photo:\n<ul>\n<li>Frontal<\/li>\n<li>10 Mp<\/li>\n<\/ul>\n<\/li>\n<li>Famille de processeurs: Qualcomm Snapdragon<\/li>\n<\/ul>","protected":false},"excerpt":{"rendered":"<p>Si vous \u00eates passionn\u00e9 d&#8217;informatique et d&#8217;\u00e9lectronique, si vous \u00eates \u00e0 la pointe de la technologie et qu&#8217;aucun d\u00e9tail ne vous \u00e9chappe, achetez Smartphone Samsung SM-S918B au meilleur prix. R\u00e9solution (px): 3088 X 1440 PX 4320 X 7680 PX Capacit\u00e9 de la batterie: 5000 mAh Fr\u00e9quence: 120 Hz Technologie: OLED Corning Gorilla Glass OTG 52.1 [&hellip;]<\/p>\n","protected":false},"featured_media":39363,"comment_status":"open","ping_status":"closed","template":"","meta":[],"product_brand":[183],"product_cat":[1338,65,584],"product_tag":[106],"class_list":{"0":"post-39368","1":"product","2":"type-product","3":"status-publish","4":"has-post-thumbnail","6":"product_brand-brandp_576","7":"product_cat-cartes-memoires","8":"product_cat-informatique-electronique","9":"product_cat-informatique-reseaux-et-composants","10":"product_tag-tag_1295","12":"first","13":"instock","14":"taxable","15":"shipping-taxable","16":"purchasable","17":"product-type-simple"},"_links":{"self":[{"href":"https:\/\/bigbuy.tupique.com\/en\/wp-json\/wp\/v2\/product\/39368","targetHints":{"allow":["GET"]}}],"collection":[{"href":"https:\/\/bigbuy.tupique.com\/en\/wp-json\/wp\/v2\/product"}],"about":[{"href":"https:\/\/bigbuy.tupique.com\/en\/wp-json\/wp\/v2\/types\/product"}],"replies":[{"embeddable":true,"href":"https:\/\/bigbuy.tupique.com\/en\/wp-json\/wp\/v2\/comments?post=39368"}],"wp:featuredmedia":[{"embeddable":true,"href":"https:\/\/bigbuy.tupique.com\/en\/wp-json\/wp\/v2\/media\/39363"}],"wp:attachment":[{"href":"https:\/\/bigbuy.tupique.com\/en\/wp-json\/wp\/v2\/media?parent=39368"}],"wp:term":[{"taxonomy":"product_brand","embeddable":true,"href":"https:\/\/bigbuy.tupique.com\/en\/wp-json\/wp\/v2\/product_brand?post=39368"},{"taxonomy":"product_cat","embeddable":true,"href":"https:\/\/bigbuy.tupique.com\/en\/wp-json\/wp\/v2\/product_cat?post=39368"},{"taxonomy":"product_tag","embeddable":true,"href":"https:\/\/bigbuy.tupique.com\/en\/wp-json\/wp\/v2\/product_tag?post=39368"}],"curies":[{"name":"wp","href":"https:\/\/api.w.org\/{rel}","templated":true}]}}