{"id":38745,"date":"2026-03-30T10:33:51","date_gmt":"2026-03-30T09:33:51","guid":{"rendered":"https:\/\/bigbuy.tupique.com\/produto\/original-ink-cartridge-hp-magenta\/"},"modified":"2026-04-16T18:10:51","modified_gmt":"2026-04-16T17:10:51","slug":"original-ink-cartridge-hp-magenta","status":"publish","type":"product","link":"https:\/\/bigbuy.tupique.com\/en\/produto\/original-ink-cartridge-hp-magenta\/","title":{"rendered":"Cartouche d&#8217;encre originale HP Magenta"},"content":{"rendered":"<p>Si vous \u00eates passionn\u00e9 d&#8217;<b>informatique et d&#8217;\u00e9lectronique<\/b>, si vous \u00eates \u00e0 la pointe de la technologie et qu&#8217;aucun d\u00e9tail ne vous \u00e9chappe, achetez <b>Cartouche d&#8217;encre originale HP Magenta<\/b> au meilleur prix.<\/p>\n<p>La <b>cartouche d\u2019encre originale HP M0J98AE<\/b> en couleur <b>magenta<\/b> est sp\u00e9cialement con\u00e7ue pour optimiser les performances des imprimantes <b>HP PageWide Pro 750, 772 et 777<\/b>, garantissant des r\u00e9sultats de haute qualit\u00e9 et une reproduction fid\u00e8le des couleurs. Cette cartouche fait partie de la gamme de produits <b>originaux<\/b> HP, assurant une compatibilit\u00e9 totale et une fiabilit\u00e9 maximale gr\u00e2ce \u00e0 une int\u00e9gration optimale avec l\u2019appareil, \u00e9vitant ainsi taches, bourrages ou d\u00e9fauts d\u2019impression souvent li\u00e9s aux consommables non officiels. L\u2019encre \u00e0 haute capacit\u00e9 du mod\u00e8le <b>991X<\/b> permet un volume d\u2019impression plus important, id\u00e9al pour les environnements professionnels ou les utilisateurs n\u00e9cessitant une impression fr\u00e9quente sans interruptions r\u00e9p\u00e9t\u00e9es pour le remplacement. En utilisant cette encre originale, l\u2019intensit\u00e9 et l\u2019uniformit\u00e9 du magenta sont maintenues sur textes et graphiques, essentielles pour les documents, pr\u00e9sentations ou supports marketing exigeant pr\u00e9cision chromatique et durabilit\u00e9. Son design adapt\u00e9 aux imprimantes PageWide favorise un flux de travail efficace, avec un s\u00e9chage rapide et une r\u00e9sistance \u00e0 l\u2019usure, \u00e9vitant la d\u00e9gradation due \u00e0 la manipulation ou \u00e0 l\u2019exposition \u00e0 la lumi\u00e8re. De plus, son installation simple facilite l\u2019entretien de l\u2019imprimante, optimisant le temps d\u2019utilisation. En r\u00e9sum\u00e9, cette cartouche d\u2019encre originale HP M0J98AE offre une solution professionnelle pour ceux qui recherchent une qualit\u00e9 constante et des performances fiables en impression couleur, que ce soit en milieu professionnel ou personnel.<\/p>\n<ul>\n<li>Type:\n<ul>\n<li>Original<\/li>\n<li>Cartouche d&#8217;encre originale<\/li>\n<\/ul>\n<\/li>\n<li>Poids: 330 g<\/li>\n<li>Hauteur: 48 mm<\/li>\n<li>Unit\u00e9s: 1 Unit\u00e9<\/li>\n<li>Capacit\u00e9: 16000 Pages<\/li>\n<li>Technologie: Inkjet<\/li>\n<li>Compatible:\n<ul>\n<li>PAGEWIDE MFP 772DN<\/li>\n<li>PAGEWIDE 777Z<\/li>\n<li>Pagewide Color 755dn<\/li>\n<li>Pagewide Color Mfp 774dn<\/li>\n<li>Imprimante<\/li>\n<li>HP<\/li>\n<\/ul>\n<\/li>\n<li>Couleur: Magenta<\/li>\n<li>Caract\u00e9ristiques: Original<\/li>\n<\/ul>\n<p><\/p>\n<p>Id\u00e9al pour 5 \u00e0 20 personnes ayant besoin d\u2019imprimer entre 15 000 et 50 000 pages par mois et qui ont besoin d\u2019une cartouche d\u2019encre de couleur \u00e0 un prix abordable et d\u2019une disponibilit\u00e9 maximale.<br \/>\nVous pouvez compter sur des impressions couleur de qualit\u00e9 professionnelle pour un excellent rapport qualit\u00e9-prix et obtenir les r\u00e9sultats que vous attendez \u00e0 chaque impression. Les cartouches HP PageWide con\u00e7ues par HP offrent des performances d\u2019impression constantes et une excellente qualit\u00e9, le tout \u00e0 un prix abordable exig\u00e9 par les entreprises.<\/p>\n<p><\/p>\n<ul>\n<li>Type: Original<\/li>\n<li>Couleurs d&#8217;impression: Magenta<\/li>\n<li>Compatibilit\u00e9 de marque: HP<\/li>\n<li>Compatibilit\u00e9: HP PageWide 774, 779 \/ HP PageWide Pro 750, 755, 772, 777<\/li>\n<li>Quantit\u00e9: 1 pi\u00e8ce(s)<\/li>\n<li>Type d\u2019encre de couleur: Encre \u00e0 pigments<\/li>\n<li>Quantit\u00e9 de cartouches d&#8217;encre de couleur: 1<\/li>\n<li>Volume d&#8217;encre de couleur: 187 ml<\/li>\n<li>Rendement par page d&#8217;encre de couleur: 16000 pages<\/li>\n<li>Type de cartouche d&#8217;encre: Rendement \u00e9lev\u00e9 (XL)<\/li>\n<li>Type d&#8217;encre: Encre \u00e0 pigments<\/li>\n<li>Code OEM: M0J94AE<\/li>\n<li>Segment HP: Professionnel, Entreprise<\/li>\n<li>Largeur: 220 mm<\/li>\n<li>Profondeur: 52 mm<\/li>\n<li>Hauteur: 48 mm<\/li>\n<li>Poids: 330 g<\/li>\n<li>Largeur du colis: 220 mm<\/li>\n<li>Profondeur du colis: 52 mm<\/li>\n<li>Hauteur du colis: 48 mm<\/li>\n<li>Poids du paquet: 350 g<\/li>\n<\/ul>","protected":false},"excerpt":{"rendered":"<p><span class=\"unit-info\">348.9900 &euro; \/ 1 unit<\/span><\/p>","protected":false},"featured_media":38728,"comment_status":"open","ping_status":"closed","template":"","meta":[],"product_brand":[630],"product_cat":[595,65,581],"product_tag":[213,59,106],"class_list":{"0":"post-38745","1":"product","2":"type-product","3":"status-publish","4":"has-post-thumbnail","6":"product_brand-brandp_909","7":"product_cat-cartouches-d-encre-originale","8":"product_cat-informatique-electronique","9":"product_cat-informatique-peripheriques-et-consommables","10":"product_tag-tag_933","11":"product_tag-tag_1304","12":"product_tag-tag_1295","14":"first","15":"instock","16":"taxable","17":"shipping-taxable","18":"purchasable","19":"product-type-simple"},"_links":{"self":[{"href":"https:\/\/bigbuy.tupique.com\/en\/wp-json\/wp\/v2\/product\/38745","targetHints":{"allow":["GET"]}}],"collection":[{"href":"https:\/\/bigbuy.tupique.com\/en\/wp-json\/wp\/v2\/product"}],"about":[{"href":"https:\/\/bigbuy.tupique.com\/en\/wp-json\/wp\/v2\/types\/product"}],"replies":[{"embeddable":true,"href":"https:\/\/bigbuy.tupique.com\/en\/wp-json\/wp\/v2\/comments?post=38745"}],"wp:featuredmedia":[{"embeddable":true,"href":"https:\/\/bigbuy.tupique.com\/en\/wp-json\/wp\/v2\/media\/38728"}],"wp:attachment":[{"href":"https:\/\/bigbuy.tupique.com\/en\/wp-json\/wp\/v2\/media?parent=38745"}],"wp:term":[{"taxonomy":"product_brand","embeddable":true,"href":"https:\/\/bigbuy.tupique.com\/en\/wp-json\/wp\/v2\/product_brand?post=38745"},{"taxonomy":"product_cat","embeddable":true,"href":"https:\/\/bigbuy.tupique.com\/en\/wp-json\/wp\/v2\/product_cat?post=38745"},{"taxonomy":"product_tag","embeddable":true,"href":"https:\/\/bigbuy.tupique.com\/en\/wp-json\/wp\/v2\/product_tag?post=38745"}],"curies":[{"name":"wp","href":"https:\/\/api.w.org\/{rel}","templated":true}]}}