{"id":38724,"date":"2026-03-30T10:32:59","date_gmt":"2026-03-30T09:32:59","guid":{"rendered":"https:\/\/bigbuy.tupique.com\/produto\/meat-slicer-hkoenig-red\/"},"modified":"2026-04-16T18:05:34","modified_gmt":"2026-04-16T17:05:34","slug":"meat-slicer-hkoenig-red","status":"publish","type":"product","link":"https:\/\/bigbuy.tupique.com\/en\/produto\/meat-slicer-hkoenig-red\/","title":{"rendered":"Trancheuse de viande Hkoenig Rouge"},"content":{"rendered":"<p>Si vous recherchez des \u00e9lectrom\u00e9nagers pour votre maison aux meilleurs prix, ne manquez pas <b>Trancheuse de viande Hkoenig Rouge<\/b> et une large s\u00e9lection de petits \u00e9lectrom\u00e9nagers de qualit\u00e9 !<\/p>\n<ul>\n<li>Type: Trancheuse de viande<\/li>\n<li>Couleur: Rouge<\/li>\n<li>Mati\u00e8re: Aluminium<\/li>\n<li>Poids: 15 kg<\/li>\n<\/ul>","protected":false},"excerpt":{"rendered":"<p>Si vous recherchez des \u00e9lectrom\u00e9nagers pour votre maison aux meilleurs prix, ne manquez pas Trancheuse de viande Hkoenig Rouge et une large s\u00e9lection de petits \u00e9lectrom\u00e9nagers de qualit\u00e9 ! Type: Trancheuse de viande Couleur: Rouge Mati\u00e8re: Aluminium Poids: 15 kg<\/p>","protected":false},"featured_media":38712,"comment_status":"open","ping_status":"closed","template":"","meta":[],"product_brand":[288],"product_cat":[393,60,77],"product_tag":[59,56],"class_list":{"0":"post-38724","1":"product","2":"type-product","3":"status-publish","4":"has-post-thumbnail","6":"product_brand-brandp_5611","7":"product_cat-autres-appareils-de-cuisines","8":"product_cat-cuisine-gourmet","9":"product_cat-petit-electromenager","10":"product_tag-tag_1304","11":"product_tag-tag_930","13":"first","14":"instock","15":"taxable","16":"shipping-taxable","17":"purchasable","18":"product-type-simple"},"_links":{"self":[{"href":"https:\/\/bigbuy.tupique.com\/en\/wp-json\/wp\/v2\/product\/38724","targetHints":{"allow":["GET"]}}],"collection":[{"href":"https:\/\/bigbuy.tupique.com\/en\/wp-json\/wp\/v2\/product"}],"about":[{"href":"https:\/\/bigbuy.tupique.com\/en\/wp-json\/wp\/v2\/types\/product"}],"replies":[{"embeddable":true,"href":"https:\/\/bigbuy.tupique.com\/en\/wp-json\/wp\/v2\/comments?post=38724"}],"wp:featuredmedia":[{"embeddable":true,"href":"https:\/\/bigbuy.tupique.com\/en\/wp-json\/wp\/v2\/media\/38712"}],"wp:attachment":[{"href":"https:\/\/bigbuy.tupique.com\/en\/wp-json\/wp\/v2\/media?parent=38724"}],"wp:term":[{"taxonomy":"product_brand","embeddable":true,"href":"https:\/\/bigbuy.tupique.com\/en\/wp-json\/wp\/v2\/product_brand?post=38724"},{"taxonomy":"product_cat","embeddable":true,"href":"https:\/\/bigbuy.tupique.com\/en\/wp-json\/wp\/v2\/product_cat?post=38724"},{"taxonomy":"product_tag","embeddable":true,"href":"https:\/\/bigbuy.tupique.com\/en\/wp-json\/wp\/v2\/product_tag?post=38724"}],"curies":[{"name":"wp","href":"https:\/\/api.w.org\/{rel}","templated":true}]}}