{"id":38687,"date":"2026-03-30T10:21:28","date_gmt":"2026-03-30T09:21:28","guid":{"rendered":"https:\/\/bigbuy.tupique.com\/produto\/tool-set-powerplus-5-units\/"},"modified":"2026-04-16T17:31:27","modified_gmt":"2026-04-16T16:31:27","slug":"tool-set-powerplus-5-units","status":"publish","type":"product","link":"https:\/\/bigbuy.tupique.com\/en\/produto\/tool-set-powerplus-5-units\/","title":{"rendered":"Set d&#8217;outils Powerplus (5 Unit\u00e9s)"},"content":{"rendered":"<p>Si vous aimez prendre soin de chaque d\u00e9tail de votre maison et d&#8217;\u00eatre \u00e0 la derni\u00e8re mode en mati\u00e8re de produits qui vous rendront la vie plus facile, achetez <b>Set d&#8217;outils Powerplus (5 Unit\u00e9s)<\/b> au meilleur prix.<\/p>\n<p>Le <b>set d\u2019outils<\/b> <b>Powerplus<\/b> est un pack complet compos\u00e9 de <b>5 unit\u00e9s<\/b> id\u00e9ales pour de multiples t\u00e2ches de bricolage et travaux professionnels. Cet ensemble polyvalent inclut un <b>perceuse\/visseuse<\/b>, une <b>meuleuse d\u2019angle<\/b>, un <b>outil multifonction oscillant<\/b> et deux <b>scies<\/b> (circulaire et sauteuse), tous con\u00e7us pour offrir puissance et pr\u00e9cision dans diverses applications. Fonctionnant avec une <b>puissance de 20 V<\/b>, chaque outil optimise les performances gr\u00e2ce \u00e0 la technologie sans fil, offrant libert\u00e9 et mobilit\u00e9, facilitant les travaux en l\u2019absence d\u2019alimentation \u00e9lectrique directe. Sa couleur <b>orange<\/b> permet une identification rapide et apporte une touche distinctive, tandis que la combinaison de <b>mat\u00e9riaux m\u00e9talliques et plastiques<\/b> assure une structure robuste, durable et l\u00e9g\u00e8re pour une prise en main ergonomique. De plus, le syst\u00e8me int\u00e9gr\u00e9 avec <b>prise europ\u00e9enne (EU)<\/b> garantit la compatibilit\u00e9 avec les prises standard pour recharger les batteries ou utiliser des accessoires compatibles. Ce set r\u00e9pond aux besoins basiques et sp\u00e9cialis\u00e9s des utilisateurs recherchant des outils de qualit\u00e9 \u00e0 fonctionnalit\u00e9 double, adapt\u00e9s aussi bien aux professionnels qu\u2019aux amateurs de bricolage souhaitant un \u00e9quipement fiable et efficace. En r\u00e9sum\u00e9, le pack Powerplus repr\u00e9sente une solution compl\u00e8te et polyvalente alliant puissance, vari\u00e9t\u00e9 et praticit\u00e9 en un seul achat.<\/p>\n<ul>\n<li>Produit \u00e0 brancher: Oui<\/li>\n<li>Inclut:\n<ul>\n<li>5<\/li>\n<li>Perceuse<\/li>\n<li>Meuleuse<\/li>\n<li>Scie circulaire<\/li>\n<li>Scie sauteuse<\/li>\n<\/ul>\n<\/li>\n<li>Type de prise: Prise EU<\/li>\n<li>Bloc d\u2019Alimentation: r\u00e9seau \u00e9lectrique<\/li>\n<li>Couleur:\n<ul>\n<li>Orange<\/li>\n<li>noir<\/li>\n<\/ul>\n<\/li>\n<li>Dimensions approx.: 60 x 42 x 41 cm<\/li>\n<li>Mati\u00e8re:\n<ul>\n<li>M\u00e9tal<\/li>\n<li>Plastique<\/li>\n<\/ul>\n<\/li>\n<li>Unit\u00e9s: 5 Unit\u00e9s<\/li>\n<\/ul>","protected":false},"excerpt":{"rendered":"<p><span class=\"unit-info\">90.1980 &euro; \/ 1 unit<\/span><\/p>","protected":false},"featured_media":38682,"comment_status":"open","ping_status":"closed","template":"","meta":[],"product_brand":[827],"product_cat":[613,239],"product_tag":[59,210],"class_list":{"0":"post-38687","1":"product","2":"type-product","3":"status-publish","4":"has-post-thumbnail","6":"product_brand-brandp_6227","7":"product_cat-bricolage-et-materiel","8":"product_cat-maison-jardin","9":"product_tag-tag_1304","10":"product_tag-tag_25","12":"first","13":"instock","14":"taxable","15":"shipping-taxable","16":"purchasable","17":"product-type-simple"},"_links":{"self":[{"href":"https:\/\/bigbuy.tupique.com\/en\/wp-json\/wp\/v2\/product\/38687","targetHints":{"allow":["GET"]}}],"collection":[{"href":"https:\/\/bigbuy.tupique.com\/en\/wp-json\/wp\/v2\/product"}],"about":[{"href":"https:\/\/bigbuy.tupique.com\/en\/wp-json\/wp\/v2\/types\/product"}],"replies":[{"embeddable":true,"href":"https:\/\/bigbuy.tupique.com\/en\/wp-json\/wp\/v2\/comments?post=38687"}],"wp:featuredmedia":[{"embeddable":true,"href":"https:\/\/bigbuy.tupique.com\/en\/wp-json\/wp\/v2\/media\/38682"}],"wp:attachment":[{"href":"https:\/\/bigbuy.tupique.com\/en\/wp-json\/wp\/v2\/media?parent=38687"}],"wp:term":[{"taxonomy":"product_brand","embeddable":true,"href":"https:\/\/bigbuy.tupique.com\/en\/wp-json\/wp\/v2\/product_brand?post=38687"},{"taxonomy":"product_cat","embeddable":true,"href":"https:\/\/bigbuy.tupique.com\/en\/wp-json\/wp\/v2\/product_cat?post=38687"},{"taxonomy":"product_tag","embeddable":true,"href":"https:\/\/bigbuy.tupique.com\/en\/wp-json\/wp\/v2\/product_tag?post=38687"}],"curies":[{"name":"wp","href":"https:\/\/api.w.org\/{rel}","templated":true}]}}