{"id":38679,"date":"2026-03-30T10:21:11","date_gmt":"2026-03-30T09:21:11","guid":{"rendered":"https:\/\/bigbuy.tupique.com\/produto\/power-inverter-zeuz-1000-w-1200-w\/"},"modified":"2026-04-16T21:55:23","modified_gmt":"2026-04-16T20:55:23","slug":"power-inverter-zeuz-1000-w-1200-w","status":"publish","type":"product","link":"https:\/\/bigbuy.tupique.com\/en\/produto\/power-inverter-zeuz-1000-w-1200-w\/","title":{"rendered":"Inverseur de puissance ZEUZ 1000 W 1200 W"},"content":{"rendered":"<p>Si vous aimez prendre soin de chaque d\u00e9tail de votre maison et d&#8217;\u00eatre \u00e0 la derni\u00e8re mode en mati\u00e8re de produits qui vous rendront la vie plus facile, achetez <b>Inverseur de puissance ZEUZ 1000 W 1200 W<\/b> au meilleur prix.<\/p>\n<p>Le <b>convertisseur de puissance ZEUZ<\/b> est un appareil con\u00e7u pour offrir une solution efficace dans la conversion et la r\u00e9gulation de l\u2019\u00e9nergie \u00e9lectrique, particuli\u00e8rement adapt\u00e9 pour alimenter des ordinateurs portables et petits appareils \u00e9lectroniques. Avec une puissance nominale de <b>1000 W<\/b> et une puissance maximale de <b>1200 W<\/b>, il garantit une alimentation stable et continue qui prot\u00e8ge les \u00e9quipements connect\u00e9s contre les fluctuations \u00e9lectriques. Son design en couleur <b>rouge<\/b> allie une finition attrayante \u00e0 des mat\u00e9riaux robustes, assurant durabilit\u00e9 et style. Il est \u00e9quip\u00e9 d\u2019une <b>prise EU<\/b> compatible avec les prises europ\u00e9ennes standard, facilitant son utilisation dans divers environnements et applications. Le convertisseur fonctionne avec un niveau sonore d\u2019environ <b>95 dB<\/b>, un aspect \u00e0 prendre en compte dans les lieux o\u00f9 le bruit est un facteur critique. De plus, il d\u00e9livre un courant de sortie de <b>4 A<\/b>, adapt\u00e9 pour maintenir un flux \u00e9lectrique constant vers des dispositifs sensibles comme les chargeurs portables. Cette unit\u00e9 convient \u00e0 ceux qui ont besoin d\u2019un syst\u00e8me compact fournissant une \u00e9nergie propre et s\u00e9curis\u00e9e pour leurs appareils \u00e9lectroniques en mobilit\u00e9 ou dans des espaces avec une alimentation \u00e9lectrique limit\u00e9e ou instable. Le g\u00e9n\u00e9rateur convertisseur ZEUZ 1200 W VALMF2000 repr\u00e9sente une solution pratique et fiable dans le segment des convertisseurs compacts pour un usage domestique ou professionnel basique.<\/p>\n<ul>\n<li>Type: Chargeur d&#8217;ordinateur portable<\/li>\n<li>Produit \u00e0 brancher: Oui<\/li>\n<li>Type de prise: Prise EU<\/li>\n<li>Bloc d\u2019Alimentation: r\u00e9seau \u00e9lectrique<\/li>\n<li>Couleur: rouge<\/li>\n<li>puissance:\n<ul>\n<li>1000 W<\/li>\n<li>1200 W<\/li>\n<\/ul>\n<\/li>\n<li>Tension: 230 V<\/li>\n<li>Amp\u00e9rage: 4 A<\/li>\n<li>Certificat:\n<ul>\n<li>RoHS<\/li>\n<li>CE<\/li>\n<\/ul>\n<\/li>\n<li>Poids approx.: 15 kg<\/li>\n<li>Poids: 15 kg<\/li>\n<\/ul>","protected":false},"excerpt":{"rendered":"<p>Si vous aimez prendre soin de chaque d\u00e9tail de votre maison et d&#8217;\u00eatre \u00e0 la derni\u00e8re mode en mati\u00e8re de produits qui vous rendront la vie plus facile, achetez Inverseur de puissance ZEUZ 1000 W 1200 W au meilleur prix. Le convertisseur de puissance ZEUZ est un appareil con\u00e7u pour offrir une solution efficace dans [&hellip;]<\/p>\n","protected":false},"featured_media":181246,"comment_status":"open","ping_status":"closed","template":"","meta":[],"product_brand":[1004],"product_cat":[613,239],"product_tag":[59,210],"class_list":{"0":"post-38679","1":"product","2":"type-product","3":"status-publish","4":"has-post-thumbnail","6":"product_brand-brandp_9145","7":"product_cat-bricolage-et-materiel","8":"product_cat-maison-jardin","9":"product_tag-tag_1304","10":"product_tag-tag_25","12":"first","13":"instock","14":"taxable","15":"shipping-taxable","16":"purchasable","17":"product-type-simple"},"_links":{"self":[{"href":"https:\/\/bigbuy.tupique.com\/en\/wp-json\/wp\/v2\/product\/38679","targetHints":{"allow":["GET"]}}],"collection":[{"href":"https:\/\/bigbuy.tupique.com\/en\/wp-json\/wp\/v2\/product"}],"about":[{"href":"https:\/\/bigbuy.tupique.com\/en\/wp-json\/wp\/v2\/types\/product"}],"replies":[{"embeddable":true,"href":"https:\/\/bigbuy.tupique.com\/en\/wp-json\/wp\/v2\/comments?post=38679"}],"wp:featuredmedia":[{"embeddable":true,"href":"https:\/\/bigbuy.tupique.com\/en\/wp-json\/wp\/v2\/media\/181246"}],"wp:attachment":[{"href":"https:\/\/bigbuy.tupique.com\/en\/wp-json\/wp\/v2\/media?parent=38679"}],"wp:term":[{"taxonomy":"product_brand","embeddable":true,"href":"https:\/\/bigbuy.tupique.com\/en\/wp-json\/wp\/v2\/product_brand?post=38679"},{"taxonomy":"product_cat","embeddable":true,"href":"https:\/\/bigbuy.tupique.com\/en\/wp-json\/wp\/v2\/product_cat?post=38679"},{"taxonomy":"product_tag","embeddable":true,"href":"https:\/\/bigbuy.tupique.com\/en\/wp-json\/wp\/v2\/product_tag?post=38679"}],"curies":[{"name":"wp","href":"https:\/\/api.w.org\/{rel}","templated":true}]}}