{"id":38657,"date":"2026-03-30T10:20:17","date_gmt":"2026-03-30T09:20:17","guid":{"rendered":"https:\/\/bigbuy.tupique.com\/produto\/tool-set-powerplus-4-units\/"},"modified":"2026-04-16T17:31:28","modified_gmt":"2026-04-16T16:31:28","slug":"tool-set-powerplus-4-units","status":"publish","type":"product","link":"https:\/\/bigbuy.tupique.com\/en\/produto\/tool-set-powerplus-4-units\/","title":{"rendered":"Set d&#8217;outils Powerplus (4 Unit\u00e9s)"},"content":{"rendered":"<p>Si vous aimez prendre soin de chaque d\u00e9tail de votre maison et d&#8217;\u00eatre \u00e0 la derni\u00e8re mode en mati\u00e8re de produits qui vous rendront la vie plus facile, achetez <b>Set d&#8217;outils Powerplus (4 Unit\u00e9s)<\/b> au meilleur prix.<\/p>\n<p>Le <b>set d\u2019outils Powerplus<\/b> est un pack complet comprenant <b>4 unit\u00e9s<\/b> essentielles pour les travaux de bricolage et de r\u00e9paration \u00e0 la maison ou \u00e0 l\u2019atelier. Cet ensemble se distingue par la combinaison d\u2019un <b>perceuse\/visseuse<\/b> et de trois types de scies : <b>sauteuse, sabre et circulaire<\/b>, le tout aliment\u00e9 par la technologie <b>DUAL POWER 20 V<\/b>, offrant une puissance polyvalente adapt\u00e9e \u00e0 diverses applications. De plus, le kit inclut <b>2 batteries rechargeables<\/b> et un chargeur, garantissant une autonomie prolong\u00e9e et la continuit\u00e9 du travail sans interruption. Les outils pr\u00e9sentent un design robuste avec un bo\u00eetier en <b>mat\u00e9riau m\u00e9tallique<\/b> assurant durabilit\u00e9 et r\u00e9sistance, ainsi que des \u00e9l\u00e9ments en <b>plastique orange<\/b> facilitant la prise en main et am\u00e9liorant l\u2019ergonomie lors de l\u2019utilisation. Cette couleur vive contribue aussi \u00e0 une identification rapide sur le lieu de travail, am\u00e9liorant l\u2019organisation. Le set est con\u00e7u pour fonctionner avec une <b>prise EU<\/b>, assurant compatibilit\u00e9 et s\u00e9curit\u00e9 sur les prises standards en Espagne et en Europe. La polyvalence de ce kit permet de percer, d\u00e9couper en courbe, \u00e9barber et couper droit avec pr\u00e9cision et facilit\u00e9, couvrant la plupart des besoins courants en construction ou maintenance. Gr\u00e2ce \u00e0 son \u00e9quilibre entre puissance, fonctionnalit\u00e9 et design, le <b>set d\u2019outils Powerplus<\/b> est une solution pratique et fiable pour les utilisateurs recherchant un \u00e9quipement multifonctionnel. En r\u00e9sum\u00e9, il repr\u00e9sente une offre compl\u00e8te et bien \u00e9quilibr\u00e9e pour ceux qui exigent qualit\u00e9 et performance dans un ensemble d\u2019outils professionnels et semi-professionnels.<\/p>\n<ul>\n<li>Produit \u00e0 brancher: Oui<\/li>\n<li>Inclut:\n<ul>\n<li>4<\/li>\n<li>Perceuse<\/li>\n<li>Scie circulaire<\/li>\n<li>Scie sabre<\/li>\n<li>Scie sauteuse<\/li>\n<\/ul>\n<\/li>\n<li>Type de prise: Prise EU<\/li>\n<li>Bloc d\u2019Alimentation: r\u00e9seau \u00e9lectrique<\/li>\n<li>Couleur:\n<ul>\n<li>Orange<\/li>\n<li>noir<\/li>\n<\/ul>\n<\/li>\n<li>Dimensions approx.: 60 x 42 x 41 cm<\/li>\n<li>Mati\u00e8re:\n<ul>\n<li>M\u00e9tal<\/li>\n<li>Plastique<\/li>\n<\/ul>\n<\/li>\n<li>Unit\u00e9s: 4 Unit\u00e9s<\/li>\n<\/ul>","protected":false},"excerpt":{"rendered":"<p><span class=\"unit-info\">92.2475 &euro; \/ 1 unit<\/span><\/p>","protected":false},"featured_media":38652,"comment_status":"open","ping_status":"closed","template":"","meta":[],"product_brand":[827],"product_cat":[613,239],"product_tag":[59,210],"class_list":{"0":"post-38657","1":"product","2":"type-product","3":"status-publish","4":"has-post-thumbnail","6":"product_brand-brandp_6227","7":"product_cat-bricolage-et-materiel","8":"product_cat-maison-jardin","9":"product_tag-tag_1304","10":"product_tag-tag_25","12":"first","13":"instock","14":"taxable","15":"shipping-taxable","16":"purchasable","17":"product-type-simple"},"_links":{"self":[{"href":"https:\/\/bigbuy.tupique.com\/en\/wp-json\/wp\/v2\/product\/38657","targetHints":{"allow":["GET"]}}],"collection":[{"href":"https:\/\/bigbuy.tupique.com\/en\/wp-json\/wp\/v2\/product"}],"about":[{"href":"https:\/\/bigbuy.tupique.com\/en\/wp-json\/wp\/v2\/types\/product"}],"replies":[{"embeddable":true,"href":"https:\/\/bigbuy.tupique.com\/en\/wp-json\/wp\/v2\/comments?post=38657"}],"wp:featuredmedia":[{"embeddable":true,"href":"https:\/\/bigbuy.tupique.com\/en\/wp-json\/wp\/v2\/media\/38652"}],"wp:attachment":[{"href":"https:\/\/bigbuy.tupique.com\/en\/wp-json\/wp\/v2\/media?parent=38657"}],"wp:term":[{"taxonomy":"product_brand","embeddable":true,"href":"https:\/\/bigbuy.tupique.com\/en\/wp-json\/wp\/v2\/product_brand?post=38657"},{"taxonomy":"product_cat","embeddable":true,"href":"https:\/\/bigbuy.tupique.com\/en\/wp-json\/wp\/v2\/product_cat?post=38657"},{"taxonomy":"product_tag","embeddable":true,"href":"https:\/\/bigbuy.tupique.com\/en\/wp-json\/wp\/v2\/product_tag?post=38657"}],"curies":[{"name":"wp","href":"https:\/\/api.w.org\/{rel}","templated":true}]}}