{"id":38529,"date":"2026-03-30T10:14:47","date_gmt":"2026-03-30T09:14:47","guid":{"rendered":"https:\/\/bigbuy.tupique.com\/produto\/smartwatch-apple-black\/"},"modified":"2026-04-16T19:41:27","modified_gmt":"2026-04-16T18:41:27","slug":"smartwatch-apple-black","status":"publish","type":"product","link":"https:\/\/bigbuy.tupique.com\/en\/produto\/smartwatch-apple-black\/","title":{"rendered":"Montre intelligente Apple Noir"},"content":{"rendered":"<p>Si vous \u00eates passionn\u00e9 d&#8217;<b>informatique et d&#8217;\u00e9lectronique<\/b>, si vous \u00eates \u00e0 la pointe de la technologie et qu&#8217;aucun d\u00e9tail ne vous \u00e9chappe, achetez <b>Montre intelligente Apple Noir<\/b> au meilleur prix.<\/p>\n<p>La <b>Apple Watch Series 11 GPS + Cellular<\/b> est une <b>montre connect\u00e9e<\/b> de derni\u00e8re g\u00e9n\u00e9ration qui allie fonctionnalit\u00e9s avanc\u00e9es et design \u00e9l\u00e9gant et robuste. Son <b>bo\u00eetier en aluminium noir jais de 42 mm<\/b> offre une construction l\u00e9g\u00e8re et r\u00e9sistante, tandis que le <b>bracelet sport en caoutchouc noir<\/b> assure confort et maintien ferme au quotidien et pendant les activit\u00e9s sportives. Cette montre int\u00e8gre la connectivit\u00e9 <b>Bluetooth<\/b> et <b>Wi-Fi<\/b>, permettant une liaison constante et efficace avec d\u2019autres appareils pour recevoir appels, messages et notifications sans avoir besoin du t\u00e9l\u00e9phone \u00e0 proximit\u00e9. Son \u00e9cran tactile offre une interaction intuitive et rapide, id\u00e9ale pour acc\u00e9der aux fonctions essentielles. Elle dispose d\u2019un <b>acc\u00e9l\u00e9rom\u00e8tre<\/b> int\u00e9gr\u00e9 qui suit les mouvements et l\u2019activit\u00e9 physique, pour un suivi pr\u00e9cis de la sant\u00e9 et de l\u2019exercice. De plus, elle est \u00e9quip\u00e9e de <b>haut-parleurs int\u00e9gr\u00e9s<\/b> qui am\u00e9liorent l\u2019exp\u00e9rience multim\u00e9dia et permettent l\u2019usage clair des fonctions vocales. Gr\u00e2ce \u00e0 la connectivit\u00e9 cellulaire, ce mod\u00e8le offre une totale ind\u00e9pendance pour passer des appels ou utiliser les donn\u00e9es, particuli\u00e8rement utile pour rester connect\u00e9 sans smartphone. L\u2019Apple Watch Series 11 se positionne comme un appareil polyvalent et avanc\u00e9, con\u00e7u pour r\u00e9pondre aux exigences technologiques et au style contemporain des utilisateurs.<\/p>\n<ul>\n<li>Type de montre: Montre intelligente<\/li>\n<li>Produit \u00e0 brancher: Oui<\/li>\n<li>Bloc d\u2019Alimentation: r\u00e9seau \u00e9lectrique<\/li>\n<li>Couleur: Noir<\/li>\n<li>Taille:\n<ul>\n<li>30 mm<\/li>\n<li>240 mm<\/li>\n<li>36 mm<\/li>\n<li>77 mm<\/li>\n<li>L<\/li>\n<li>M\/L<\/li>\n<\/ul>\n<\/li>\n<li>Connectivit\u00e9:\n<ul>\n<li>Bluetooth<\/li>\n<li>Wi-Fi<\/li>\n<li>GPS<\/li>\n<li>NFC<\/li>\n<li>Glonass<\/li>\n<li>BeiDou<\/li>\n<li>Galileo<\/li>\n<li>5G<\/li>\n<li>Bluetooth Low Energy<\/li>\n<li>LTE<\/li>\n<li>Bluetooth 5.3<\/li>\n<\/ul>\n<\/li>\n<li>Caisse: 42 mm<\/li>\n<li>Poids approx.: 300 g<\/li>\n<li>R\u00e9sistant \u00e0 l&#8217;eau: 50 m<\/li>\n<li>Mati\u00e8re:\n<ul>\n<li>Caoutchouc<\/li>\n<li>Aluminium<\/li>\n<\/ul>\n<\/li>\n<li>Caract\u00e9ristiques:\n<ul>\n<li>Acc\u00e9l\u00e9rom\u00e8tre<\/li>\n<li>Haut-parleurs int\u00e9gr\u00e9s<\/li>\n<li>Ecran tactile<\/li>\n<li>Capteur de lumi\u00e8re ambiante<\/li>\n<li>Gyroscope<\/li>\n<li>Altim\u00e8tre<\/li>\n<li>Microphone int\u00e9gr\u00e9<\/li>\n<li>Distance parcourue<\/li>\n<li>Moniteur de Sommeil<\/li>\n<li>Connexion au r\u00e9seau mobile<\/li>\n<li>Charge magn\u00e9tique<\/li>\n<li>Multisport<\/li>\n<li>Capteur de niveau d&#8217;oxyg\u00e8ne dans le sang<\/li>\n<li>\u00c9cran avec coins arrondis<\/li>\n<\/ul>\n<\/li>\n<li>Fonctions:\n<ul>\n<li>\u00c9cran couleur<\/li>\n<li>Moniteur de Sommeil<\/li>\n<li>Moniteur de fr\u00e9quence cardiaque<\/li>\n<\/ul>\n<\/li>\n<li>Type de batterie:\n<ul>\n<li>Int\u00e9gr\u00e9e<\/li>\n<li>Litio Ion<\/li>\n<\/ul>\n<\/li>\n<li>Compatible: Siri<\/li>\n<li>M\u00e9moire interne: 64 GB<\/li>\n<li>Forme: Rectangulaire<\/li>\n<li>Cam\u00e9ra\/Appareil Photo: Non<\/li>\n<li>Chargeur sans fil: Oui<\/li>\n<li>Radio FM: Non<\/li>\n<li>Technologie: OLED<\/li>\n<li>Connexion USB: Non<\/li>\n<li>Sangle: Amovible<\/li>\n<li>M\u00e9moire Flash: 64 MB<\/li>\n<li>Noyaux: 2 Noyaux<\/li>\n<\/ul>","protected":false},"excerpt":{"rendered":"<p><span class=\"unit-info\">10558.3117 &euro; \/ 1 m<\/span><\/p>","protected":false},"featured_media":38514,"comment_status":"open","ping_status":"closed","template":"","meta":[],"product_brand":[979],"product_cat":[575,65,748],"product_tag":[103,59,566,106],"class_list":{"0":"post-38529","1":"product","2":"type-product","3":"status-publish","4":"has-post-thumbnail","6":"product_brand-brandp_533","7":"product_cat-electronique-telephonie-et-tablettes","8":"product_cat-informatique-electronique","9":"product_cat-smartwatches","10":"product_tag-tag_1261","11":"product_tag-tag_1304","12":"product_tag-tag_547","13":"product_tag-tag_1295","15":"first","16":"instock","17":"taxable","18":"shipping-taxable","19":"purchasable","20":"product-type-simple"},"_links":{"self":[{"href":"https:\/\/bigbuy.tupique.com\/en\/wp-json\/wp\/v2\/product\/38529","targetHints":{"allow":["GET"]}}],"collection":[{"href":"https:\/\/bigbuy.tupique.com\/en\/wp-json\/wp\/v2\/product"}],"about":[{"href":"https:\/\/bigbuy.tupique.com\/en\/wp-json\/wp\/v2\/types\/product"}],"replies":[{"embeddable":true,"href":"https:\/\/bigbuy.tupique.com\/en\/wp-json\/wp\/v2\/comments?post=38529"}],"wp:featuredmedia":[{"embeddable":true,"href":"https:\/\/bigbuy.tupique.com\/en\/wp-json\/wp\/v2\/media\/38514"}],"wp:attachment":[{"href":"https:\/\/bigbuy.tupique.com\/en\/wp-json\/wp\/v2\/media?parent=38529"}],"wp:term":[{"taxonomy":"product_brand","embeddable":true,"href":"https:\/\/bigbuy.tupique.com\/en\/wp-json\/wp\/v2\/product_brand?post=38529"},{"taxonomy":"product_cat","embeddable":true,"href":"https:\/\/bigbuy.tupique.com\/en\/wp-json\/wp\/v2\/product_cat?post=38529"},{"taxonomy":"product_tag","embeddable":true,"href":"https:\/\/bigbuy.tupique.com\/en\/wp-json\/wp\/v2\/product_tag?post=38529"}],"curies":[{"name":"wp","href":"https:\/\/api.w.org\/{rel}","templated":true}]}}