{"id":38242,"date":"2026-03-30T09:50:22","date_gmt":"2026-03-30T08:50:22","guid":{"rendered":"https:\/\/bigbuy.tupique.com\/produto\/cat-litter-box-white-grey\/"},"modified":"2026-04-16T16:00:43","modified_gmt":"2026-04-16T15:00:43","slug":"cat-litter-box-white-grey","status":"publish","type":"product","link":"https:\/\/bigbuy.tupique.com\/en\/produto\/cat-litter-box-white-grey\/","title":{"rendered":"Bac \u00e0 liti\u00e8re pour chats Blanc Gris"},"content":{"rendered":"<p>Si vous \u00eates \u00e0 la recherche de nouvelles tendances sur le march\u00e9, nous vous pr\u00e9sentons <b>Bac \u00e0 liti\u00e8re pour chats Blanc Gris<\/b> !<\/p>\n<ul>\n<li>Animal de compagnie: Chat<\/li>\n<li>Type: Bac \u00e0 liti\u00e8re pour chats<\/li>\n<li>Caract\u00e9ristiques: Auto-nettoyant<\/li>\n<li>Couleur:\n<ul>\n<li>Blanc<\/li>\n<li>Gris<\/li>\n<\/ul>\n<\/li>\n<li>Capacit\u00e9: 65 L<\/li>\n<\/ul>","protected":false},"excerpt":{"rendered":"<p><span class=\"unit-info\">4.2922 &euro; \/ 1 l<\/span><\/p>","protected":false},"featured_media":38236,"comment_status":"open","ping_status":"closed","template":"","meta":[],"product_brand":[122],"product_cat":[621,786,239],"product_tag":[59],"class_list":{"0":"post-38242","1":"product","2":"type-product","3":"status-publish","4":"has-post-thumbnail","6":"product_brand-brandp_2386","7":"product_cat-animaux-de-compagnie","8":"product_cat-jouets","9":"product_cat-maison-jardin","10":"product_tag-tag_1304","12":"first","13":"instock","14":"taxable","15":"shipping-taxable","16":"purchasable","17":"product-type-simple"},"_links":{"self":[{"href":"https:\/\/bigbuy.tupique.com\/en\/wp-json\/wp\/v2\/product\/38242","targetHints":{"allow":["GET"]}}],"collection":[{"href":"https:\/\/bigbuy.tupique.com\/en\/wp-json\/wp\/v2\/product"}],"about":[{"href":"https:\/\/bigbuy.tupique.com\/en\/wp-json\/wp\/v2\/types\/product"}],"replies":[{"embeddable":true,"href":"https:\/\/bigbuy.tupique.com\/en\/wp-json\/wp\/v2\/comments?post=38242"}],"wp:featuredmedia":[{"embeddable":true,"href":"https:\/\/bigbuy.tupique.com\/en\/wp-json\/wp\/v2\/media\/38236"}],"wp:attachment":[{"href":"https:\/\/bigbuy.tupique.com\/en\/wp-json\/wp\/v2\/media?parent=38242"}],"wp:term":[{"taxonomy":"product_brand","embeddable":true,"href":"https:\/\/bigbuy.tupique.com\/en\/wp-json\/wp\/v2\/product_brand?post=38242"},{"taxonomy":"product_cat","embeddable":true,"href":"https:\/\/bigbuy.tupique.com\/en\/wp-json\/wp\/v2\/product_cat?post=38242"},{"taxonomy":"product_tag","embeddable":true,"href":"https:\/\/bigbuy.tupique.com\/en\/wp-json\/wp\/v2\/product_tag?post=38242"}],"curies":[{"name":"wp","href":"https:\/\/api.w.org\/{rel}","templated":true}]}}