{"id":38071,"date":"2026-03-30T09:36:14","date_gmt":"2026-03-30T08:36:14","guid":{"rendered":"https:\/\/bigbuy.tupique.com\/produto\/cufflinks-montblanc-116664-silver\/"},"modified":"2026-04-15T05:47:25","modified_gmt":"2026-04-15T04:47:25","slug":"cufflinks-montblanc-116664-silver","status":"publish","type":"product","link":"https:\/\/bigbuy.tupique.com\/en\/produto\/cufflinks-montblanc-116664-silver\/","title":{"rendered":"Boutons de manchette Montblanc 116664 Argent\u00e9"},"content":{"rendered":"<p>Nous vons pr\u00e9sentons <b>Boutons de manchette Montblanc 116664 Argent\u00e9<\/b> et une vaste gamme de bagues, bracelets, boucles d&#8217;oreilles et pendentifs etc. \u00e0 bon prix. D\u00e9couvrez d&#8217;exclusifs et \u00e9l\u00e9gants articles de bijouterie et de bijouterie fantaisie pour tous les go\u00fbts.<\/p>\n<ul>\n<li>Couleur: Argent\u00e9<\/li>\n<li>Type: Boutons de manchette<\/li>\n<li>Genre: Homme<\/li>\n<\/ul>","protected":false},"excerpt":{"rendered":"<p>Nous vons pr\u00e9sentons Boutons de manchette Montblanc 116664 Argent\u00e9 et une vaste gamme de bagues, bracelets, boucles d&#8217;oreilles et pendentifs etc. \u00e0 bon prix. D\u00e9couvrez d&#8217;exclusifs et \u00e9l\u00e9gants articles de bijouterie et de bijouterie fantaisie pour tous les go\u00fbts. Couleur: Argent\u00e9 Type: Boutons de manchette Genre: Homme<\/p>","protected":false},"featured_media":38070,"comment_status":"open","ping_status":"closed","template":"","meta":[],"product_brand":[846],"product_cat":[547,548,778,544],"product_tag":[103,723],"class_list":{"0":"post-38071","1":"product","2":"type-product","3":"status-publish","4":"has-post-thumbnail","6":"product_brand-brandp_437","7":"product_cat-accessoires","8":"product_cat-bijoux","9":"product_cat-broches-et-boutons-de-manchette","10":"product_cat-mode-accessoires","11":"product_tag-tag_1261","12":"product_tag-tag_1273","14":"first","15":"instock","16":"taxable","17":"shipping-taxable","18":"purchasable","19":"product-type-simple"},"_links":{"self":[{"href":"https:\/\/bigbuy.tupique.com\/en\/wp-json\/wp\/v2\/product\/38071","targetHints":{"allow":["GET"]}}],"collection":[{"href":"https:\/\/bigbuy.tupique.com\/en\/wp-json\/wp\/v2\/product"}],"about":[{"href":"https:\/\/bigbuy.tupique.com\/en\/wp-json\/wp\/v2\/types\/product"}],"replies":[{"embeddable":true,"href":"https:\/\/bigbuy.tupique.com\/en\/wp-json\/wp\/v2\/comments?post=38071"}],"wp:featuredmedia":[{"embeddable":true,"href":"https:\/\/bigbuy.tupique.com\/en\/wp-json\/wp\/v2\/media\/38070"}],"wp:attachment":[{"href":"https:\/\/bigbuy.tupique.com\/en\/wp-json\/wp\/v2\/media?parent=38071"}],"wp:term":[{"taxonomy":"product_brand","embeddable":true,"href":"https:\/\/bigbuy.tupique.com\/en\/wp-json\/wp\/v2\/product_brand?post=38071"},{"taxonomy":"product_cat","embeddable":true,"href":"https:\/\/bigbuy.tupique.com\/en\/wp-json\/wp\/v2\/product_cat?post=38071"},{"taxonomy":"product_tag","embeddable":true,"href":"https:\/\/bigbuy.tupique.com\/en\/wp-json\/wp\/v2\/product_tag?post=38071"}],"curies":[{"name":"wp","href":"https:\/\/api.w.org\/{rel}","templated":true}]}}