{"id":37913,"date":"2026-03-30T09:29:48","date_gmt":"2026-03-30T08:29:48","guid":{"rendered":"https:\/\/bigbuy.tupique.com\/produto\/smartphone-apple-iphone-air-65-hexa-core-12-gb-ram-256-gb-gold\/"},"modified":"2026-05-11T19:55:43","modified_gmt":"2026-05-11T17:55:43","slug":"smartphone-apple-iphone-air-65-hexa-core-12-gb-ram-256-gb-gold","status":"publish","type":"product","link":"https:\/\/bigbuy.tupique.com\/en\/produto\/smartphone-apple-iphone-air-65-hexa-core-12-gb-ram-256-gb-gold\/","title":{"rendered":"Smartphone Apple Iphone Air 6,5&#8243; Hexa Core 12 GB RAM 256 GB Or"},"content":{"rendered":"<p>Si vous \u00eates \u00e0 la recherche de nouvelles tendances sur le march\u00e9, nous vous pr\u00e9sentons <b>Smartphone Apple Iphone Air 6,5&#8243; Hexa Core 12 GB RAM 256 GB Or<\/b> !<\/p>\n<p>Le <b>MG2N4ZD\/A d\u2019Apple<\/b> est un <b>smartphone<\/b> de derni\u00e8re g\u00e9n\u00e9ration qui se distingue par son \u00e9quilibre entre \u00e9l\u00e9gance et performances avanc\u00e9es, propos\u00e9 dans une finition <b>or<\/b> (\u00e9galement appel\u00e9e <b>dor\u00e9<\/b>) qui met en valeur son design sophistiqu\u00e9. Dot\u00e9 de <b>12 Go de m\u00e9moire RAM<\/b>, cet appareil permet d\u2019ex\u00e9cuter plusieurs applications et t\u00e2ches exigeantes sans ralentissement, offrant une exp\u00e9rience fluide aussi bien au quotidien qu\u2019en usage professionnel. Son <b>\u00e9cran de 6,5 pouces<\/b> offre une surface large et immersive, id\u00e9ale pour le multim\u00e9dia, la navigation web et les appels vid\u00e9o, avec des couleurs vives et un excellent niveau de d\u00e9tail. Gr\u00e2ce \u00e0 un <b>stockage de 256 Go<\/b>, les utilisateurs disposent d\u2019un espace suffisant pour conserver photos, vid\u00e9os, applications et documents personnels sans se soucier de la capacit\u00e9. Il int\u00e8gre \u00e9galement des fonctionnalit\u00e9s avanc\u00e9es telles qu\u2019un <b>GPS<\/b> haute pr\u00e9cision pour la navigation, un <b>barom\u00e8tre<\/b> pour surveiller les changements environnementaux, et un <b>capteur de lumi\u00e8re ambiante<\/b> pour optimiser automatiquement la luminosit\u00e9 de l\u2019\u00e9cran, s\u2019adaptant aux conditions de lumi\u00e8re et r\u00e9duisant la consommation d\u2019\u00e9nergie. C\u00f4t\u00e9 multim\u00e9dia, il se distingue par l\u2019int\u00e9gration de technologies <b>HDR<\/b> qui am\u00e9liorent l\u2019affichage des images et vid\u00e9os, garantissant des contrastes optimis\u00e9s et une reproduction fid\u00e8le des couleurs, tandis que la fonction d\u2019appel vid\u00e9o assure des communications claires, un atout essentiel en contexte personnel ou professionnel. L\u2019ensemble fonctionne sous la plateforme iOS d\u2019Apple, offrant la compatibilit\u00e9 avec les derni\u00e8res mises \u00e0 jour du syst\u00e8me et l\u2019acc\u00e8s \u00e0 un vaste \u00e9cosyst\u00e8me d\u2019applications. Ce mod\u00e8le Apple est un excellent choix pour ceux qui recherchent un smartphone robuste et moderne, avec de hautes performances en connectivit\u00e9, puissance et exp\u00e9rience utilisateur, tout en conservant l\u2019esth\u00e9tique embl\u00e9matique de la marque.<\/p>\n<ul>\n<li>Diagonale de l&#8217;\u00e9cran (cm): 16,5 cm<\/li>\n<li>Produit \u00e0 brancher: Oui<\/li>\n<li>Type de prise: Prise EU<\/li>\n<li>Type: Smartphone<\/li>\n<li>Bloc d\u2019Alimentation:\n<ul>\n<li>r\u00e9seau \u00e9lectrique<\/li>\n<li>USB<\/li>\n<\/ul>\n<\/li>\n<li>Ecran: 6,5&#8243;<\/li>\n<li>Syst\u00e8me d&#8217;exploitation: iOS<\/li>\n<li>puissance: 20 W<\/li>\n<li>Connectivit\u00e9:\n<ul>\n<li>NFC<\/li>\n<li>Bluetooth<\/li>\n<li>Wi-Fi<\/li>\n<li>BeiDou<\/li>\n<li>5G<\/li>\n<li>Positionnement de Wi-Fi<\/li>\n<li>eSIM<\/li>\n<li>WI-FI 7<\/li>\n<\/ul>\n<\/li>\n<li>Cam\u00e9ra\/Appareil Photo:\n<ul>\n<li>48 MP<\/li>\n<li>Frontal<\/li>\n<li>Arri\u00e8re<\/li>\n<\/ul>\n<\/li>\n<li>Connexions:\n<ul>\n<li>USB-C<\/li>\n<li>USB<\/li>\n<li>USB 2.0<\/li>\n<li>Dual SIM<\/li>\n<\/ul>\n<\/li>\n<li>Processeur:\n<ul>\n<li>Hexa Core<\/li>\n<li>A19 Pro<\/li>\n<\/ul>\n<\/li>\n<li>M\u00e9moire RAM: 12 GB RAM<\/li>\n<li>M\u00e9moire interne: 256 GB<\/li>\n<li>Couleur:\n<ul>\n<li>Or<\/li>\n<li>Dor\u00e9<\/li>\n<\/ul>\n<\/li>\n<li>Caract\u00e9ristiques:\n<ul>\n<li>GPS<\/li>\n<li>Barom\u00e8tre<\/li>\n<li>Capteur de lumi\u00e8re ambiante<\/li>\n<li>Appel vid\u00e9o<\/li>\n<li>HDR<\/li>\n<li>Autofocus<\/li>\n<li>Activation vocale<\/li>\n<li>Guide d&#8217;installation inclus<\/li>\n<li>Chargement rapide et fiable<\/li>\n<li>SMS<\/li>\n<li>Chargeur sans fil<\/li>\n<li>Syst\u00e8me de reconnaissance faciale<\/li>\n<li>Stabilisateur d&#8217;image<\/li>\n<li>Capteur de proximit\u00e9<\/li>\n<li>\u00c9cran avec coins arrondis<\/li>\n<li>\u00c9cran plat<\/li>\n<\/ul>\n<\/li>\n<li>Zoom Num\u00e9rique: 10x<\/li>\n<li>Classification \u00e9nerg\u00e9tique: A<\/li>\n<li>Capteurs:\n<ul>\n<li>Acc\u00e9l\u00e9rom\u00e8tre<\/li>\n<li>Gyroscope<\/li>\n<li>Magn\u00e9tique<\/li>\n<\/ul>\n<\/li>\n<li>Inclut: Haut-parleur<\/li>\n<li>3D: Non<\/li>\n<li>Fonctions:\n<ul>\n<li>ECO<\/li>\n<li>G\u00e9olocalisation<\/li>\n<li>Vibration<\/li>\n<\/ul>\n<\/li>\n<li>Technologie:\n<ul>\n<li>Mime<\/li>\n<li>Glonass<\/li>\n<li>OLED<\/li>\n<\/ul>\n<\/li>\n<li>Brille: 1000 cd\/m\u00b2<\/li>\n<li>Non Inclus: Adaptateur AC<\/li>\n<li>Fr\u00e9quence: 120 Hz<\/li>\n<li>Flash: Non<\/li>\n<li>Type de batterie: Litio Ion<\/li>\n<li>Noyaux: 6 Noyaux<\/li>\n<li>R\u00e9solution (px):\n<ul>\n<li>3840 x 2160 px<\/li>\n<li>2160 px<\/li>\n<\/ul>\n<\/li>\n<li>Dispositif intelligent: Apple Intelligence<\/li>\n<\/ul>","protected":false},"excerpt":{"rendered":"<p>Si vous \u00eates \u00e0 la recherche de nouvelles tendances sur le march\u00e9, nous vous pr\u00e9sentons Smartphone Apple Iphone Air 6,5&#8243; Hexa Core 12 GB RAM 256 GB Or ! Le MG2N4ZD\/A d\u2019Apple est un smartphone de derni\u00e8re g\u00e9n\u00e9ration qui se distingue par son \u00e9quilibre entre \u00e9l\u00e9gance et performances avanc\u00e9es, propos\u00e9 dans une finition or (\u00e9galement [&hellip;]<\/p>\n","protected":false},"featured_media":37899,"comment_status":"open","ping_status":"closed","template":"","meta":[],"product_brand":[979],"product_cat":[575,65,960],"product_tag":[213,566,106],"class_list":{"0":"post-37913","1":"product","2":"type-product","3":"status-publish","4":"has-post-thumbnail","6":"product_brand-brandp_533","7":"product_cat-electronique-telephonie-et-tablettes","8":"product_cat-informatique-electronique","9":"product_cat-telephones-portables","10":"product_tag-tag_933","11":"product_tag-tag_547","12":"product_tag-tag_1295","14":"first","15":"instock","16":"taxable","17":"shipping-taxable","18":"purchasable","19":"product-type-simple"},"_links":{"self":[{"href":"https:\/\/bigbuy.tupique.com\/en\/wp-json\/wp\/v2\/product\/37913","targetHints":{"allow":["GET"]}}],"collection":[{"href":"https:\/\/bigbuy.tupique.com\/en\/wp-json\/wp\/v2\/product"}],"about":[{"href":"https:\/\/bigbuy.tupique.com\/en\/wp-json\/wp\/v2\/types\/product"}],"replies":[{"embeddable":true,"href":"https:\/\/bigbuy.tupique.com\/en\/wp-json\/wp\/v2\/comments?post=37913"}],"wp:featuredmedia":[{"embeddable":true,"href":"https:\/\/bigbuy.tupique.com\/en\/wp-json\/wp\/v2\/media\/37899"}],"wp:attachment":[{"href":"https:\/\/bigbuy.tupique.com\/en\/wp-json\/wp\/v2\/media?parent=37913"}],"wp:term":[{"taxonomy":"product_brand","embeddable":true,"href":"https:\/\/bigbuy.tupique.com\/en\/wp-json\/wp\/v2\/product_brand?post=37913"},{"taxonomy":"product_cat","embeddable":true,"href":"https:\/\/bigbuy.tupique.com\/en\/wp-json\/wp\/v2\/product_cat?post=37913"},{"taxonomy":"product_tag","embeddable":true,"href":"https:\/\/bigbuy.tupique.com\/en\/wp-json\/wp\/v2\/product_tag?post=37913"}],"curies":[{"name":"wp","href":"https:\/\/api.w.org\/{rel}","templated":true}]}}