{"id":37874,"date":"2026-03-30T09:24:12","date_gmt":"2026-03-30T08:24:12","guid":{"rendered":"https:\/\/bigbuy.tupique.com\/produto\/smartwatch-samsung-galaxy-watch8-silver-134-40-mm-o-40-mm\/"},"modified":"2026-04-15T05:46:59","modified_gmt":"2026-04-15T04:46:59","slug":"smartwatch-samsung-galaxy-watch8-silver-134-40-mm-o-40-mm","status":"publish","type":"product","link":"https:\/\/bigbuy.tupique.com\/en\/produto\/smartwatch-samsung-galaxy-watch8-silver-134-40-mm-o-40-mm\/","title":{"rendered":"Montre intelligente Samsung Galaxy Watch8 Argent\u00e9 1,34&#8243; 40 mm \u00d8 40 mm"},"content":{"rendered":"<p>Si vous \u00eates \u00e0 la recherche de nouvelles tendances sur le march\u00e9, nous vous pr\u00e9sentons <b>Montre intelligente Samsung Galaxy Watch8 Argent\u00e9 1,34&#8243; 40 mm \u00d8 40 mm<\/b> !<\/p>\n<p>La <b>Galaxy Watch8<\/b> de Samsung est une <b>smartwatch<\/b> avanc\u00e9e qui se distingue par son design raffin\u00e9 et ses fonctionnalit\u00e9s ax\u00e9es sur le bien-\u00eatre et la performance au quotidien. Ce mod\u00e8le, propos\u00e9 dans un \u00e9l\u00e9gant coloris <b>blanc<\/b> et con\u00e7u en <b>aluminium<\/b> r\u00e9sistant, allie l\u00e9g\u00e8ret\u00e9 et robustesse pour un port confortable tout au long de la journ\u00e9e. Son <b>\u00e9cran AMOLED<\/b> de <b>1,3&#8243; \u00e0 1,34&#8243;<\/b> offre une visibilit\u00e9 nette et lumineuse quelles que soient les conditions d\u2019\u00e9clairage, gr\u00e2ce au <b>capteur de lumi\u00e8re ambiante<\/b> qui ajuste automatiquement la luminosit\u00e9. \u00c9quip\u00e9e de technologies de suivi avanc\u00e9es telles que <b>tensiom\u00e8tre<\/b>, <b>acc\u00e9l\u00e9rom\u00e8tre<\/b> et <b>barom\u00e8tre<\/b>, elle permet de surveiller l\u2019activit\u00e9 physique, la sant\u00e9 cardiovasculaire et les variations atmosph\u00e9riques avec pr\u00e9cision, fournissant des donn\u00e9es pertinentes pour les sportifs ou ceux qui souhaitent suivre leur forme et leur bien-\u00eatre g\u00e9n\u00e9ral. La Galaxy Watch8 int\u00e8gre des fonctions intelligentes pour mesurer la tension art\u00e9rielle, analyser le sommeil en d\u00e9tail et g\u00e9rer les notifications, le tout avec fluidit\u00e9 gr\u00e2ce \u00e0 l\u2019optimisation mat\u00e9rielle et logicielle propre \u00e0 la gamme Galaxy. La compatibilit\u00e9 avec les applications les plus populaires et l\u2019\u00e9cosyst\u00e8me Samsung \u00e9largit ses possibilit\u00e9s de personnalisation et de connectivit\u00e9. La Samsung Galaxy Watch8 s\u2019impose comme un choix solide et \u00e9quilibr\u00e9 parmi les montres connect\u00e9es, destin\u00e9e \u00e0 ceux qui recherchent un appareil fiable, \u00e9l\u00e9gant et dot\u00e9 des fonctionnalit\u00e9s les plus r\u00e9centes pour le suivi de la sant\u00e9 et d\u2019un mode de vie actif.<\/p>\n<ul>\n<li>Type de montre: Montre intelligente<\/li>\n<li>Produit \u00e0 brancher: Oui<\/li>\n<li>Type de prise: Prise EU<\/li>\n<li>Bloc d\u2019Alimentation: r\u00e9seau \u00e9lectrique<\/li>\n<li>Type:\n<ul>\n<li>Super AMOLED<\/li>\n<li>Tensiom\u00e8tre<\/li>\n<\/ul>\n<\/li>\n<li>Couleur:\n<ul>\n<li>Gris<\/li>\n<li>Argent\u00e9<\/li>\n<li>Blanc<\/li>\n<\/ul>\n<\/li>\n<li>Poids: 30 g<\/li>\n<li>Compatible: Android<\/li>\n<li>M\u00e9moire interne: 32 GB<\/li>\n<li>M\u00e9moire RAM:\n<ul>\n<li>2 GB RAM<\/li>\n<li>2 GB<\/li>\n<\/ul>\n<\/li>\n<li>Ecran:\n<ul>\n<li>1,34&#8243;<\/li>\n<li>1,3&#8243;<\/li>\n<\/ul>\n<\/li>\n<li>Taille: 40 mm<\/li>\n<li>Mati\u00e8re: Aluminium<\/li>\n<li>Caract\u00e9ristiques:\n<ul>\n<li>Acc\u00e9l\u00e9rom\u00e8tre<\/li>\n<li>Barom\u00e8tre<\/li>\n<li>Capteur de lumi\u00e8re ambiante<\/li>\n<li>Gyroscope<\/li>\n<li>5 atm<\/li>\n<li>Connexion au r\u00e9seau mobile<\/li>\n<li>Capteur g\u00e9omagn\u00e9tique<\/li>\n<\/ul>\n<\/li>\n<li>Connexions: 4G<\/li>\n<li>Connectivit\u00e9:\n<ul>\n<li>Bluetooth<\/li>\n<li>Wi-Fi<\/li>\n<li>GPS<\/li>\n<li>NFC<\/li>\n<li>Glonass<\/li>\n<li>BeiDou<\/li>\n<li>Galileo<\/li>\n<li>eSIM<\/li>\n<li>Bluetooth 5.3<\/li>\n<\/ul>\n<\/li>\n<li>Syst\u00e8me d&#8217;exploitation: Android<\/li>\n<li>Caisse: 40 mm<\/li>\n<li>Couleur du bracelet: Argent<\/li>\n<li>Forme: Rond<\/li>\n<li>Classification IP: IP68<\/li>\n<li>Type de fermeture: Boucle<\/li>\n<li>Genre: Adultes unisexes<\/li>\n<li>GPS: Oui<\/li>\n<li>Fonctions:\n<ul>\n<li>Moniteur de Sommeil<\/li>\n<li>Moniteur de fr\u00e9quence cardiaque<\/li>\n<\/ul>\n<\/li>\n<li>Technologie: AMOLED<\/li>\n<li>Bracelet \u00e0 montre: Silicone<\/li>\n<li>Couleur du cadran: Argent<\/li>\n<li>Couleur du bo\u00eetier de l&#8217;horloge: Argent\u00e9<\/li>\n<li>Sport: Fitness<\/li>\n<li>Diam\u00e8tre du bo\u00eetier de la montre: \u00d8 40 mm<\/li>\n<li>Autonomie approx.: 40 heures<\/li>\n<li>vitesse: 1.6 GHz<\/li>\n<\/ul>","protected":false},"excerpt":{"rendered":"<p><span class=\"unit-info\">13774.7500 &euro; \/ 1 m<\/span><\/p>","protected":false},"featured_media":154972,"comment_status":"open","ping_status":"closed","template":"","meta":[],"product_brand":[183],"product_cat":[575,65,748],"product_tag":[103,566,106],"class_list":{"0":"post-37874","1":"product","2":"type-product","3":"status-publish","4":"has-post-thumbnail","6":"product_brand-brandp_576","7":"product_cat-electronique-telephonie-et-tablettes","8":"product_cat-informatique-electronique","9":"product_cat-smartwatches","10":"product_tag-tag_1261","11":"product_tag-tag_547","12":"product_tag-tag_1295","14":"first","15":"instock","16":"taxable","17":"shipping-taxable","18":"purchasable","19":"product-type-simple"},"_links":{"self":[{"href":"https:\/\/bigbuy.tupique.com\/en\/wp-json\/wp\/v2\/product\/37874","targetHints":{"allow":["GET"]}}],"collection":[{"href":"https:\/\/bigbuy.tupique.com\/en\/wp-json\/wp\/v2\/product"}],"about":[{"href":"https:\/\/bigbuy.tupique.com\/en\/wp-json\/wp\/v2\/types\/product"}],"replies":[{"embeddable":true,"href":"https:\/\/bigbuy.tupique.com\/en\/wp-json\/wp\/v2\/comments?post=37874"}],"wp:featuredmedia":[{"embeddable":true,"href":"https:\/\/bigbuy.tupique.com\/en\/wp-json\/wp\/v2\/media\/154972"}],"wp:attachment":[{"href":"https:\/\/bigbuy.tupique.com\/en\/wp-json\/wp\/v2\/media?parent=37874"}],"wp:term":[{"taxonomy":"product_brand","embeddable":true,"href":"https:\/\/bigbuy.tupique.com\/en\/wp-json\/wp\/v2\/product_brand?post=37874"},{"taxonomy":"product_cat","embeddable":true,"href":"https:\/\/bigbuy.tupique.com\/en\/wp-json\/wp\/v2\/product_cat?post=37874"},{"taxonomy":"product_tag","embeddable":true,"href":"https:\/\/bigbuy.tupique.com\/en\/wp-json\/wp\/v2\/product_tag?post=37874"}],"curies":[{"name":"wp","href":"https:\/\/api.w.org\/{rel}","templated":true}]}}