{"id":37859,"date":"2026-03-30T09:23:36","date_gmt":"2026-03-30T08:23:36","guid":{"rendered":"https:\/\/bigbuy.tupique.com\/produto\/sliding-door-motor-scs-sentinel-simplyopen-3-24v\/"},"modified":"2026-05-11T20:01:05","modified_gmt":"2026-05-11T18:01:05","slug":"sliding-door-motor-scs-sentinel-simplyopen-3-24v","status":"publish","type":"product","link":"https:\/\/bigbuy.tupique.com\/en\/produto\/sliding-door-motor-scs-sentinel-simplyopen-3-24v\/","title":{"rendered":"Moteur de porte coulissante SCS SENTINEL SimplyOpen 3 24v"},"content":{"rendered":"<p>Si vous aimez prendre soin de chaque d\u00e9tail de votre maison et d&#8217;\u00eatre \u00e0 la derni\u00e8re mode en mati\u00e8re de produits qui vous rendront la vie plus facile, achetez <b>Moteur de porte coulissante SCS SENTINEL SimplyOpen 3 24v<\/b> au meilleur prix.<\/p>\n<ul>\n<li>Tension:\n<ul>\n<li>24v<\/li>\n<li>24 V<\/li>\n<\/ul>\n<\/li>\n<li>Mati\u00e8re: M\u00e9tal<\/li>\n<li>Langue: Fran\u00e7ais<\/li>\n<\/ul>","protected":false},"excerpt":{"rendered":"<p>Si vous aimez prendre soin de chaque d\u00e9tail de votre maison et d&#8217;\u00eatre \u00e0 la derni\u00e8re mode en mati\u00e8re de produits qui vous rendront la vie plus facile, achetez Moteur de porte coulissante SCS SENTINEL SimplyOpen 3 24v au meilleur prix. Tension: 24v 24 V Mati\u00e8re: M\u00e9tal Langue: Fran\u00e7ais<\/p>","protected":false},"featured_media":37855,"comment_status":"open","ping_status":"closed","template":"","meta":[],"product_brand":[869],"product_cat":[613,239],"product_tag":[59,210],"class_list":{"0":"post-37859","1":"product","2":"type-product","3":"status-publish","4":"has-post-thumbnail","6":"product_brand-brandp_7585","7":"product_cat-bricolage-et-materiel","8":"product_cat-maison-jardin","9":"product_tag-tag_1304","10":"product_tag-tag_25","12":"first","13":"instock","14":"taxable","15":"shipping-taxable","16":"purchasable","17":"product-type-simple"},"_links":{"self":[{"href":"https:\/\/bigbuy.tupique.com\/en\/wp-json\/wp\/v2\/product\/37859","targetHints":{"allow":["GET"]}}],"collection":[{"href":"https:\/\/bigbuy.tupique.com\/en\/wp-json\/wp\/v2\/product"}],"about":[{"href":"https:\/\/bigbuy.tupique.com\/en\/wp-json\/wp\/v2\/types\/product"}],"replies":[{"embeddable":true,"href":"https:\/\/bigbuy.tupique.com\/en\/wp-json\/wp\/v2\/comments?post=37859"}],"wp:featuredmedia":[{"embeddable":true,"href":"https:\/\/bigbuy.tupique.com\/en\/wp-json\/wp\/v2\/media\/37855"}],"wp:attachment":[{"href":"https:\/\/bigbuy.tupique.com\/en\/wp-json\/wp\/v2\/media?parent=37859"}],"wp:term":[{"taxonomy":"product_brand","embeddable":true,"href":"https:\/\/bigbuy.tupique.com\/en\/wp-json\/wp\/v2\/product_brand?post=37859"},{"taxonomy":"product_cat","embeddable":true,"href":"https:\/\/bigbuy.tupique.com\/en\/wp-json\/wp\/v2\/product_cat?post=37859"},{"taxonomy":"product_tag","embeddable":true,"href":"https:\/\/bigbuy.tupique.com\/en\/wp-json\/wp\/v2\/product_tag?post=37859"}],"curies":[{"name":"wp","href":"https:\/\/api.w.org\/{rel}","templated":true}]}}