{"id":37849,"date":"2026-03-30T09:23:14","date_gmt":"2026-03-30T08:23:14","guid":{"rendered":"https:\/\/bigbuy.tupique.com\/produto\/current-converter-thomson-120-w-24-v-220-240-v\/"},"modified":"2026-05-11T20:01:57","modified_gmt":"2026-05-11T18:01:57","slug":"current-converter-thomson-120-w-24-v-220-240-v","status":"publish","type":"product","link":"https:\/\/bigbuy.tupique.com\/en\/produto\/current-converter-thomson-120-w-24-v-220-240-v\/","title":{"rendered":"Transformateur de courant Thomson 120 W 24 V 220-240 V"},"content":{"rendered":"<p>Si vous \u00eates \u00e0 la recherche de nouvelles tendances sur le march\u00e9, nous vous pr\u00e9sentons <b>Transformateur de courant Thomson 120 W 24 V 220-240 V<\/b> !<\/p>\n<p>Le <b>convertisseur de courant Thomson<\/b> est un appareil con\u00e7u pour transformer et adapter la tension \u00e9lectrique, id\u00e9al pour les usages n\u00e9cessitant une conversion fiable entre diff\u00e9rentes tensions. Ce mod\u00e8le permet de convertir une <b>entr\u00e9e de 220-240 V<\/b>, courante sur le r\u00e9seau \u00e9lectrique europ\u00e9en, en une <b>sortie de 24 V<\/b>, avec une puissance maximale de <b>120 W<\/b>, garantissant un fonctionnement s\u00fbr et stable pour les \u00e9quipements \u00e9lectroniques et appareils fonctionnant en basse tension. De plus, le convertisseur int\u00e8gre une <b>prise conforme \u00e0 la norme EU<\/b>, facilitant la connexion sans adaptateurs suppl\u00e9mentaires dans les pays utilisant ce standard. Il dispose \u00e9galement d\u2019un t\u00e9l\u00e9commande, offrant confort et contr\u00f4le \u00e0 distance pour allumer ou \u00e9teindre l\u2019appareil sans manipulation directe du convertisseur. Ce produit, identifi\u00e9 sous le code THO3513767310321, est destin\u00e9 aux applications domestiques ou professionnelles n\u00e9cessitant une alimentation adapt\u00e9e, et se distingue par sa robustesse et qualit\u00e9, fid\u00e8le \u00e0 la r\u00e9putation de la marque Thomson. Son design et sa fonctionnalit\u00e9 assurent une conversion efficace et durable de la tension, essentielle pour prot\u00e9ger les appareils connect\u00e9s et garantir leur bon fonctionnement. En r\u00e9sum\u00e9, ce convertisseur de tension Thomson constitue une solution pratique et technique pour ceux qui doivent transformer des tensions entre le standard europ\u00e9en et des appareils en <b>24 V avec une puissance maximale de 120 W<\/b>.<\/p>\n<ul>\n<li>Produit \u00e0 brancher: Oui<\/li>\n<li>Type de prise: Prise EU<\/li>\n<li>Bloc d\u2019Alimentation: r\u00e9seau \u00e9lectrique<\/li>\n<li>Couleur: Gris<\/li>\n<li>Tension:\n<ul>\n<li>24 V<\/li>\n<li>220-240 V<\/li>\n<\/ul>\n<\/li>\n<li>puissance: 120 W<\/li>\n<\/ul>","protected":false},"excerpt":{"rendered":"<p>Si vous \u00eates \u00e0 la recherche de nouvelles tendances sur le march\u00e9, nous vous pr\u00e9sentons Transformateur de courant Thomson 120 W 24 V 220-240 V ! Le convertisseur de courant Thomson est un appareil con\u00e7u pour transformer et adapter la tension \u00e9lectrique, id\u00e9al pour les usages n\u00e9cessitant une conversion fiable entre diff\u00e9rentes tensions. Ce mod\u00e8le [&hellip;]<\/p>\n","protected":false},"featured_media":37848,"comment_status":"open","ping_status":"closed","template":"","meta":[],"product_brand":[1227],"product_cat":[613,239],"product_tag":[59,210],"class_list":{"0":"post-37849","1":"product","2":"type-product","3":"status-publish","4":"has-post-thumbnail","6":"product_brand-brandp_267","7":"product_cat-bricolage-et-materiel","8":"product_cat-maison-jardin","9":"product_tag-tag_1304","10":"product_tag-tag_25","12":"first","13":"instock","14":"taxable","15":"shipping-taxable","16":"purchasable","17":"product-type-simple"},"_links":{"self":[{"href":"https:\/\/bigbuy.tupique.com\/en\/wp-json\/wp\/v2\/product\/37849","targetHints":{"allow":["GET"]}}],"collection":[{"href":"https:\/\/bigbuy.tupique.com\/en\/wp-json\/wp\/v2\/product"}],"about":[{"href":"https:\/\/bigbuy.tupique.com\/en\/wp-json\/wp\/v2\/types\/product"}],"replies":[{"embeddable":true,"href":"https:\/\/bigbuy.tupique.com\/en\/wp-json\/wp\/v2\/comments?post=37849"}],"wp:featuredmedia":[{"embeddable":true,"href":"https:\/\/bigbuy.tupique.com\/en\/wp-json\/wp\/v2\/media\/37848"}],"wp:attachment":[{"href":"https:\/\/bigbuy.tupique.com\/en\/wp-json\/wp\/v2\/media?parent=37849"}],"wp:term":[{"taxonomy":"product_brand","embeddable":true,"href":"https:\/\/bigbuy.tupique.com\/en\/wp-json\/wp\/v2\/product_brand?post=37849"},{"taxonomy":"product_cat","embeddable":true,"href":"https:\/\/bigbuy.tupique.com\/en\/wp-json\/wp\/v2\/product_cat?post=37849"},{"taxonomy":"product_tag","embeddable":true,"href":"https:\/\/bigbuy.tupique.com\/en\/wp-json\/wp\/v2\/product_tag?post=37849"}],"curies":[{"name":"wp","href":"https:\/\/api.w.org\/{rel}","templated":true}]}}