{"id":37763,"date":"2026-03-30T09:19:54","date_gmt":"2026-03-30T08:19:54","guid":{"rendered":"https:\/\/bigbuy.tupique.com\/produto\/atx-semi-tower-box-be-quiet-silent-base-802-window-black-black\/"},"modified":"2026-04-16T16:25:04","modified_gmt":"2026-04-16T15:25:04","slug":"atx-semi-tower-box-be-quiet-silent-base-802-window-black-black","status":"publish","type":"product","link":"https:\/\/bigbuy.tupique.com\/en\/produto\/atx-semi-tower-box-be-quiet-silent-base-802-window-black-black\/","title":{"rendered":"Bo\u00eetier ATX semi-tour Be Quiet! Silent Base 802 Window Black Noir"},"content":{"rendered":"<p>Si vous \u00eates passionn\u00e9 d&#8217;<b>informatique et d&#8217;\u00e9lectronique<\/b>, si vous \u00eates \u00e0 la pointe de la technologie et qu&#8217;aucun d\u00e9tail ne vous \u00e9chappe, achetez <b>Bo\u00eetier ATX semi-tour Be Quiet! Silent Base 802 Window Black Noir<\/b> au meilleur prix.<\/p>\n<ul>\n<li>Connexions:\n<ul>\n<li>USB-A 3.2<\/li>\n<li>USB-C 3.2 Gen 2 (3.1 Gen 2)<\/li>\n<\/ul>\n<\/li>\n<li>Type:\n<ul>\n<li>Bo\u00eetier ATX semi-tour<\/li>\n<li>PC<\/li>\n<\/ul>\n<\/li>\n<li>Couleur: Noir<\/li>\n<li>Mati\u00e8re: Verre tremp\u00e9<\/li>\n<li>Caract\u00e9ristiques:\n<ul>\n<li>Bouton marche\/arr\u00eat<\/li>\n<li>Organisateur de C\u00e2bles<\/li>\n<\/ul>\n<\/li>\n<li>Facteur de forme:\n<ul>\n<li>ATX<\/li>\n<li>Midi-Tower<\/li>\n<\/ul>\n<\/li>\n<li>Ports:\n<ul>\n<li>Entr\u00e9e audio<\/li>\n<li>Sortie audio<\/li>\n<\/ul>\n<\/li>\n<li>Inclut: Vis<\/li>\n<li>Certificat: CE &amp; RoHS<\/li>\n<\/ul>","protected":false},"excerpt":{"rendered":"<p>Si vous \u00eates passionn\u00e9 d&#8217;informatique et d&#8217;\u00e9lectronique, si vous \u00eates \u00e0 la pointe de la technologie et qu&#8217;aucun d\u00e9tail ne vous \u00e9chappe, achetez Bo\u00eetier ATX semi-tour Be Quiet! Silent Base 802 Window Black Noir au meilleur prix. Connexions: USB-A 3.2 USB-C 3.2 Gen 2 (3.1 Gen 2) Type: Bo\u00eetier ATX semi-tour PC Couleur: Noir Mati\u00e8re: [&hellip;]<\/p>\n","protected":false},"featured_media":37724,"comment_status":"open","ping_status":"closed","template":"","meta":[],"product_brand":[1349],"product_cat":[615,65,584],"product_tag":[59,106],"class_list":{"0":"post-37763","1":"product","2":"type-product","3":"status-publish","4":"has-post-thumbnail","6":"product_brand-brandp_3377","7":"product_cat-boitiers-et-caisses","8":"product_cat-informatique-electronique","9":"product_cat-informatique-reseaux-et-composants","10":"product_tag-tag_1304","11":"product_tag-tag_1295","13":"first","14":"instock","15":"taxable","16":"shipping-taxable","17":"purchasable","18":"product-type-simple"},"_links":{"self":[{"href":"https:\/\/bigbuy.tupique.com\/en\/wp-json\/wp\/v2\/product\/37763","targetHints":{"allow":["GET"]}}],"collection":[{"href":"https:\/\/bigbuy.tupique.com\/en\/wp-json\/wp\/v2\/product"}],"about":[{"href":"https:\/\/bigbuy.tupique.com\/en\/wp-json\/wp\/v2\/types\/product"}],"replies":[{"embeddable":true,"href":"https:\/\/bigbuy.tupique.com\/en\/wp-json\/wp\/v2\/comments?post=37763"}],"wp:featuredmedia":[{"embeddable":true,"href":"https:\/\/bigbuy.tupique.com\/en\/wp-json\/wp\/v2\/media\/37724"}],"wp:attachment":[{"href":"https:\/\/bigbuy.tupique.com\/en\/wp-json\/wp\/v2\/media?parent=37763"}],"wp:term":[{"taxonomy":"product_brand","embeddable":true,"href":"https:\/\/bigbuy.tupique.com\/en\/wp-json\/wp\/v2\/product_brand?post=37763"},{"taxonomy":"product_cat","embeddable":true,"href":"https:\/\/bigbuy.tupique.com\/en\/wp-json\/wp\/v2\/product_cat?post=37763"},{"taxonomy":"product_tag","embeddable":true,"href":"https:\/\/bigbuy.tupique.com\/en\/wp-json\/wp\/v2\/product_tag?post=37763"}],"curies":[{"name":"wp","href":"https:\/\/api.w.org\/{rel}","templated":true}]}}