{"id":37475,"date":"2026-03-30T08:49:05","date_gmt":"2026-03-30T07:49:05","guid":{"rendered":"https:\/\/bigbuy.tupique.com\/produto\/stud-detector-bosch-gic-12v-4-23-c\/"},"modified":"2026-05-11T20:00:57","modified_gmt":"2026-05-11T18:00:57","slug":"stud-detector-bosch-gic-12v-4-23-c","status":"publish","type":"product","link":"https:\/\/bigbuy.tupique.com\/en\/produto\/stud-detector-bosch-gic-12v-4-23-c\/","title":{"rendered":"D\u00e9tecteur de c\u00e2bles et canalisations BOSCH GIC 12V-4-23 C"},"content":{"rendered":"<p>Si vous aimez prendre soin de chaque d\u00e9tail de votre maison et d&#8217;\u00eatre \u00e0 la derni\u00e8re mode en mati\u00e8re de produits qui vous rendront la vie plus facile, achetez <b>D\u00e9tecteur de c\u00e2bles et canalisations BOSCH GIC 12V-4-23 C<\/b> au meilleur prix.<\/p>\n<p>La <b>cam\u00e9ra d\u2019inspection num\u00e9rique Bosch Professional GIC 12V-4-23 C<\/b> est un outil avanc\u00e9 con\u00e7u pour les travaux professionnels n\u00e9cessitant un diagnostic visuel dans des espaces restreints ou difficiles d\u2019acc\u00e8s. Cet appareil compact et robuste pr\u00e9sente une finition en <b>noir<\/b> refl\u00e9tant la qualit\u00e9 et la r\u00e9sistance typiques de la marque BOSCH. Aliment\u00e9e par une <b>batterie rechargeable 12V<\/b>, elle offre une mobilit\u00e9 optimale et une libert\u00e9 d\u2019utilisation sans c\u00e2ble, facilitant des inspections prolong\u00e9es sans interruption. Parmi ses principales caract\u00e9ristiques figure la connectivit\u00e9 <b>USB<\/b>, qui simplifie le transfert rapide et s\u00e9curis\u00e9 des images et vid\u00e9os captur\u00e9es vers d\u2019autres appareils pour analyse ou archivage. Son design ergonomique int\u00e8gre une interface intuitive et des commandes adapt\u00e9es pour une prise en main confortable dans divers environnements. Cette cam\u00e9ra s\u2019adresse aux professionnels des secteurs industriel, technique et maintenance qui ont besoin d\u2019une vision claire et d\u00e9taill\u00e9e de zones inaccessibles, comme conduits, machines, tuyauteries ou installations \u00e9lectriques. L\u2019association de la <b>portabilit\u00e9, autonomie et connectivit\u00e9<\/b> fait de la Bosch GIC 12V-4-23 C une solution fiable pour l\u2019identification de probl\u00e8mes, la surveillance et le diagnostic visuel en environnements exigeants. Son mod\u00e8le 0601241500 garantit la conformit\u00e9 aux normes Bosch et des performances constantes dans sa gamme. En r\u00e9sum\u00e9, cette cam\u00e9ra d\u2019inspection num\u00e9rique est un outil indispensable pour ceux qui recherchent pr\u00e9cision, polyvalence et efficacit\u00e9 dans leurs travaux professionnels d\u2019inspection.<\/p>\n<ul>\n<li>Produit \u00e0 brancher: Oui<\/li>\n<li>Bloc d\u2019Alimentation: r\u00e9seau \u00e9lectrique<\/li>\n<li>Couleur: Noir<\/li>\n<li>Connexions: USB<\/li>\n<li>Inclut: Batterie<\/li>\n<\/ul>","protected":false},"excerpt":{"rendered":"<p>Si vous aimez prendre soin de chaque d\u00e9tail de votre maison et d&#8217;\u00eatre \u00e0 la derni\u00e8re mode en mati\u00e8re de produits qui vous rendront la vie plus facile, achetez D\u00e9tecteur de c\u00e2bles et canalisations BOSCH GIC 12V-4-23 C au meilleur prix. La cam\u00e9ra d\u2019inspection num\u00e9rique Bosch Professional GIC 12V-4-23 C est un outil avanc\u00e9 con\u00e7u [&hellip;]<\/p>\n","protected":false},"featured_media":162460,"comment_status":"open","ping_status":"closed","template":"","meta":[],"product_brand":[162],"product_cat":[613,239],"product_tag":[59,210],"class_list":{"0":"post-37475","1":"product","2":"type-product","3":"status-publish","4":"has-post-thumbnail","6":"product_brand-brandp_959","7":"product_cat-bricolage-et-materiel","8":"product_cat-maison-jardin","9":"product_tag-tag_1304","10":"product_tag-tag_25","12":"first","13":"instock","14":"taxable","15":"shipping-taxable","16":"purchasable","17":"product-type-simple"},"_links":{"self":[{"href":"https:\/\/bigbuy.tupique.com\/en\/wp-json\/wp\/v2\/product\/37475","targetHints":{"allow":["GET"]}}],"collection":[{"href":"https:\/\/bigbuy.tupique.com\/en\/wp-json\/wp\/v2\/product"}],"about":[{"href":"https:\/\/bigbuy.tupique.com\/en\/wp-json\/wp\/v2\/types\/product"}],"replies":[{"embeddable":true,"href":"https:\/\/bigbuy.tupique.com\/en\/wp-json\/wp\/v2\/comments?post=37475"}],"wp:featuredmedia":[{"embeddable":true,"href":"https:\/\/bigbuy.tupique.com\/en\/wp-json\/wp\/v2\/media\/162460"}],"wp:attachment":[{"href":"https:\/\/bigbuy.tupique.com\/en\/wp-json\/wp\/v2\/media?parent=37475"}],"wp:term":[{"taxonomy":"product_brand","embeddable":true,"href":"https:\/\/bigbuy.tupique.com\/en\/wp-json\/wp\/v2\/product_brand?post=37475"},{"taxonomy":"product_cat","embeddable":true,"href":"https:\/\/bigbuy.tupique.com\/en\/wp-json\/wp\/v2\/product_cat?post=37475"},{"taxonomy":"product_tag","embeddable":true,"href":"https:\/\/bigbuy.tupique.com\/en\/wp-json\/wp\/v2\/product_tag?post=37475"}],"curies":[{"name":"wp","href":"https:\/\/api.w.org\/{rel}","templated":true}]}}