{"id":37253,"date":"2026-03-30T08:36:34","date_gmt":"2026-03-30T07:36:34","guid":{"rendered":"https:\/\/bigbuy.tupique.com\/produto\/tablet-apple-ipad-air-13-octa-core-8-gb-ram-128-gb-blue\/"},"modified":"2026-05-11T19:55:39","modified_gmt":"2026-05-11T17:55:39","slug":"tablet-apple-ipad-air-13-octa-core-8-gb-ram-128-gb-blue","status":"publish","type":"product","link":"https:\/\/bigbuy.tupique.com\/en\/produto\/tablet-apple-ipad-air-13-octa-core-8-gb-ram-128-gb-blue\/","title":{"rendered":"Tablette Apple iPad Air 13&#8243; Octa Core 8 GB RAM 128 GB Bleu"},"content":{"rendered":"<p>Si vous \u00eates passionn\u00e9 d&#8217;<b>informatique et d&#8217;\u00e9lectronique<\/b>, si vous \u00eates \u00e0 la pointe de la technologie et qu&#8217;aucun d\u00e9tail ne vous \u00e9chappe, achetez <b>Tablette Apple iPad Air 13&#8243; Octa Core 8 GB RAM 128 GB Bleu<\/b> au meilleur prix.<\/p>\n<p>La <b>tablette Apple<\/b> en \u00e9l\u00e9gant coloris <b>bleu<\/b> allie un design soign\u00e9 \u00e0 des performances techniques adapt\u00e9es aux besoins des utilisateurs professionnels et particuliers. \u00c9quip\u00e9e de <b>8 Go de m\u00e9moire RAM<\/b>, elle assure une exp\u00e9rience fluide en multit\u00e2che et dans l\u2019utilisation d\u2019applications exigeantes, tandis que son <b>\u00e9cran de 13 pouces<\/b> offre un large espace visuel avec une haute r\u00e9solution pour profiter de contenus audiovisuels ou travailler confortablement sur documents et graphiques. Elle dispose de <b>128 Go de capacit\u00e9 de stockage<\/b>, suffisants pour sauvegarder applications, fichiers multim\u00e9dias et documents sans souci d\u2019espace. La connectivit\u00e9 5G int\u00e9gr\u00e9e permet une navigation internet rapide et \u00e0 faible latence, facilitant l\u2019acc\u00e8s aux r\u00e9seaux mobiles dans divers environnements sans compromettre les performances. Son design int\u00e8gre des ports <b>USB-C<\/b> offrant polyvalence pour des transferts de donn\u00e9es rapides et la compatibilit\u00e9 avec un large \u00e9ventail d\u2019accessoires modernes. C\u00f4t\u00e9 multim\u00e9dia, elle prend en charge des formats audio de haute qualit\u00e9 tels que <b>AAC, ALAC et FLAC<\/b>, ainsi que des formats vid\u00e9o avanc\u00e9s comme <b>AV1, H.264, HEVC et ProRes<\/b>, garantissant une lecture nette et efficace de contenus vari\u00e9s. Cette tablette est con\u00e7ue pour ceux qui recherchent un appareil portable et puissant avec une connectivit\u00e9 avanc\u00e9e, capable de g\u00e9rer loisirs et t\u00e2ches professionnelles avec aisance et confort.<\/p>\n<ul>\n<li>Type:\n<ul>\n<li>Tablette<\/li>\n<li>Flash<\/li>\n<\/ul>\n<\/li>\n<li>Type de prise: Prise EU<\/li>\n<li>Produit \u00e0 brancher: Oui<\/li>\n<li>Caract\u00e9ristiques:\n<ul>\n<li>Anti-trace<\/li>\n<li>Capteur de lumi\u00e8re ambiante<\/li>\n<li>Cam\u00e9ra frontale<\/li>\n<li>Microphone int\u00e9gr\u00e9<\/li>\n<li>Autofocus<\/li>\n<li>2 Haut-parleurs<\/li>\n<li>4 Haut-parleurs<\/li>\n<li>Lecteur d&#8217;empreintes<\/li>\n<li>Connexion au r\u00e9seau mobile<\/li>\n<li>Boussole \u00e9lectronique<\/li>\n<li>\u00c9cran avec coins arrondis<\/li>\n<\/ul>\n<\/li>\n<li>Zoom Num\u00e9rique: 5x<\/li>\n<li>Rapport d&#8217;aspect: 4:3<\/li>\n<li>Connectivit\u00e9:\n<ul>\n<li>Airplay<\/li>\n<li>4G LTE<\/li>\n<li>Wi-Fi 6E ghz<\/li>\n<li>Wi-Fi<\/li>\n<li>Bluetooth<\/li>\n<li>GPS<\/li>\n<li>5G<\/li>\n<li>eSIM<\/li>\n<li>Wi-Fi 6 GHz<\/li>\n<li>Bluetooth 5.3<\/li>\n<\/ul>\n<\/li>\n<li>Compatible:\n<ul>\n<li>Windows 10<\/li>\n<li>Windows 11<\/li>\n<li>MAC OS X 10.13 HIGH SIERRA<\/li>\n<li>MAC OS X 10.14 MOJAVE<\/li>\n<li>MAC OS X 10.15 CATALINA<\/li>\n<li>MAC OS X 10.15.3 CATALINA<\/li>\n<li>MAC OS X 11.0 BIG SUR<\/li>\n<li>iPadOS<\/li>\n<\/ul>\n<\/li>\n<li>Inclut: C\u00e2ble USB-C<\/li>\n<li>Gyroscope: Oui<\/li>\n<li>Brille: 600 cd\/m\u00b2<\/li>\n<li>Stabilisateur d&#8217;image: Oui<\/li>\n<li>Acc\u00e9l\u00e9rom\u00e8tre: Oui<\/li>\n<li>Ne contient pas: Mercure<\/li>\n<li>Connexions:\n<ul>\n<li>USB-C 3.2 x 1<\/li>\n<li>USB-C<\/li>\n<li>USB-C 3.2 Gen 2 (3.1 Gen 2)<\/li>\n<\/ul>\n<\/li>\n<li>Formats: AAC<\/li>\n<li>Technologie:\n<ul>\n<li>IPS<\/li>\n<li>LED<\/li>\n<li>Mime<\/li>\n<\/ul>\n<\/li>\n<li>Batterie: Polym\u00e8re de lithium<\/li>\n<li>Certificat:\n<ul>\n<li>ENERGY STAR<\/li>\n<li>Certification ENERGY STAR<\/li>\n<\/ul>\n<\/li>\n<li>Largeur: 21,5 cm<\/li>\n<li>Processeur:\n<ul>\n<li>M3-8100Y<\/li>\n<li>Octa Core<\/li>\n<li>M3<\/li>\n<\/ul>\n<\/li>\n<li>R\u00e9solution:\n<ul>\n<li>264 PPP<\/li>\n<li>2732 x 2048 px<\/li>\n<\/ul>\n<\/li>\n<li>R\u00e9solution (px):\n<ul>\n<li>2732 X 2048 PX<\/li>\n<li>3840 x 2160 px<\/li>\n<li>2160 px<\/li>\n<\/ul>\n<\/li>\n<li>Capacit\u00e9 de la batterie: 36,59 wh<\/li>\n<li>Interface: Wi-Fi<\/li>\n<li>Syst\u00e8me d&#8217;exploitation:\n<ul>\n<li>iPadOS 15<\/li>\n<li>iPadOS<\/li>\n<li>iOS<\/li>\n<\/ul>\n<\/li>\n<li>Bloc d\u2019Alimentation:\n<ul>\n<li>r\u00e9seau \u00e9lectrique<\/li>\n<li>USB<\/li>\n<\/ul>\n<\/li>\n<li>Cam\u00e9ra\/Appareil Photo:\n<ul>\n<li>12 mpx<\/li>\n<li>12 MP<\/li>\n<li>Arri\u00e8re<\/li>\n<\/ul>\n<\/li>\n<li>Ecran: 13&#8243;<\/li>\n<li>M\u00e9moire RAM: 8 GB RAM<\/li>\n<li>M\u00e9moire interne: 128 GB<\/li>\n<li>Couleur: Bleu<\/li>\n<li>Mati\u00e8re: Aluminium<\/li>\n<li>Fonctions:\n<ul>\n<li>Barom\u00e8tre<\/li>\n<li>Acc\u00e9l\u00e9rom\u00e8tre<\/li>\n<li>G\u00e9olocalisation<\/li>\n<\/ul>\n<\/li>\n<li>Classification \u00e9nerg\u00e9tique: G<\/li>\n<li>Ouverture: F\/1,8<\/li>\n<li>Non Inclus: Adaptateur AC<\/li>\n<li>Type de batterie: Litio Ion<\/li>\n<li>Noyaux:\n<ul>\n<li>8 Noyaux<\/li>\n<li>16 Noyaux<\/li>\n<\/ul>\n<\/li>\n<li>Diagonale de l&#8217;\u00e9cran (cm): 33 cm<\/li>\n<li>Autonomie approx.: 10 heures<\/li>\n<li>Dispositif intelligent: Apple Intelligence<\/li>\n<\/ul>","protected":false},"excerpt":{"rendered":"<p>Si vous \u00eates passionn\u00e9 d&#8217;informatique et d&#8217;\u00e9lectronique, si vous \u00eates \u00e0 la pointe de la technologie et qu&#8217;aucun d\u00e9tail ne vous \u00e9chappe, achetez Tablette Apple iPad Air 13&#8243; Octa Core 8 GB RAM 128 GB Bleu au meilleur prix. La tablette Apple en \u00e9l\u00e9gant coloris bleu allie un design soign\u00e9 \u00e0 des performances techniques adapt\u00e9es [&hellip;]<\/p>\n","protected":false},"featured_media":37226,"comment_status":"open","ping_status":"closed","template":"","meta":[],"product_brand":[979],"product_cat":[575,65,1052],"product_tag":[566,106],"class_list":{"0":"post-37253","1":"product","2":"type-product","3":"status-publish","4":"has-post-thumbnail","6":"product_brand-brandp_533","7":"product_cat-electronique-telephonie-et-tablettes","8":"product_cat-informatique-electronique","9":"product_cat-tablettes","10":"product_tag-tag_547","11":"product_tag-tag_1295","13":"first","14":"instock","15":"taxable","16":"shipping-taxable","17":"purchasable","18":"product-type-simple"},"_links":{"self":[{"href":"https:\/\/bigbuy.tupique.com\/en\/wp-json\/wp\/v2\/product\/37253","targetHints":{"allow":["GET"]}}],"collection":[{"href":"https:\/\/bigbuy.tupique.com\/en\/wp-json\/wp\/v2\/product"}],"about":[{"href":"https:\/\/bigbuy.tupique.com\/en\/wp-json\/wp\/v2\/types\/product"}],"replies":[{"embeddable":true,"href":"https:\/\/bigbuy.tupique.com\/en\/wp-json\/wp\/v2\/comments?post=37253"}],"wp:featuredmedia":[{"embeddable":true,"href":"https:\/\/bigbuy.tupique.com\/en\/wp-json\/wp\/v2\/media\/37226"}],"wp:attachment":[{"href":"https:\/\/bigbuy.tupique.com\/en\/wp-json\/wp\/v2\/media?parent=37253"}],"wp:term":[{"taxonomy":"product_brand","embeddable":true,"href":"https:\/\/bigbuy.tupique.com\/en\/wp-json\/wp\/v2\/product_brand?post=37253"},{"taxonomy":"product_cat","embeddable":true,"href":"https:\/\/bigbuy.tupique.com\/en\/wp-json\/wp\/v2\/product_cat?post=37253"},{"taxonomy":"product_tag","embeddable":true,"href":"https:\/\/bigbuy.tupique.com\/en\/wp-json\/wp\/v2\/product_tag?post=37253"}],"curies":[{"name":"wp","href":"https:\/\/api.w.org\/{rel}","templated":true}]}}