{"id":36970,"date":"2026-03-30T08:21:04","date_gmt":"2026-03-30T07:21:04","guid":{"rendered":"https:\/\/bigbuy.tupique.com\/produto\/tv-mount-aisens-ft100te-125-100-60-100\/"},"modified":"2026-04-15T05:46:10","modified_gmt":"2026-04-15T04:46:10","slug":"tv-mount-aisens-ft100te-125-100-60-100","status":"publish","type":"product","link":"https:\/\/bigbuy.tupique.com\/en\/produto\/tv-mount-aisens-ft100te-125-100-60-100\/","title":{"rendered":"Support de TV Aisens FT100TE-125 100&#8243; 60-100&#8243;"},"content":{"rendered":"<p>Si vous \u00eates passionn\u00e9 d&#8217;<b>informatique et d&#8217;\u00e9lectronique<\/b>, si vous \u00eates \u00e0 la pointe de la technologie et qu&#8217;aucun d\u00e9tail ne vous \u00e9chappe, achetez <b>Support de TV Aisens FT100TE-125 100&#8243; 60-100&#8243;<\/b> au meilleur prix.<\/p>\n<ul>\n<li>Kit de Montage: Oui<\/li>\n<li>Mati\u00e8re:\n<ul>\n<li>Acier<\/li>\n<li>Aluminium<\/li>\n<\/ul>\n<\/li>\n<li>Ecran:\n<ul>\n<li>60-100&#8243;<\/li>\n<li>100&#8243;<\/li>\n<li>60&#8243;<\/li>\n<\/ul>\n<\/li>\n<li>VESA:\n<ul>\n<li>100 x 60 cm<\/li>\n<li>20 x 20 cm<\/li>\n<\/ul>\n<\/li>\n<li>Type:\n<ul>\n<li>Support de TV<\/li>\n<li>Support pour le sol<\/li>\n<\/ul>\n<\/li>\n<li>Inclut:\n<ul>\n<li>Kit de Montage<\/li>\n<li>Vis<\/li>\n<li>Manuel de l&#8217;utilisateur<\/li>\n<\/ul>\n<\/li>\n<li>Caract\u00e9ristiques:\n<ul>\n<li>Hauteur r\u00e9glable<\/li>\n<li>4 roues pour facilit\u00e9 son d\u00e9placement<\/li>\n<li>R\u00e9glable<\/li>\n<\/ul>\n<\/li>\n<li>Poids Max. support\u00e9: 100 kg<\/li>\n<li>Type de mouvement: Inclinable<\/li>\n<li>Avec des roues: x4<\/li>\n<li>Unit\u00e9s: 1 Unit\u00e9<\/li>\n<\/ul>","protected":false},"excerpt":{"rendered":"<p><span class=\"unit-info\">439.9900 &euro; \/ 1 unit<\/span><\/p>","protected":false},"featured_media":36948,"comment_status":"open","ping_status":"closed","template":"","meta":[],"product_brand":[1345],"product_cat":[65,581,586],"product_tag":[106],"class_list":{"0":"post-36970","1":"product","2":"type-product","3":"status-publish","4":"has-post-thumbnail","6":"product_brand-brandp_7069","7":"product_cat-informatique-electronique","8":"product_cat-informatique-peripheriques-et-consommables","9":"product_cat-supports-pour-ecrans","10":"product_tag-tag_1295","12":"first","13":"instock","14":"taxable","15":"shipping-taxable","16":"purchasable","17":"product-type-simple"},"_links":{"self":[{"href":"https:\/\/bigbuy.tupique.com\/en\/wp-json\/wp\/v2\/product\/36970","targetHints":{"allow":["GET"]}}],"collection":[{"href":"https:\/\/bigbuy.tupique.com\/en\/wp-json\/wp\/v2\/product"}],"about":[{"href":"https:\/\/bigbuy.tupique.com\/en\/wp-json\/wp\/v2\/types\/product"}],"replies":[{"embeddable":true,"href":"https:\/\/bigbuy.tupique.com\/en\/wp-json\/wp\/v2\/comments?post=36970"}],"wp:featuredmedia":[{"embeddable":true,"href":"https:\/\/bigbuy.tupique.com\/en\/wp-json\/wp\/v2\/media\/36948"}],"wp:attachment":[{"href":"https:\/\/bigbuy.tupique.com\/en\/wp-json\/wp\/v2\/media?parent=36970"}],"wp:term":[{"taxonomy":"product_brand","embeddable":true,"href":"https:\/\/bigbuy.tupique.com\/en\/wp-json\/wp\/v2\/product_brand?post=36970"},{"taxonomy":"product_cat","embeddable":true,"href":"https:\/\/bigbuy.tupique.com\/en\/wp-json\/wp\/v2\/product_cat?post=36970"},{"taxonomy":"product_tag","embeddable":true,"href":"https:\/\/bigbuy.tupique.com\/en\/wp-json\/wp\/v2\/product_tag?post=36970"}],"curies":[{"name":"wp","href":"https:\/\/api.w.org\/{rel}","templated":true}]}}