{"id":36759,"date":"2026-03-30T08:02:13","date_gmt":"2026-03-30T07:02:13","guid":{"rendered":"https:\/\/bigbuy.tupique.com\/produto\/shower-column-grohe-grey-31-cm\/"},"modified":"2026-04-16T18:41:21","modified_gmt":"2026-04-16T17:41:21","slug":"shower-column-grohe-grey-31-cm","status":"publish","type":"product","link":"https:\/\/bigbuy.tupique.com\/en\/produto\/shower-column-grohe-grey-31-cm\/","title":{"rendered":"Colonne de douche Grohe Gris 31 cm"},"content":{"rendered":"<p>Si vous aimez prendre soin de chaque d\u00e9tail de votre maison et d&#8217;\u00eatre \u00e0 la derni\u00e8re mode en mati\u00e8re de produits qui vous rendront la vie plus facile, achetez <b>Colonne de douche Grohe Gris 31 cm<\/b> au meilleur prix.<\/p>\n<p>Le set de douche encastr\u00e9 Grohe, d\u00e9sign\u00e9 comme <b>colonne de douche<\/b>, pr\u00e9sente un design moderne et fonctionnel id\u00e9al pour les installations murales, offrant une solution compacte et \u00e9l\u00e9gante en finition <b>gris poli chrom\u00e9<\/b>. Con\u00e7u avec des mat\u00e9riaux r\u00e9sistants tels que le <b>plastique de haute qualit\u00e9<\/b>, ce syst\u00e8me mesure environ <b>31 cm<\/b>, facilitant son int\u00e9gration dans toute salle de bain contemporaine. Ce mod\u00e8le int\u00e8gre un <b>mitigeur thermostatique<\/b> garantissant un contr\u00f4le pr\u00e9cis et constant de la temp\u00e9rature de l\u2019eau, assurant confort et s\u00e9curit\u00e9 en \u00e9vitant les variations soudaines ou les risques de br\u00fblures. La colonne de douche dispose d\u2019un m\u00e9canisme permettant de choisir entre <b>tous types de jets<\/b>, offrant une grande polyvalence pour s\u2019adapter aux pr\u00e9f\u00e9rences et besoins quotidiens, que ce soit pour une douche relaxante ou tonique. L\u2019association des fonctionnalit\u00e9s techniques avec une finition chrom\u00e9e et polie souligne l\u2019esth\u00e9tique soign\u00e9e caract\u00e9ristique des produits Grohe, reconnus pour leur fiabilit\u00e9 et durabilit\u00e9 dans l\u2019\u00e9quipement de salle de bain. De plus, son design encastr\u00e9 optimise l\u2019espace et maintient un aspect \u00e9pur\u00e9, s\u2019int\u00e9grant efficacement au mur sans d\u00e9passer ni \u00eatre envahissant. Dans l\u2019ensemble, ce set Grohe repr\u00e9sente une solution pratique et technique pour ceux qui recherchent un syst\u00e8me de douche thermostatique avec diverses options de jet, avec la garantie d\u2019une marque reconnue sur le march\u00e9 des \u00e9quipements sanitaires.<\/p>\n<ul>\n<li>Couleur: Gris<\/li>\n<li>diam\u00e8tre approx.: 31 cm<\/li>\n<li>Finition:\n<ul>\n<li>Poli<\/li>\n<li>Chrome<\/li>\n<\/ul>\n<\/li>\n<li>Type poign\u00e9e: Plastique<\/li>\n<li>Type d&#8217;installation: Montage mural<\/li>\n<\/ul>","protected":false},"excerpt":{"rendered":"<p>Si vous aimez prendre soin de chaque d\u00e9tail de votre maison et d&#8217;\u00eatre \u00e0 la derni\u00e8re mode en mati\u00e8re de produits qui vous rendront la vie plus facile, achetez Colonne de douche Grohe Gris 31 cm au meilleur prix. Le set de douche encastr\u00e9 Grohe, d\u00e9sign\u00e9 comme colonne de douche, pr\u00e9sente un design moderne et [&hellip;]<\/p>\n","protected":false},"featured_media":36750,"comment_status":"open","ping_status":"closed","template":"","meta":[],"product_brand":[848],"product_cat":[781,239,780],"product_tag":[59,210],"class_list":{"0":"post-36759","1":"product","2":"type-product","3":"status-publish","4":"has-post-thumbnail","6":"product_brand-brandp_3107","7":"product_cat-accessoires-et-robinets","8":"product_cat-maison-jardin","9":"product_cat-salle-de-bain","10":"product_tag-tag_1304","11":"product_tag-tag_25","13":"first","14":"instock","15":"taxable","16":"shipping-taxable","17":"purchasable","18":"product-type-simple"},"_links":{"self":[{"href":"https:\/\/bigbuy.tupique.com\/en\/wp-json\/wp\/v2\/product\/36759","targetHints":{"allow":["GET"]}}],"collection":[{"href":"https:\/\/bigbuy.tupique.com\/en\/wp-json\/wp\/v2\/product"}],"about":[{"href":"https:\/\/bigbuy.tupique.com\/en\/wp-json\/wp\/v2\/types\/product"}],"replies":[{"embeddable":true,"href":"https:\/\/bigbuy.tupique.com\/en\/wp-json\/wp\/v2\/comments?post=36759"}],"wp:featuredmedia":[{"embeddable":true,"href":"https:\/\/bigbuy.tupique.com\/en\/wp-json\/wp\/v2\/media\/36750"}],"wp:attachment":[{"href":"https:\/\/bigbuy.tupique.com\/en\/wp-json\/wp\/v2\/media?parent=36759"}],"wp:term":[{"taxonomy":"product_brand","embeddable":true,"href":"https:\/\/bigbuy.tupique.com\/en\/wp-json\/wp\/v2\/product_brand?post=36759"},{"taxonomy":"product_cat","embeddable":true,"href":"https:\/\/bigbuy.tupique.com\/en\/wp-json\/wp\/v2\/product_cat?post=36759"},{"taxonomy":"product_tag","embeddable":true,"href":"https:\/\/bigbuy.tupique.com\/en\/wp-json\/wp\/v2\/product_tag?post=36759"}],"curies":[{"name":"wp","href":"https:\/\/api.w.org\/{rel}","templated":true}]}}