{"id":36697,"date":"2026-03-30T07:51:23","date_gmt":"2026-03-30T06:51:23","guid":{"rendered":"https:\/\/bigbuy.tupique.com\/produto\/card-holder-montblanc-220219-brown\/"},"modified":"2026-04-15T05:45:19","modified_gmt":"2026-04-15T04:45:19","slug":"card-holder-montblanc-220219-brown","status":"publish","type":"product","link":"https:\/\/bigbuy.tupique.com\/en\/produto\/card-holder-montblanc-220219-brown\/","title":{"rendered":"Porte-cartes Montblanc 220219 Marron"},"content":{"rendered":"<p>Si vous \u00eates \u00e0 la recherche de nouvelles tendances sur le march\u00e9, nous vous pr\u00e9sentons <b>Porte-cartes Montblanc 220219 Marron<\/b> !<\/p>\n<ul>\n<li>Type: Porte-cartes<\/li>\n<li>Genre: Homme<\/li>\n<li>Couleur: Marron<\/li>\n<\/ul>","protected":false},"excerpt":{"rendered":"<p>Si vous \u00eates \u00e0 la recherche de nouvelles tendances sur le march\u00e9, nous vous pr\u00e9sentons Porte-cartes Montblanc 220219 Marron ! Type: Porte-cartes Genre: Homme Couleur: Marron<\/p>","protected":false},"featured_media":36696,"comment_status":"open","ping_status":"closed","template":"","meta":[],"product_brand":[846],"product_cat":[547,544,970],"product_tag":[723],"class_list":{"0":"post-36697","1":"product","2":"type-product","3":"status-publish","4":"has-post-thumbnail","6":"product_brand-brandp_437","7":"product_cat-accessoires","8":"product_cat-mode-accessoires","9":"product_cat-sacs-a-main-et-porte-monnaies","10":"product_tag-tag_1273","12":"first","13":"instock","14":"taxable","15":"shipping-taxable","16":"purchasable","17":"product-type-simple"},"_links":{"self":[{"href":"https:\/\/bigbuy.tupique.com\/en\/wp-json\/wp\/v2\/product\/36697","targetHints":{"allow":["GET"]}}],"collection":[{"href":"https:\/\/bigbuy.tupique.com\/en\/wp-json\/wp\/v2\/product"}],"about":[{"href":"https:\/\/bigbuy.tupique.com\/en\/wp-json\/wp\/v2\/types\/product"}],"replies":[{"embeddable":true,"href":"https:\/\/bigbuy.tupique.com\/en\/wp-json\/wp\/v2\/comments?post=36697"}],"wp:featuredmedia":[{"embeddable":true,"href":"https:\/\/bigbuy.tupique.com\/en\/wp-json\/wp\/v2\/media\/36696"}],"wp:attachment":[{"href":"https:\/\/bigbuy.tupique.com\/en\/wp-json\/wp\/v2\/media?parent=36697"}],"wp:term":[{"taxonomy":"product_brand","embeddable":true,"href":"https:\/\/bigbuy.tupique.com\/en\/wp-json\/wp\/v2\/product_brand?post=36697"},{"taxonomy":"product_cat","embeddable":true,"href":"https:\/\/bigbuy.tupique.com\/en\/wp-json\/wp\/v2\/product_cat?post=36697"},{"taxonomy":"product_tag","embeddable":true,"href":"https:\/\/bigbuy.tupique.com\/en\/wp-json\/wp\/v2\/product_tag?post=36697"}],"curies":[{"name":"wp","href":"https:\/\/api.w.org\/{rel}","templated":true}]}}