{"id":36304,"date":"2026-03-30T07:33:30","date_gmt":"2026-03-30T06:33:30","guid":{"rendered":"https:\/\/bigbuy.tupique.com\/produto\/motherboard-asus-amd-am5-amd-amd-b650-4\/"},"modified":"2026-05-11T20:01:50","modified_gmt":"2026-05-11T18:01:50","slug":"motherboard-asus-amd-am5-amd-amd-b650-4","status":"publish","type":"product","link":"https:\/\/bigbuy.tupique.com\/en\/produto\/motherboard-asus-amd-am5-amd-amd-b650-4\/","title":{"rendered":"Carte M\u00e8re Asus AMD AM5 AMD AMD B650"},"content":{"rendered":"<p>Si vous \u00eates \u00e0 la recherche de nouvelles tendances sur le march\u00e9, nous vous pr\u00e9sentons <b>Carte M\u00e8re Asus AMD AM5 AMD AMD B650<\/b> !<\/p>\n<p>La <b>ROG STRIX B650-A GAMING WIFI<\/b> d\u2019Asus est une <b>carte m\u00e8re<\/b> con\u00e7ue sp\u00e9cialement pour les passionn\u00e9s de performance et les utilisateurs n\u00e9cessitant une plateforme solide et \u00e9volutive bas\u00e9e sur la derni\u00e8re architecture AMD. Cette carte int\u00e8gre le chipset <b>AMD B650<\/b>, compatible avec le socket <b>AMD AM5<\/b>, permettant de tirer pleinement parti des processeurs AMD de derni\u00e8re g\u00e9n\u00e9ration pour offrir des performances optimales en gaming comme en usage professionnel. Elle adopte un format <b>ATX<\/b>, offrant un bon \u00e9quilibre entre espace pour composants et compatibilit\u00e9 avec la majorit\u00e9 des bo\u00eetiers standards. Elle supporte la m\u00e9moire <b>DDR5 SDRAM<\/b>, garantissant des vitesses de transfert \u00e9lev\u00e9es et une meilleure efficacit\u00e9 \u00e9nerg\u00e9tique, indispensables pour les configurations modernes. C\u00f4t\u00e9 connectivit\u00e9, elle propose des options avanc\u00e9es telles que <b>HDMI<\/b>, <b>USB-C<\/b> et ports <b>USB 2.0<\/b>, ainsi qu\u2019une int\u00e9gration native du <b>Wi-Fi 6<\/b>, assurant des connexions sans fil rapides et stables, essentielles pour le jeu en ligne et le transfert de donn\u00e9es. Son design noir offre une finition sobre et \u00e9l\u00e9gante, pens\u00e9e pour s\u2019int\u00e9grer \u00e0 toute configuration gaming ou station de travail. En r\u00e9sum\u00e9, la ROG STRIX B650-A GAMING WIFI d\u2019Asus est une solution technique robuste et polyvalente r\u00e9pondant aux besoins actuels des utilisateurs exigeants recherchant compatibilit\u00e9, rapidit\u00e9 et une plateforme pr\u00eate pour les mises \u00e0 jour futures.<\/p>\n<ul>\n<li>Type:\n<ul>\n<li>Carte M\u00e8re<\/li>\n<li>PCI Express 3.0<\/li>\n<li>ATX<\/li>\n<li>UEFI<\/li>\n<\/ul>\n<\/li>\n<li>Chipset:\n<ul>\n<li>AMD AM5<\/li>\n<li>Intel Wi-Fi 6<\/li>\n<li>AMD<\/li>\n<li>AMD B650<\/li>\n<\/ul>\n<\/li>\n<li>Connexions:\n<ul>\n<li>USB-C<\/li>\n<li>RJ45<\/li>\n<li>DisplayPort<\/li>\n<li>SATA<\/li>\n<li>USB 3.2<\/li>\n<li>HDMI 2.1<\/li>\n<li>M.2<\/li>\n<li>HDMI<\/li>\n<li>USB 2.0<\/li>\n<li>Jack 3.5 mm<\/li>\n<li>PCI Express (x16) x 1<\/li>\n<li>COM x 1<\/li>\n<li>S\/PDIF<\/li>\n<li>24 PIN x 1<\/li>\n<li>Molex 4-pin<\/li>\n<li>USB-C 3.2<\/li>\n<li>8-pin<\/li>\n<li>USB 3.2 x 3<\/li>\n<li>PCI Express (x1) x 2<\/li>\n<li>Sortie audio<\/li>\n<li>HDMI x 1<\/li>\n<li>Microphone<\/li>\n<li>USB 2.0 x 4<\/li>\n<li>Ethernet LAN<\/li>\n<li>SATA x 4<\/li>\n<li>Jack 3.5 mm x 3<\/li>\n<li>M.2 x 3<\/li>\n<li>Thunderbolt x 1<\/li>\n<li>USB-C 3.2 x 1<\/li>\n<li>DIMM<\/li>\n<li>DisplayPort x 1<\/li>\n<li>USB 3.2 x 1<\/li>\n<li>USB 2.0 x 2<\/li>\n<li>RJ45 x 1<\/li>\n<\/ul>\n<\/li>\n<li>Type de m\u00e9moire:\n<ul>\n<li>DDR5 SDRAM<\/li>\n<li>DDR5<\/li>\n<\/ul>\n<\/li>\n<li>Cha\u00eenes:\n<ul>\n<li>7.1<\/li>\n<li>2 Cha\u00eenes<\/li>\n<\/ul>\n<\/li>\n<li>USB 2.0: 4<\/li>\n<li>Profondeur: 244 mm<\/li>\n<li>Son: Realtek ALC4080<\/li>\n<li>vitesse:\n<ul>\n<li>6000 MHz<\/li>\n<li>4800 MHz<\/li>\n<li>5200 MHz<\/li>\n<li>5600 MHz<\/li>\n<li>6400 MHz<\/li>\n<li>6200 MHz<\/li>\n<li>5000 MHZ<\/li>\n<li>5400 mhz<\/li>\n<li>5800 mhz<\/li>\n<\/ul>\n<\/li>\n<li>Connectivit\u00e9:\n<ul>\n<li>2,5 Gigabit Ethernet<\/li>\n<li>Wi-Fi 5 GHz<\/li>\n<li>Wi-Fi 4<\/li>\n<li>Wi-Fi 6E ghz<\/li>\n<li>INTEL I225-V<\/li>\n<li>Bluetooth<\/li>\n<li>Wi-Fi<\/li>\n<li>Bluetooth 5.2<\/li>\n<li>Wi-Fi 6 GHz<\/li>\n<\/ul>\n<\/li>\n<li>Compatible:\n<ul>\n<li>Windows 11<\/li>\n<li>raid 0<\/li>\n<li>raid 1<\/li>\n<li>Raid 10<\/li>\n<li>Bandes LED<\/li>\n<li>AMD Ryzen 7<\/li>\n<li>HDD\/SSD<\/li>\n<li>PC<\/li>\n<\/ul>\n<\/li>\n<li>M\u00e9moire RAM maximale: 128 GB<\/li>\n<li>Bluetooth: Oui<\/li>\n<li>Couleur:\n<ul>\n<li>Noir<\/li>\n<li>Argent\u00e9<\/li>\n<\/ul>\n<\/li>\n<li>Plate-forme: Windows<\/li>\n<li>Facteur de forme: ATX<\/li>\n<li>Interface: Gigabit Ethernet<\/li>\n<li>M\u00e9moire: 256 MB<\/li>\n<li>Nombre d&#8217;emplacements m\u00e9moire: 4<\/li>\n<li>Haut-parleurs: 7.1<\/li>\n<li>Largeur: 30,5 cm<\/li>\n<li>Inclut: SATA<\/li>\n<li>M\u00e9moire interne: 128 GB<\/li>\n<li>Socket: AMD AM5<\/li>\n<li>Famille de processeurs: AMD<\/li>\n<\/ul>","protected":false},"excerpt":{"rendered":"<p>Si vous \u00eates \u00e0 la recherche de nouvelles tendances sur le march\u00e9, nous vous pr\u00e9sentons Carte M\u00e8re Asus AMD AM5 AMD AMD B650 ! La ROG STRIX B650-A GAMING WIFI d\u2019Asus est une carte m\u00e8re con\u00e7ue sp\u00e9cialement pour les passionn\u00e9s de performance et les utilisateurs n\u00e9cessitant une plateforme solide et \u00e9volutive bas\u00e9e sur la derni\u00e8re [&hellip;]<\/p>\n","protected":false},"featured_media":36265,"comment_status":"open","ping_status":"closed","template":"","meta":[],"product_brand":[798],"product_cat":[736,65,584],"product_tag":[59,106],"class_list":{"0":"post-36304","1":"product","2":"type-product","3":"status-publish","4":"has-post-thumbnail","6":"product_brand-brandp_536","7":"product_cat-cartes-meres","8":"product_cat-informatique-electronique","9":"product_cat-informatique-reseaux-et-composants","10":"product_tag-tag_1304","11":"product_tag-tag_1295","13":"first","14":"instock","15":"taxable","16":"shipping-taxable","17":"purchasable","18":"product-type-simple"},"_links":{"self":[{"href":"https:\/\/bigbuy.tupique.com\/en\/wp-json\/wp\/v2\/product\/36304","targetHints":{"allow":["GET"]}}],"collection":[{"href":"https:\/\/bigbuy.tupique.com\/en\/wp-json\/wp\/v2\/product"}],"about":[{"href":"https:\/\/bigbuy.tupique.com\/en\/wp-json\/wp\/v2\/types\/product"}],"replies":[{"embeddable":true,"href":"https:\/\/bigbuy.tupique.com\/en\/wp-json\/wp\/v2\/comments?post=36304"}],"wp:featuredmedia":[{"embeddable":true,"href":"https:\/\/bigbuy.tupique.com\/en\/wp-json\/wp\/v2\/media\/36265"}],"wp:attachment":[{"href":"https:\/\/bigbuy.tupique.com\/en\/wp-json\/wp\/v2\/media?parent=36304"}],"wp:term":[{"taxonomy":"product_brand","embeddable":true,"href":"https:\/\/bigbuy.tupique.com\/en\/wp-json\/wp\/v2\/product_brand?post=36304"},{"taxonomy":"product_cat","embeddable":true,"href":"https:\/\/bigbuy.tupique.com\/en\/wp-json\/wp\/v2\/product_cat?post=36304"},{"taxonomy":"product_tag","embeddable":true,"href":"https:\/\/bigbuy.tupique.com\/en\/wp-json\/wp\/v2\/product_tag?post=36304"}],"curies":[{"name":"wp","href":"https:\/\/api.w.org\/{rel}","templated":true}]}}