{"id":35766,"date":"2026-03-30T07:08:51","date_gmt":"2026-03-30T06:08:51","guid":{"rendered":"https:\/\/bigbuy.tupique.com\/produto\/tablet-apple-ipad-11-512-gb-yellow-m1\/"},"modified":"2026-05-11T19:55:33","modified_gmt":"2026-05-11T17:55:33","slug":"tablet-apple-ipad-11-512-gb-yellow-m1","status":"publish","type":"product","link":"https:\/\/bigbuy.tupique.com\/en\/produto\/tablet-apple-ipad-11-512-gb-yellow-m1\/","title":{"rendered":"Tablette Apple iPad 11&#8243; 512 GB Jaune M1"},"content":{"rendered":"<p>Si vous \u00eates passionn\u00e9 d&#8217;<b>informatique et d&#8217;\u00e9lectronique<\/b>, si vous \u00eates \u00e0 la pointe de la technologie et qu&#8217;aucun d\u00e9tail ne vous \u00e9chappe, achetez <b>Tablette Apple iPad 11&#8243; 512 GB Jaune M1<\/b> au meilleur prix.<\/p>\n<p>L\u2019<b>iPad<\/b> d\u2019Apple est une <b>tablette<\/b> avanc\u00e9e qui associe des capacit\u00e9s techniques puissantes \u00e0 un design embl\u00e9matique, id\u00e9ale aussi bien pour le travail que pour le divertissement. Ce mod\u00e8le dispose d\u2019un <b>\u00e9cran de 11 pouces<\/b> offrant une exp\u00e9rience visuelle nette et immersive, parfaite pour regarder du contenu multim\u00e9dia, r\u00e9aliser des t\u00e2ches cr\u00e9atives ou participer \u00e0 des appels vid\u00e9o. Il se distingue par sa g\u00e9n\u00e9reuse <b>capacit\u00e9 de stockage de 512 Go<\/b>, permettant de conserver de nombreuses applications, fichiers et projets sans contrainte d\u2019espace. L\u2019appareil int\u00e8gre un <b>appareil photo arri\u00e8re de 12 m\u00e9gapixels<\/b> pour capturer des photos et vid\u00e9os en haute r\u00e9solution, ainsi qu\u2019une cam\u00e9ra frontale sp\u00e9cialement con\u00e7ue pour les visioconf\u00e9rences, selfies et appels avec une grande clart\u00e9. Il pr\u00e9sente une finition attrayante en <b>jaune<\/b>, fabriqu\u00e9 en <b>aluminium<\/b> r\u00e9sistant pour plus de l\u00e9g\u00e8ret\u00e9 et de durabilit\u00e9. Parmi ses caract\u00e9ristiques suppl\u00e9mentaires figurent un flash int\u00e9gr\u00e9, un capteur de lumi\u00e8re ambiante pour l\u2019ajustement automatique de la luminosit\u00e9 et la compatibilit\u00e9 avec les accessoires intelligents de la gamme Apple. La combinaison d\u2019un mat\u00e9riel optimis\u00e9, de mat\u00e9riaux de haute qualit\u00e9 et de fonctionnalit\u00e9s multit\u00e2ches fait de cet iPad un outil polyvalent, adapt\u00e9 aux \u00e9tudiants, professionnels et utilisateurs recherchant performance, grande capacit\u00e9 de stockage et exp\u00e9rience fluide dans l\u2019\u00e9cosyst\u00e8me Apple.<\/p>\n<ul>\n<li>Type:\n<ul>\n<li>Tablette<\/li>\n<li>iPad<\/li>\n<li>Flash<\/li>\n<\/ul>\n<\/li>\n<li>Type de prise: Prise EU<\/li>\n<li>Produit \u00e0 brancher: Oui<\/li>\n<li>Caract\u00e9ristiques:\n<ul>\n<li>Zoom<\/li>\n<li>Apple Pay<\/li>\n<li>Touch ID<\/li>\n<li>Ecran<\/li>\n<li>Wi-Fi<\/li>\n<li>Haut-parleurs<\/li>\n<li>Capteurs<\/li>\n<li>Loupe<\/li>\n<li>Capteur de lumi\u00e8re ambiante<\/li>\n<li>Contr\u00f4le vocal<\/li>\n<li>Cam\u00e9ra frontale<\/li>\n<li>Microphone int\u00e9gr\u00e9<\/li>\n<li>Autofocus<\/li>\n<li>Pile incluse<\/li>\n<li>Stabilisateur d&#8217;image<\/li>\n<li>2 Haut-parleurs<\/li>\n<li>Lecteur d&#8217;empreintes<\/li>\n<li>Boussole \u00e9lectronique<\/li>\n<li>\u00c9cran avec coins arrondis<\/li>\n<\/ul>\n<\/li>\n<li>Connectivit\u00e9:\n<ul>\n<li>Wi-Fi<\/li>\n<li>Bluetooth<\/li>\n<li>GPS<\/li>\n<li>Wi-Fi 6 GHz<\/li>\n<li>Bluetooth 5.3<\/li>\n<\/ul>\n<\/li>\n<li>M\u00e9moire RAM: 512 GB<\/li>\n<li>Formats: AAC<\/li>\n<li>Couleur: Jaune<\/li>\n<li>Profondeur: 7 mm<\/li>\n<li>Bloc d\u2019Alimentation:\n<ul>\n<li>r\u00e9seau \u00e9lectrique<\/li>\n<li>USB<\/li>\n<\/ul>\n<\/li>\n<li>Noyaux:\n<ul>\n<li>1<\/li>\n<li>16 Noyaux<\/li>\n<\/ul>\n<\/li>\n<li>Plate-forme: iOS<\/li>\n<li>Dimensions approx.: 23 x 7 x 30 cm<\/li>\n<li>M\u00e9moire interne: 512 GB<\/li>\n<li>Connexions:\n<ul>\n<li>USB-C<\/li>\n<li>USB-C 2.0<\/li>\n<\/ul>\n<\/li>\n<li>Cam\u00e9ra\/Appareil Photo:\n<ul>\n<li>12 mpx<\/li>\n<li>12 MP<\/li>\n<li>Arri\u00e8re<\/li>\n<\/ul>\n<\/li>\n<li>Syst\u00e8me d&#8217;exploitation:\n<ul>\n<li>iPadOS<\/li>\n<li>iOS<\/li>\n<\/ul>\n<\/li>\n<li>Capacit\u00e9 de la batterie: 8500 mAh<\/li>\n<li>Ecran: 11&#8243;<\/li>\n<li>Mati\u00e8re: Aluminium<\/li>\n<li>Fonctions:\n<ul>\n<li>Barom\u00e8tre<\/li>\n<li>Acc\u00e9l\u00e9rom\u00e8tre<\/li>\n<li>G\u00e9olocalisation<\/li>\n<\/ul>\n<\/li>\n<li>Classification \u00e9nerg\u00e9tique: G<\/li>\n<li>Ouverture: F\/1,8<\/li>\n<li>Technologie:\n<ul>\n<li>LED<\/li>\n<li>IPS<\/li>\n<li>Mime<\/li>\n<li>Capacitive<\/li>\n<\/ul>\n<\/li>\n<li>Brille: 500 cd\/m2<\/li>\n<li>Non Inclus:\n<ul>\n<li>Adaptateur AC<\/li>\n<li>Connexion au r\u00e9seau mobile<\/li>\n<\/ul>\n<\/li>\n<li>Certificat: Certification ENERGY STAR<\/li>\n<li>Compatible: iPadOS<\/li>\n<li>Processeur: M1<\/li>\n<li>Type de batterie: Litio Ion<\/li>\n<li>R\u00e9solution: 2360 x 1640 px<\/li>\n<li>R\u00e9solution (px):\n<ul>\n<li>3840 x 2160 px<\/li>\n<li>2160 px<\/li>\n<\/ul>\n<\/li>\n<li>Diagonale de l&#8217;\u00e9cran (cm): 27,9 cm<\/li>\n<li>Autonomie approx.: 10 heures<\/li>\n<\/ul>","protected":false},"excerpt":{"rendered":"<p>Si vous \u00eates passionn\u00e9 d&#8217;informatique et d&#8217;\u00e9lectronique, si vous \u00eates \u00e0 la pointe de la technologie et qu&#8217;aucun d\u00e9tail ne vous \u00e9chappe, achetez Tablette Apple iPad 11&#8243; 512 GB Jaune M1 au meilleur prix. L\u2019iPad d\u2019Apple est une tablette avanc\u00e9e qui associe des capacit\u00e9s techniques puissantes \u00e0 un design embl\u00e9matique, id\u00e9ale aussi bien pour le [&hellip;]<\/p>\n","protected":false},"featured_media":35745,"comment_status":"open","ping_status":"closed","template":"","meta":[],"product_brand":[979],"product_cat":[575,65,1052],"product_tag":[566,106],"class_list":{"0":"post-35766","1":"product","2":"type-product","3":"status-publish","4":"has-post-thumbnail","6":"product_brand-brandp_533","7":"product_cat-electronique-telephonie-et-tablettes","8":"product_cat-informatique-electronique","9":"product_cat-tablettes","10":"product_tag-tag_547","11":"product_tag-tag_1295","13":"first","14":"instock","15":"taxable","16":"shipping-taxable","17":"purchasable","18":"product-type-simple"},"_links":{"self":[{"href":"https:\/\/bigbuy.tupique.com\/en\/wp-json\/wp\/v2\/product\/35766","targetHints":{"allow":["GET"]}}],"collection":[{"href":"https:\/\/bigbuy.tupique.com\/en\/wp-json\/wp\/v2\/product"}],"about":[{"href":"https:\/\/bigbuy.tupique.com\/en\/wp-json\/wp\/v2\/types\/product"}],"replies":[{"embeddable":true,"href":"https:\/\/bigbuy.tupique.com\/en\/wp-json\/wp\/v2\/comments?post=35766"}],"wp:featuredmedia":[{"embeddable":true,"href":"https:\/\/bigbuy.tupique.com\/en\/wp-json\/wp\/v2\/media\/35745"}],"wp:attachment":[{"href":"https:\/\/bigbuy.tupique.com\/en\/wp-json\/wp\/v2\/media?parent=35766"}],"wp:term":[{"taxonomy":"product_brand","embeddable":true,"href":"https:\/\/bigbuy.tupique.com\/en\/wp-json\/wp\/v2\/product_brand?post=35766"},{"taxonomy":"product_cat","embeddable":true,"href":"https:\/\/bigbuy.tupique.com\/en\/wp-json\/wp\/v2\/product_cat?post=35766"},{"taxonomy":"product_tag","embeddable":true,"href":"https:\/\/bigbuy.tupique.com\/en\/wp-json\/wp\/v2\/product_tag?post=35766"}],"curies":[{"name":"wp","href":"https:\/\/api.w.org\/{rel}","templated":true}]}}