{"id":35320,"date":"2026-03-30T06:44:38","date_gmt":"2026-03-30T05:44:38","guid":{"rendered":"https:\/\/bigbuy.tupique.com\/produto\/headphones-poly-875j5aaac3-white\/"},"modified":"2026-04-16T09:11:48","modified_gmt":"2026-04-16T08:11:48","slug":"headphones-poly-875j5aaac3-white","status":"publish","type":"product","link":"https:\/\/bigbuy.tupique.com\/en\/produto\/headphones-poly-875j5aaac3-white\/","title":{"rendered":"Casque Poly 875J5AA#AC3 Blanc"},"content":{"rendered":"<p>Si vous \u00eates passionn\u00e9 d&#8217;<b>informatique et d&#8217;\u00e9lectronique<\/b>, si vous \u00eates \u00e0 la pointe de la technologie et qu&#8217;aucun d\u00e9tail ne vous \u00e9chappe, achetez <b>Casque Poly 875J5AA#AC3 Blanc<\/b> au meilleur prix.<\/p>\n<p>Le <b>Poly 875J5AA#AC3<\/b> est un appareil con\u00e7u comme des <b>casques audio<\/b> avec une approche innovante qui combine fonctionnalit\u00e9 et technologie avanc\u00e9e dans une finition \u00e9l\u00e9gante <b>blanche<\/b>. Bien que la d\u00e9nomination indique des casques, ce produit pr\u00e9sente des caract\u00e9ristiques techniques sp\u00e9cifiques propres \u00e0 un contr\u00f4leur tactile pour salles de conf\u00e9rence, surprenant par sa large connectivit\u00e9, incluant des <b>ports USB et des connexions Ethernet LAN<\/b>, garantissant une int\u00e9gration optimale dans les environnements professionnels et bureaux modernes. Il se distingue particuli\u00e8rement par son <b>\u00e9cran int\u00e9gr\u00e9<\/b> de <b>10,1 pouces (25,6 cm)<\/b> avec une r\u00e9solution WXGA de <b>1280 x 800 pixels<\/b>, offrant une visualisation claire et nette, id\u00e9ale pour g\u00e9rer et r\u00e9server des espaces de travail via son <b>contr\u00f4le tactile<\/b> intuitif. Ce panneau de contr\u00f4le tactile Poly TC10 est con\u00e7u pour augmenter la productivit\u00e9 lors des r\u00e9unions, facilitant une gestion simple et efficace des salles gr\u00e2ce \u00e0 son design tactile et \u00e0 l\u2019alimentation par <b>Power over Ethernet (PoE)<\/b>, r\u00e9duisant ainsi le besoin de c\u00e2bles suppl\u00e9mentaires et simplifiant l\u2019installation. Fabriqu\u00e9 selon des normes r\u00e9pondant aux exigences actuelles des technologies pour espaces collaboratifs, cet appareil allie praticit\u00e9, esth\u00e9tique et technologie avanc\u00e9e dans un produit d\u2019origine chinoise. Ainsi, le Poly 875J5AA#AC3 se positionne comme une solution technologique qui optimise l\u2019organisation et la gestion en milieu professionnel, int\u00e9grant un syst\u00e8me visuel interactif et des connexions polyvalentes adapt\u00e9es aux besoins contemporains.<\/p>\n<ul>\n<li>Type: Casque<\/li>\n<li>Couleur: Blanc<\/li>\n<li>Caract\u00e9ristiques:\n<ul>\n<li>\u00c9cran integr\u00e9<\/li>\n<li>Commande tactile<\/li>\n<\/ul>\n<\/li>\n<li>Connexions:\n<ul>\n<li>Ethernet LAN<\/li>\n<li>USB<\/li>\n<\/ul>\n<\/li>\n<li>Ecran: 10,1&#8243;<\/li>\n<li>M\u00e9moire interne: 64 GB<\/li>\n<li>R\u00e9solution (px): 1280 x 800 px<\/li>\n<li>Diagonale de l&#8217;\u00e9cran (cm): 10,2 cm<\/li>\n<\/ul>","protected":false},"excerpt":{"rendered":"<p>Si vous \u00eates passionn\u00e9 d&#8217;informatique et d&#8217;\u00e9lectronique, si vous \u00eates \u00e0 la pointe de la technologie et qu&#8217;aucun d\u00e9tail ne vous \u00e9chappe, achetez Casque Poly 875J5AA#AC3 Blanc au meilleur prix. Le Poly 875J5AA#AC3 est un appareil con\u00e7u comme des casques audio avec une approche innovante qui combine fonctionnalit\u00e9 et technologie avanc\u00e9e dans une finition \u00e9l\u00e9gante [&hellip;]<\/p>\n","protected":false},"featured_media":178061,"comment_status":"open","ping_status":"closed","template":"","meta":[],"product_brand":[1002],"product_cat":[65,581,594],"product_tag":[213,566,106],"class_list":{"0":"post-35320","1":"product","2":"type-product","3":"status-publish","4":"has-post-thumbnail","6":"product_brand-brandp_4768","7":"product_cat-informatique-electronique","8":"product_cat-informatique-peripheriques-et-consommables","9":"product_cat-micros-et-ecouteurs","10":"product_tag-tag_933","11":"product_tag-tag_547","12":"product_tag-tag_1295","14":"first","15":"instock","16":"taxable","17":"shipping-taxable","18":"purchasable","19":"product-type-simple"},"_links":{"self":[{"href":"https:\/\/bigbuy.tupique.com\/en\/wp-json\/wp\/v2\/product\/35320","targetHints":{"allow":["GET"]}}],"collection":[{"href":"https:\/\/bigbuy.tupique.com\/en\/wp-json\/wp\/v2\/product"}],"about":[{"href":"https:\/\/bigbuy.tupique.com\/en\/wp-json\/wp\/v2\/types\/product"}],"replies":[{"embeddable":true,"href":"https:\/\/bigbuy.tupique.com\/en\/wp-json\/wp\/v2\/comments?post=35320"}],"wp:featuredmedia":[{"embeddable":true,"href":"https:\/\/bigbuy.tupique.com\/en\/wp-json\/wp\/v2\/media\/178061"}],"wp:attachment":[{"href":"https:\/\/bigbuy.tupique.com\/en\/wp-json\/wp\/v2\/media?parent=35320"}],"wp:term":[{"taxonomy":"product_brand","embeddable":true,"href":"https:\/\/bigbuy.tupique.com\/en\/wp-json\/wp\/v2\/product_brand?post=35320"},{"taxonomy":"product_cat","embeddable":true,"href":"https:\/\/bigbuy.tupique.com\/en\/wp-json\/wp\/v2\/product_cat?post=35320"},{"taxonomy":"product_tag","embeddable":true,"href":"https:\/\/bigbuy.tupique.com\/en\/wp-json\/wp\/v2\/product_tag?post=35320"}],"curies":[{"name":"wp","href":"https:\/\/api.w.org\/{rel}","templated":true}]}}