{"id":35318,"date":"2026-03-30T06:44:36","date_gmt":"2026-03-30T05:44:36","guid":{"rendered":"https:\/\/bigbuy.tupique.com\/produto\/power-supply-poly-85w96aa\/"},"modified":"2026-05-11T19:59:35","modified_gmt":"2026-05-11T17:59:35","slug":"power-supply-poly-85w96aa","status":"publish","type":"product","link":"https:\/\/bigbuy.tupique.com\/en\/produto\/power-supply-poly-85w96aa\/","title":{"rendered":"Bloc d\u2019Alimentation Poly 85W96AA"},"content":{"rendered":"<p>Si vous \u00eates passionn\u00e9 d&#8217;<b>informatique et d&#8217;\u00e9lectronique<\/b>, si vous \u00eates \u00e0 la pointe de la technologie et qu&#8217;aucun d\u00e9tail ne vous \u00e9chappe, achetez <b>Bloc d\u2019Alimentation Poly 85W96AA<\/b> au meilleur prix.<\/p>\n<p>La <b>source d\u2019alimentation Poly mod\u00e8le 85W96AA<\/b> est con\u00e7ue pour offrir une solution de charge efficace et fiable, aussi bien pour les batteries que pour les terminaux multiples, particuli\u00e8rement adapt\u00e9e aux environnements professionnels n\u00e9cessitant une alimentation \u00e9lectrique stable. Cet appareil pr\u00e9sente une finition \u00e9l\u00e9gante et discr\u00e8te en <b>noir<\/b>, facilitant son int\u00e9gration dans divers contextes de travail. Il dispose de connexions <b>USB<\/b> garantissant polyvalence et compatibilit\u00e9 avec diff\u00e9rents \u00e9quipements et accessoires, permettant une recharge simultan\u00e9e ou individuelle selon les besoins de l\u2019utilisateur. De plus, il inclut un <b>c\u00e2ble \u00e9lectrique<\/b> facilitant son installation et son usage imm\u00e9diat, assurant une alimentation s\u00fbre et continue. Sa fonction principale est la gestion et la maintenance de l\u2019\u00e9nergie des dispositifs portables, optimisant la dur\u00e9e de vie des batteries et la fonctionnalit\u00e9 des terminaux. Cet accessoire fait partie de la solution de charge compl\u00e8te de la gamme Rove 30\/40, destin\u00e9 aux professionnels qui valorisent l\u2019efficacit\u00e9, la fiabilit\u00e9 et la simplicit\u00e9 d\u2019utilisation dans leurs postes de travail ou points de service. Dans l\u2019ensemble, la <b>source d\u2019alimentation Poly 85W96AA<\/b> se distingue par son design fonctionnel, sa connectivit\u00e9 USB et sa construction robuste, se positionnant comme un composant essentiel pour ceux qui requi\u00e8rent une \u00e9nergie continue et contr\u00f4l\u00e9e pour leurs dispositifs de communication et de charge.<\/p>\n<ul>\n<li>Type: Bloc d\u2019Alimentation<\/li>\n<li>Produit \u00e0 brancher: Oui<\/li>\n<li>Bloc d\u2019Alimentation:\n<ul>\n<li>r\u00e9seau \u00e9lectrique<\/li>\n<li>C\u00e2ble \u00e9lectrique<\/li>\n<\/ul>\n<\/li>\n<li>Couleur: Noir<\/li>\n<li>Connexions: USB<\/li>\n<\/ul>","protected":false},"excerpt":{"rendered":"<p>Si vous \u00eates passionn\u00e9 d&#8217;informatique et d&#8217;\u00e9lectronique, si vous \u00eates \u00e0 la pointe de la technologie et qu&#8217;aucun d\u00e9tail ne vous \u00e9chappe, achetez Bloc d\u2019Alimentation Poly 85W96AA au meilleur prix. La source d\u2019alimentation Poly mod\u00e8le 85W96AA est con\u00e7ue pour offrir une solution de charge efficace et fiable, aussi bien pour les batteries que pour les [&hellip;]<\/p>\n","protected":false},"featured_media":35317,"comment_status":"open","ping_status":"closed","template":"","meta":[],"product_brand":[1002],"product_cat":[65,584,618],"product_tag":[210,106],"class_list":{"0":"post-35318","1":"product","2":"type-product","3":"status-publish","4":"has-post-thumbnail","6":"product_brand-brandp_4768","7":"product_cat-informatique-electronique","8":"product_cat-informatique-reseaux-et-composants","9":"product_cat-sources-d-alimentation","10":"product_tag-tag_25","11":"product_tag-tag_1295","13":"first","14":"instock","15":"taxable","16":"shipping-taxable","17":"purchasable","18":"product-type-simple"},"_links":{"self":[{"href":"https:\/\/bigbuy.tupique.com\/en\/wp-json\/wp\/v2\/product\/35318","targetHints":{"allow":["GET"]}}],"collection":[{"href":"https:\/\/bigbuy.tupique.com\/en\/wp-json\/wp\/v2\/product"}],"about":[{"href":"https:\/\/bigbuy.tupique.com\/en\/wp-json\/wp\/v2\/types\/product"}],"replies":[{"embeddable":true,"href":"https:\/\/bigbuy.tupique.com\/en\/wp-json\/wp\/v2\/comments?post=35318"}],"wp:featuredmedia":[{"embeddable":true,"href":"https:\/\/bigbuy.tupique.com\/en\/wp-json\/wp\/v2\/media\/35317"}],"wp:attachment":[{"href":"https:\/\/bigbuy.tupique.com\/en\/wp-json\/wp\/v2\/media?parent=35318"}],"wp:term":[{"taxonomy":"product_brand","embeddable":true,"href":"https:\/\/bigbuy.tupique.com\/en\/wp-json\/wp\/v2\/product_brand?post=35318"},{"taxonomy":"product_cat","embeddable":true,"href":"https:\/\/bigbuy.tupique.com\/en\/wp-json\/wp\/v2\/product_cat?post=35318"},{"taxonomy":"product_tag","embeddable":true,"href":"https:\/\/bigbuy.tupique.com\/en\/wp-json\/wp\/v2\/product_tag?post=35318"}],"curies":[{"name":"wp","href":"https:\/\/api.w.org\/{rel}","templated":true}]}}