{"id":35283,"date":"2026-03-30T06:43:37","date_gmt":"2026-03-30T05:43:37","guid":{"rendered":"https:\/\/bigbuy.tupique.com\/produto\/tablet-samsung-sm-x526-109-octa-core-8-gb-ram-128-gb-silver\/"},"modified":"2026-04-15T05:22:09","modified_gmt":"2026-04-15T04:22:09","slug":"tablet-samsung-sm-x526-109-octa-core-8-gb-ram-128-gb-silver","status":"publish","type":"product","link":"https:\/\/bigbuy.tupique.com\/en\/produto\/tablet-samsung-sm-x526-109-octa-core-8-gb-ram-128-gb-silver\/","title":{"rendered":"Tablette Samsung SM-X526 10,9&#8243; Octa Core 8 GB RAM 128 GB Argent\u00e9"},"content":{"rendered":"<p>Si vous \u00eates passionn\u00e9 d&#8217;<b>informatique et d&#8217;\u00e9lectronique<\/b>, si vous \u00eates \u00e0 la pointe de la technologie et qu&#8217;aucun d\u00e9tail ne vous \u00e9chappe, achetez <b>Tablette Samsung SM-X526 10,9&#8243; Octa Core 8 GB RAM 128 GB Argent\u00e9<\/b> au meilleur prix.<\/p>\n<ul>\n<li>Type: Tablette<\/li>\n<li>Type de prise: Prise EU<\/li>\n<li>Produit \u00e0 brancher: Oui<\/li>\n<li>Diagonale de l&#8217;\u00e9cran (cm): 27,7 cm<\/li>\n<li>Bloc d\u2019Alimentation:\n<ul>\n<li>r\u00e9seau \u00e9lectrique<\/li>\n<li>USB<\/li>\n<\/ul>\n<\/li>\n<li>Technologie:\n<ul>\n<li>IPS LCD<\/li>\n<li>TFT<\/li>\n<\/ul>\n<\/li>\n<li>Connexions:\n<ul>\n<li>USB-C<\/li>\n<li>USB-C 2.0<\/li>\n<\/ul>\n<\/li>\n<li>Cam\u00e9ra\/Appareil Photo:\n<ul>\n<li>12 mpx<\/li>\n<li>13 mpx<\/li>\n<li>13 MP<\/li>\n<li>Arri\u00e8re<\/li>\n<\/ul>\n<\/li>\n<li>Capacit\u00e9 de la batterie: 8000 mAh<\/li>\n<li>Syst\u00e8me d&#8217;exploitation: Android<\/li>\n<li>Ecran: 10,9&#8243;<\/li>\n<li>Processeur: Octa Core<\/li>\n<li>M\u00e9moire RAM: 8 GB RAM<\/li>\n<li>M\u00e9moire interne: 128 GB<\/li>\n<li>Couleur: Argent\u00e9<\/li>\n<li>Caract\u00e9ristiques:\n<ul>\n<li>Cam\u00e9ra frontale<\/li>\n<li>Autofocus<\/li>\n<li>Lecteur de Cartes<\/li>\n<li>Lecteur d&#8217;empreintes<\/li>\n<li>Connexion au r\u00e9seau mobile<\/li>\n<li>Boussole \u00e9lectronique<\/li>\n<\/ul>\n<\/li>\n<li>Connectivit\u00e9:\n<ul>\n<li>Bluetooth<\/li>\n<li>Wi-Fi<\/li>\n<li>GPS<\/li>\n<li>Galileo<\/li>\n<li>5G<\/li>\n<li>Wi-Fi 6 GHz<\/li>\n<li>Bluetooth 5.3<\/li>\n<\/ul>\n<\/li>\n<li>Classification IP: IP68<\/li>\n<li>Disque dur: 128 GB SSD<\/li>\n<li>Fonctions: Acc\u00e9l\u00e9rom\u00e8tre<\/li>\n<li>Non Inclus: Adaptateur AC<\/li>\n<li>Taille maximale de la carte m\u00e9moire: 2 TB<\/li>\n<li>Cartes M\u00e9moire Compatibles: MicroSD (TransFlash)<\/li>\n<li>R\u00e9solution: WUXGA+<\/li>\n<li>Inclut: Crayon tactile<\/li>\n<li>Autonomie approx.: 20 heures<\/li>\n<li>Noyaux: 8 Noyaux<\/li>\n<li>R\u00e9solution (px): 3840 x 2160 px<\/li>\n<\/ul>","protected":false},"excerpt":{"rendered":"<p>Si vous \u00eates passionn\u00e9 d&#8217;informatique et d&#8217;\u00e9lectronique, si vous \u00eates \u00e0 la pointe de la technologie et qu&#8217;aucun d\u00e9tail ne vous \u00e9chappe, achetez Tablette Samsung SM-X526 10,9&#8243; Octa Core 8 GB RAM 128 GB Argent\u00e9 au meilleur prix. Type: Tablette Type de prise: Prise EU Produit \u00e0 brancher: Oui Diagonale de l&#8217;\u00e9cran (cm): 27,7 cm [&hellip;]<\/p>\n","protected":false},"featured_media":35275,"comment_status":"open","ping_status":"closed","template":"","meta":[],"product_brand":[183],"product_cat":[575,65,1052],"product_tag":[566,106],"class_list":{"0":"post-35283","1":"product","2":"type-product","3":"status-publish","4":"has-post-thumbnail","6":"product_brand-brandp_576","7":"product_cat-electronique-telephonie-et-tablettes","8":"product_cat-informatique-electronique","9":"product_cat-tablettes","10":"product_tag-tag_547","11":"product_tag-tag_1295","13":"first","14":"instock","15":"taxable","16":"shipping-taxable","17":"purchasable","18":"product-type-simple"},"_links":{"self":[{"href":"https:\/\/bigbuy.tupique.com\/en\/wp-json\/wp\/v2\/product\/35283","targetHints":{"allow":["GET"]}}],"collection":[{"href":"https:\/\/bigbuy.tupique.com\/en\/wp-json\/wp\/v2\/product"}],"about":[{"href":"https:\/\/bigbuy.tupique.com\/en\/wp-json\/wp\/v2\/types\/product"}],"replies":[{"embeddable":true,"href":"https:\/\/bigbuy.tupique.com\/en\/wp-json\/wp\/v2\/comments?post=35283"}],"wp:featuredmedia":[{"embeddable":true,"href":"https:\/\/bigbuy.tupique.com\/en\/wp-json\/wp\/v2\/media\/35275"}],"wp:attachment":[{"href":"https:\/\/bigbuy.tupique.com\/en\/wp-json\/wp\/v2\/media?parent=35283"}],"wp:term":[{"taxonomy":"product_brand","embeddable":true,"href":"https:\/\/bigbuy.tupique.com\/en\/wp-json\/wp\/v2\/product_brand?post=35283"},{"taxonomy":"product_cat","embeddable":true,"href":"https:\/\/bigbuy.tupique.com\/en\/wp-json\/wp\/v2\/product_cat?post=35283"},{"taxonomy":"product_tag","embeddable":true,"href":"https:\/\/bigbuy.tupique.com\/en\/wp-json\/wp\/v2\/product_tag?post=35283"}],"curies":[{"name":"wp","href":"https:\/\/api.w.org\/{rel}","templated":true}]}}