{"id":35148,"date":"2026-03-30T06:33:24","date_gmt":"2026-03-30T05:33:24","guid":{"rendered":"https:\/\/bigbuy.tupique.com\/produto\/mens-wallet-montblanc-131762-black\/"},"modified":"2026-04-15T05:10:28","modified_gmt":"2026-04-15T04:10:28","slug":"mens-wallet-montblanc-131762-black","status":"publish","type":"product","link":"https:\/\/bigbuy.tupique.com\/en\/produto\/mens-wallet-montblanc-131762-black\/","title":{"rendered":"Portefeuille Homme Montblanc 131762 Noir"},"content":{"rendered":"<p>Si vous envisagez de renouveler votre garde-robe, achetez <b>Portefeuille Homme Montblanc 131762 Noir<\/b> et d\u2019autres<b>produits Montblanc<\/b>! La meilleure qualit\u00e9 au meilleur prix est \u00e0 votre port\u00e9e!<\/p>\n<ul>\n<li>Couleur: Noir<\/li>\n<li>Genre: Homme<\/li>\n<li>Type: Portefeuille<\/li>\n<\/ul>","protected":false},"excerpt":{"rendered":"<p>Si vous envisagez de renouveler votre garde-robe, achetez Portefeuille Homme Montblanc 131762 Noir et d\u2019autresproduits Montblanc! La meilleure qualit\u00e9 au meilleur prix est \u00e0 votre port\u00e9e! Couleur: Noir Genre: Homme Type: Portefeuille<\/p>","protected":false},"featured_media":35147,"comment_status":"open","ping_status":"closed","template":"","meta":[],"product_brand":[846],"product_cat":[547,544,970],"product_tag":[723],"class_list":{"0":"post-35148","1":"product","2":"type-product","3":"status-publish","4":"has-post-thumbnail","6":"product_brand-brandp_437","7":"product_cat-accessoires","8":"product_cat-mode-accessoires","9":"product_cat-sacs-a-main-et-porte-monnaies","10":"product_tag-tag_1273","12":"first","13":"instock","14":"taxable","15":"shipping-taxable","16":"purchasable","17":"product-type-simple"},"_links":{"self":[{"href":"https:\/\/bigbuy.tupique.com\/en\/wp-json\/wp\/v2\/product\/35148","targetHints":{"allow":["GET"]}}],"collection":[{"href":"https:\/\/bigbuy.tupique.com\/en\/wp-json\/wp\/v2\/product"}],"about":[{"href":"https:\/\/bigbuy.tupique.com\/en\/wp-json\/wp\/v2\/types\/product"}],"replies":[{"embeddable":true,"href":"https:\/\/bigbuy.tupique.com\/en\/wp-json\/wp\/v2\/comments?post=35148"}],"wp:featuredmedia":[{"embeddable":true,"href":"https:\/\/bigbuy.tupique.com\/en\/wp-json\/wp\/v2\/media\/35147"}],"wp:attachment":[{"href":"https:\/\/bigbuy.tupique.com\/en\/wp-json\/wp\/v2\/media?parent=35148"}],"wp:term":[{"taxonomy":"product_brand","embeddable":true,"href":"https:\/\/bigbuy.tupique.com\/en\/wp-json\/wp\/v2\/product_brand?post=35148"},{"taxonomy":"product_cat","embeddable":true,"href":"https:\/\/bigbuy.tupique.com\/en\/wp-json\/wp\/v2\/product_cat?post=35148"},{"taxonomy":"product_tag","embeddable":true,"href":"https:\/\/bigbuy.tupique.com\/en\/wp-json\/wp\/v2\/product_tag?post=35148"}],"curies":[{"name":"wp","href":"https:\/\/api.w.org\/{rel}","templated":true}]}}