{"id":35144,"date":"2026-03-30T06:33:19","date_gmt":"2026-03-30T05:33:19","guid":{"rendered":"https:\/\/bigbuy.tupique.com\/produto\/tablet-oneplus-pad-lite-11-octa-core-8-gb-ram-128-gb-blue\/"},"modified":"2026-04-16T14:20:58","modified_gmt":"2026-04-16T13:20:58","slug":"tablet-oneplus-pad-lite-11-octa-core-8-gb-ram-128-gb-blue","status":"publish","type":"product","link":"https:\/\/bigbuy.tupique.com\/en\/produto\/tablet-oneplus-pad-lite-11-octa-core-8-gb-ram-128-gb-blue\/","title":{"rendered":"Tablette OnePlus Pad Lite 11&#8243; Octa Core 8 GB RAM 128 GB Bleu"},"content":{"rendered":"<p>Si vous \u00eates passionn\u00e9 d&#8217;<b>informatique et d&#8217;\u00e9lectronique<\/b>, si vous \u00eates \u00e0 la pointe de la technologie et qu&#8217;aucun d\u00e9tail ne vous \u00e9chappe, achetez <b>Tablette OnePlus Pad Lite 11&#8243; Octa Core 8 GB RAM 128 GB Bleu<\/b> au meilleur prix.<\/p>\n<ul>\n<li>Diagonale de l&#8217;\u00e9cran (cm): 27,9 cm<\/li>\n<li>Type: Tablette<\/li>\n<li>Produit \u00e0 brancher: Oui<\/li>\n<li>Bloc d\u2019Alimentation: r\u00e9seau \u00e9lectrique<\/li>\n<li>Technologie:\n<ul>\n<li>IPS LCD<\/li>\n<li>LCD<\/li>\n<\/ul>\n<\/li>\n<li>Syst\u00e8me d&#8217;exploitation: Android<\/li>\n<li>Connectivit\u00e9:\n<ul>\n<li>Wi-Fi<\/li>\n<li>Bluetooth<\/li>\n<li>Bluetooth 5.2<\/li>\n<li>LTE<\/li>\n<\/ul>\n<\/li>\n<li>Cam\u00e9ra\/Appareil Photo:\n<ul>\n<li>5 Mpx<\/li>\n<li>5 Mp<\/li>\n<li>Arri\u00e8re<\/li>\n<\/ul>\n<\/li>\n<li>Connexions:\n<ul>\n<li>USB-C<\/li>\n<li>4G<\/li>\n<\/ul>\n<\/li>\n<li>Ecran: 11&#8243;<\/li>\n<li>Processeur: Octa Core<\/li>\n<li>M\u00e9moire RAM: 8 GB RAM<\/li>\n<li>M\u00e9moire interne: 128 GB<\/li>\n<li>Couleur: Bleu<\/li>\n<li>Caract\u00e9ristiques:\n<ul>\n<li>Cam\u00e9ra frontale<\/li>\n<li>Connexion au r\u00e9seau mobile<\/li>\n<\/ul>\n<\/li>\n<li>Rapport d&#8217;aspect: 16:10<\/li>\n<li>Classification \u00e9nerg\u00e9tique: F<\/li>\n<li>Autonomie approx.: 11 heures<\/li>\n<li>Brille: 500 cd\/m2<\/li>\n<li>Non Inclus: Adaptateur AC<\/li>\n<li>vitesse: 90 Hz<\/li>\n<li>Famille de processeurs: MediaTek<\/li>\n<li>R\u00e9solution (px): 1920 x 1200 px<\/li>\n<\/ul>","protected":false},"excerpt":{"rendered":"<p>Si vous \u00eates passionn\u00e9 d&#8217;informatique et d&#8217;\u00e9lectronique, si vous \u00eates \u00e0 la pointe de la technologie et qu&#8217;aucun d\u00e9tail ne vous \u00e9chappe, achetez Tablette OnePlus Pad Lite 11&#8243; Octa Core 8 GB RAM 128 GB Bleu au meilleur prix. Diagonale de l&#8217;\u00e9cran (cm): 27,9 cm Type: Tablette Produit \u00e0 brancher: Oui Bloc d\u2019Alimentation: r\u00e9seau \u00e9lectrique [&hellip;]<\/p>\n","protected":false},"featured_media":154922,"comment_status":"open","ping_status":"closed","template":"","meta":[],"product_brand":[1150],"product_cat":[575,65,1052],"product_tag":[566,106],"class_list":{"0":"post-35144","1":"product","2":"type-product","3":"status-publish","4":"has-post-thumbnail","6":"product_brand-brandp_4881","7":"product_cat-electronique-telephonie-et-tablettes","8":"product_cat-informatique-electronique","9":"product_cat-tablettes","10":"product_tag-tag_547","11":"product_tag-tag_1295","13":"first","14":"instock","15":"taxable","16":"shipping-taxable","17":"purchasable","18":"product-type-simple"},"_links":{"self":[{"href":"https:\/\/bigbuy.tupique.com\/en\/wp-json\/wp\/v2\/product\/35144","targetHints":{"allow":["GET"]}}],"collection":[{"href":"https:\/\/bigbuy.tupique.com\/en\/wp-json\/wp\/v2\/product"}],"about":[{"href":"https:\/\/bigbuy.tupique.com\/en\/wp-json\/wp\/v2\/types\/product"}],"replies":[{"embeddable":true,"href":"https:\/\/bigbuy.tupique.com\/en\/wp-json\/wp\/v2\/comments?post=35144"}],"wp:featuredmedia":[{"embeddable":true,"href":"https:\/\/bigbuy.tupique.com\/en\/wp-json\/wp\/v2\/media\/154922"}],"wp:attachment":[{"href":"https:\/\/bigbuy.tupique.com\/en\/wp-json\/wp\/v2\/media?parent=35144"}],"wp:term":[{"taxonomy":"product_brand","embeddable":true,"href":"https:\/\/bigbuy.tupique.com\/en\/wp-json\/wp\/v2\/product_brand?post=35144"},{"taxonomy":"product_cat","embeddable":true,"href":"https:\/\/bigbuy.tupique.com\/en\/wp-json\/wp\/v2\/product_cat?post=35144"},{"taxonomy":"product_tag","embeddable":true,"href":"https:\/\/bigbuy.tupique.com\/en\/wp-json\/wp\/v2\/product_tag?post=35144"}],"curies":[{"name":"wp","href":"https:\/\/api.w.org\/{rel}","templated":true}]}}