{"id":35133,"date":"2026-03-30T06:32:57","date_gmt":"2026-03-30T05:32:57","guid":{"rendered":"https:\/\/bigbuy.tupique.com\/produto\/smart-tv-tcl-tcl-32s51k-full-hd-fhd-32-qled\/"},"modified":"2026-04-16T21:25:25","modified_gmt":"2026-04-16T20:25:25","slug":"smart-tv-tcl-tcl-32s51k-full-hd-fhd-32-qled","status":"publish","type":"product","link":"https:\/\/bigbuy.tupique.com\/en\/produto\/smart-tv-tcl-tcl-32s51k-full-hd-fhd-32-qled\/","title":{"rendered":"TV intelligente TCL TCL 32S51K Full HD FHD 32&#8243; QLED"},"content":{"rendered":"<p>Si vous \u00eates passionn\u00e9 d&#8217;<b>informatique et d&#8217;\u00e9lectronique<\/b>, si vous \u00eates \u00e0 la pointe de la technologie et qu&#8217;aucun d\u00e9tail ne vous \u00e9chappe, achetez <b>TV intelligente TCL TCL 32S51K Full HD FHD 32&#8243; QLED<\/b> au meilleur prix.<\/p>\n<ul>\n<li>Technologie: QLED<\/li>\n<li>Ecran: 32&#8243;<\/li>\n<li>Diagonale de l&#8217;\u00e9cran (cm): 81 CM<\/li>\n<li>R\u00e9solution:\n<ul>\n<li>FHD<\/li>\n<li>Full HD<\/li>\n<\/ul>\n<\/li>\n<li>R\u00e9solution (px): 1920 x 1080 px<\/li>\n<li>Syst\u00e8me d&#8217;exploitation: Android TV<\/li>\n<li>Connectivit\u00e9: Wi-Fi<\/li>\n<li>Connexions: HDMI 1.4<\/li>\n<li>TV intelligente: Oui<\/li>\n<li>Inclut: T\u00e9l\u00e9commande<\/li>\n<li>Couleur: Noir<\/li>\n<\/ul>","protected":false},"excerpt":{"rendered":"<p>Si vous \u00eates passionn\u00e9 d&#8217;informatique et d&#8217;\u00e9lectronique, si vous \u00eates \u00e0 la pointe de la technologie et qu&#8217;aucun d\u00e9tail ne vous \u00e9chappe, achetez TV intelligente TCL TCL 32S51K Full HD FHD 32&#8243; QLED au meilleur prix. Technologie: QLED Ecran: 32&#8243; Diagonale de l&#8217;\u00e9cran (cm): 81 CM R\u00e9solution: FHD Full HD R\u00e9solution (px): 1920 x 1080 [&hellip;]<\/p>\n","protected":false},"featured_media":35127,"comment_status":"open","ping_status":"closed","template":"","meta":[],"product_brand":[1153],"product_cat":[589,65,957],"product_tag":[59],"class_list":{"0":"post-35133","1":"product","2":"type-product","3":"status-publish","4":"has-post-thumbnail","6":"product_brand-brandp_3009","7":"product_cat-electronique-television","8":"product_cat-informatique-electronique","9":"product_cat-televisions-et-smart-tv","10":"product_tag-tag_1304","12":"first","13":"instock","14":"taxable","15":"shipping-taxable","16":"purchasable","17":"product-type-simple"},"_links":{"self":[{"href":"https:\/\/bigbuy.tupique.com\/en\/wp-json\/wp\/v2\/product\/35133","targetHints":{"allow":["GET"]}}],"collection":[{"href":"https:\/\/bigbuy.tupique.com\/en\/wp-json\/wp\/v2\/product"}],"about":[{"href":"https:\/\/bigbuy.tupique.com\/en\/wp-json\/wp\/v2\/types\/product"}],"replies":[{"embeddable":true,"href":"https:\/\/bigbuy.tupique.com\/en\/wp-json\/wp\/v2\/comments?post=35133"}],"wp:featuredmedia":[{"embeddable":true,"href":"https:\/\/bigbuy.tupique.com\/en\/wp-json\/wp\/v2\/media\/35127"}],"wp:attachment":[{"href":"https:\/\/bigbuy.tupique.com\/en\/wp-json\/wp\/v2\/media?parent=35133"}],"wp:term":[{"taxonomy":"product_brand","embeddable":true,"href":"https:\/\/bigbuy.tupique.com\/en\/wp-json\/wp\/v2\/product_brand?post=35133"},{"taxonomy":"product_cat","embeddable":true,"href":"https:\/\/bigbuy.tupique.com\/en\/wp-json\/wp\/v2\/product_cat?post=35133"},{"taxonomy":"product_tag","embeddable":true,"href":"https:\/\/bigbuy.tupique.com\/en\/wp-json\/wp\/v2\/product_tag?post=35133"}],"curies":[{"name":"wp","href":"https:\/\/api.w.org\/{rel}","templated":true}]}}