{"id":35053,"date":"2026-03-30T06:30:31","date_gmt":"2026-03-30T05:30:31","guid":{"rendered":"https:\/\/bigbuy.tupique.com\/produto\/smartwatch-samsung-galaxy-watch8-44mm-lte-l335-silver-15-147-o-44-mm\/"},"modified":"2026-05-11T19:55:40","modified_gmt":"2026-05-11T17:55:40","slug":"smartwatch-samsung-galaxy-watch8-44mm-lte-l335-silver-15-147-o-44-mm","status":"publish","type":"product","link":"https:\/\/bigbuy.tupique.com\/en\/produto\/smartwatch-samsung-galaxy-watch8-44mm-lte-l335-silver-15-147-o-44-mm\/","title":{"rendered":"Montre intelligente Samsung Galaxy Watch8 44mm LTE L335 Argent\u00e9 1,5&#8243; 1,47&#8243; \u00d8 44 mm"},"content":{"rendered":"<p>Si vous \u00eates passionn\u00e9 d&#8217;<b>informatique et d&#8217;\u00e9lectronique<\/b>, si vous \u00eates \u00e0 la pointe de la technologie et qu&#8217;aucun d\u00e9tail ne vous \u00e9chappe, achetez <b>Montre intelligente Samsung Galaxy Watch8 44mm LTE L335 Argent\u00e9 1,5&#8243; 1,47&#8243; \u00d8 44 mm<\/b> au meilleur prix.<\/p>\n<p>La <b>Galaxy Watch 8<\/b> de Samsung est une <b>smartwatch<\/b> avanc\u00e9e qui associe un design \u00e9l\u00e9gant \u00e0 des fonctionnalit\u00e9s intelligentes pour vous accompagner au quotidien. Ce mod\u00e8le dispose d\u2019un <b>\u00e9cran tactile de 1,5 pouce<\/b> offrant une excellente visibilit\u00e9 des notifications, applications et donn\u00e9es de sant\u00e9, facilitant l\u2019acc\u00e8s rapide aux informations essentielles directement au poignet. Fabriqu\u00e9e en <b>aluminium<\/b> et <b>plastique<\/b>, elle allie robustesse et l\u00e9g\u00e8ret\u00e9 pour un port confortable tout au long de la journ\u00e9e. La finition <b>blanche<\/b> aux reflets argent\u00e9s apporte une touche moderne et polyvalente, convenant aussi bien aux styles formels qu\u2019informels. Parmi ses caract\u00e9ristiques techniques, on retrouve un <b>acc\u00e9l\u00e9rom\u00e8tre<\/b> pour le suivi des mouvements et des activit\u00e9s physiques, ainsi qu\u2019un <b>barom\u00e8tre<\/b> pour mesurer la pression atmosph\u00e9rique, fournissant des donn\u00e9es utiles pour le sport ou les activit\u00e9s en plein air. Elle int\u00e8gre \u00e9galement des <b>haut-parleurs int\u00e9gr\u00e9s<\/b> permettant de g\u00e9rer les appels ou d\u2019\u00e9couter de la musique sans avoir besoin du smartphone. Fid\u00e8le \u00e0 la gamme Galaxy Watch, cette montre connect\u00e9e est con\u00e7ue pour s\u2019int\u00e9grer \u00e0 l\u2019\u00e9cosyst\u00e8me Samsung, permettant la synchronisation des donn\u00e9es et la personnalisation de l\u2019exp\u00e9rience selon les besoins de l\u2019utilisateur. En r\u00e9sum\u00e9, la Galaxy Watch 8 offre une exp\u00e9rience technologique compl\u00e8te et pr\u00e9cise, ax\u00e9e sur le suivi de l\u2019activit\u00e9 physique, la gestion quotidienne et une connectivit\u00e9 avanc\u00e9e.<\/p>\n<ul>\n<li>Type de prise: Prise EU<\/li>\n<li>Type de montre: Montre intelligente<\/li>\n<li>Produit \u00e0 brancher: Oui<\/li>\n<li>Bloc d\u2019Alimentation: r\u00e9seau \u00e9lectrique<\/li>\n<li>Couleur:\n<ul>\n<li>Argent\u00e9<\/li>\n<li>Blanc<\/li>\n<\/ul>\n<\/li>\n<li>M\u00e9moire interne: 32 GB<\/li>\n<li>M\u00e9moire RAM: 2 GB RAM<\/li>\n<li>Ecran:\n<ul>\n<li>1,5&#8243;<\/li>\n<li>1,47&#8243;<\/li>\n<\/ul>\n<\/li>\n<li>Mati\u00e8re:\n<ul>\n<li>Aluminium<\/li>\n<li>Plastique<\/li>\n<\/ul>\n<\/li>\n<li>Caract\u00e9ristiques:\n<ul>\n<li>Acc\u00e9l\u00e9rom\u00e8tre<\/li>\n<li>Haut-parleurs int\u00e9gr\u00e9s<\/li>\n<li>Barom\u00e8tre<\/li>\n<li>Ecran tactile<\/li>\n<li>Gyroscope<\/li>\n<li>Microphone int\u00e9gr\u00e9<\/li>\n<li>Capteur optique<\/li>\n<li>Moniteur de Sommeil<\/li>\n<li>5 atm<\/li>\n<li>Connexion au r\u00e9seau mobile<\/li>\n<li>Capteur g\u00e9omagn\u00e9tique<\/li>\n<\/ul>\n<\/li>\n<li>Fonctions:\n<ul>\n<li>\u00c9cran couleur<\/li>\n<li>Moniteur de Sommeil<\/li>\n<li>Moniteur de fr\u00e9quence cardiaque<\/li>\n<\/ul>\n<\/li>\n<li>Type de batterie: Int\u00e9gr\u00e9e<\/li>\n<li>Connectivit\u00e9:\n<ul>\n<li>Bluetooth<\/li>\n<li>Wi-Fi<\/li>\n<li>GPS<\/li>\n<li>NFC<\/li>\n<li>Glonass<\/li>\n<li>BeiDou<\/li>\n<li>Galileo<\/li>\n<li>Bluetooth 5.3<\/li>\n<\/ul>\n<\/li>\n<li>Langue: Espagnol<\/li>\n<li>Forme: Rond<\/li>\n<li>Classification IP: IP68<\/li>\n<li>Type de fermeture: Boucle<\/li>\n<li>Technologie: AMOLED<\/li>\n<li>Chargeur sans fil: Oui<\/li>\n<li>Diam\u00e8tre du bo\u00eetier de la montre: \u00d8 44 mm<\/li>\n<\/ul>","protected":false},"excerpt":{"rendered":"<p>Si vous \u00eates passionn\u00e9 d&#8217;informatique et d&#8217;\u00e9lectronique, si vous \u00eates \u00e0 la pointe de la technologie et qu&#8217;aucun d\u00e9tail ne vous \u00e9chappe, achetez Montre intelligente Samsung Galaxy Watch8 44mm LTE L335 Argent\u00e9 1,5&#8243; 1,47&#8243; \u00d8 44 mm au meilleur prix. La Galaxy Watch 8 de Samsung est une smartwatch avanc\u00e9e qui associe un design \u00e9l\u00e9gant [&hellip;]<\/p>\n","protected":false},"featured_media":55006,"comment_status":"open","ping_status":"closed","template":"","meta":[],"product_brand":[183],"product_cat":[575,65,748],"product_tag":[103,566,106],"class_list":{"0":"post-35053","1":"product","2":"type-product","3":"status-publish","4":"has-post-thumbnail","6":"product_brand-brandp_576","7":"product_cat-electronique-telephonie-et-tablettes","8":"product_cat-informatique-electronique","9":"product_cat-smartwatches","10":"product_tag-tag_1261","11":"product_tag-tag_547","12":"product_tag-tag_1295","14":"first","15":"instock","16":"taxable","17":"shipping-taxable","18":"purchasable","19":"product-type-simple"},"_links":{"self":[{"href":"https:\/\/bigbuy.tupique.com\/en\/wp-json\/wp\/v2\/product\/35053","targetHints":{"allow":["GET"]}}],"collection":[{"href":"https:\/\/bigbuy.tupique.com\/en\/wp-json\/wp\/v2\/product"}],"about":[{"href":"https:\/\/bigbuy.tupique.com\/en\/wp-json\/wp\/v2\/types\/product"}],"replies":[{"embeddable":true,"href":"https:\/\/bigbuy.tupique.com\/en\/wp-json\/wp\/v2\/comments?post=35053"}],"wp:featuredmedia":[{"embeddable":true,"href":"https:\/\/bigbuy.tupique.com\/en\/wp-json\/wp\/v2\/media\/55006"}],"wp:attachment":[{"href":"https:\/\/bigbuy.tupique.com\/en\/wp-json\/wp\/v2\/media?parent=35053"}],"wp:term":[{"taxonomy":"product_brand","embeddable":true,"href":"https:\/\/bigbuy.tupique.com\/en\/wp-json\/wp\/v2\/product_brand?post=35053"},{"taxonomy":"product_cat","embeddable":true,"href":"https:\/\/bigbuy.tupique.com\/en\/wp-json\/wp\/v2\/product_cat?post=35053"},{"taxonomy":"product_tag","embeddable":true,"href":"https:\/\/bigbuy.tupique.com\/en\/wp-json\/wp\/v2\/product_tag?post=35053"}],"curies":[{"name":"wp","href":"https:\/\/api.w.org\/{rel}","templated":true}]}}